{"id":1169,"date":"2018-10-23T21:31:29","date_gmt":"2018-10-23T21:31:29","guid":{"rendered":"https:\/\/demo01.gethomey.io\/?page_id=1169"},"modified":"2025-08-20T11:28:10","modified_gmt":"2025-08-20T09:28:10","slug":"partners-module","status":"publish","type":"page","link":"https:\/\/thehomecake.com\/es\/partners-module\/","title":{"rendered":"Partners Module"},"content":{"rendered":"\t\t<div data-elementor-type=\"wp-page\" data-elementor-id=\"1169\" class=\"elementor elementor-1169\" data-elementor-post-type=\"page\">\n\t\t\t\t\t\t<section class=\"elementor-section elementor-top-section elementor-element elementor-element-22938ec9 elementor-section-boxed elementor-section-height-default elementor-section-height-default elementor-invisible\" data-id=\"22938ec9\" data-element_type=\"section\" data-e-type=\"section\" data-settings=\"{&quot;animation&quot;:&quot;fadeIn&quot;}\">\n\t\t\t\t\t\t<div class=\"elementor-container elementor-column-gap-default\">\n\t\t\t\t\t<div class=\"elementor-column elementor-col-100 elementor-top-column elementor-element elementor-element-4fd0010e\" data-id=\"4fd0010e\" data-element_type=\"column\" data-e-type=\"column\">\n\t\t\t<div class=\"elementor-widget-wrap elementor-element-populated\">\n\t\t\t\t\t\t<div class=\"elementor-element elementor-element-1a46b0bc elementor-widget elementor-widget-spacer\" data-id=\"1a46b0bc\" data-element_type=\"widget\" data-e-type=\"widget\" data-widget_type=\"spacer.default\">\n\t\t\t\t\t\t\t<div class=\"elementor-spacer\">\n\t\t\t<div class=\"elementor-spacer-inner\"><\/div>\n\t\t<\/div>\n\t\t\t\t\t\t<\/div>\n\t\t\t\t<div class=\"elementor-element elementor-element-4b1f82f4 elementor-widget elementor-widget-heading\" data-id=\"4b1f82f4\" data-element_type=\"widget\" data-e-type=\"widget\" data-widget_type=\"heading.default\">\n\t\t\t\t\t<h1 class=\"elementor-heading-title elementor-size-large\">The Partners Module<\/h1>\t\t\t\t<\/div>\n\t\t\t\t<div class=\"elementor-element elementor-element-5e032b5c elementor-widget elementor-widget-text-editor\" data-id=\"5e032b5c\" data-element_type=\"widget\" data-e-type=\"widget\" data-widget_type=\"text-editor.default\">\n\t\t\t\t\t\t\t\t\t<div class=\"wpb_text_column wpb_content_element \"><div class=\"wpb_wrapper\"><p>This page displays the Partners module. This custom Elementor Page Builder widget helps you to display your partner logos on a nice carousel style. The module provides options to manage the page content.<\/p><\/div><\/div><div class=\"vc_separator wpb_content_element vc_separator_align_center vc_sep_width_100 vc_sep_dotted vc_sep_pos_align_center vc_separator_no_text\">\u00a0<\/div>\t\t\t\t\t\t\t\t<\/div>\n\t\t\t\t\t<\/div>\n\t\t<\/div>\n\t\t\t\t\t<\/div>\n\t\t<\/section>\n\t\t\t\t<section class=\"elementor-section elementor-top-section elementor-element elementor-element-60942f29 elementor-section-boxed elementor-section-height-default elementor-section-height-default elementor-invisible\" data-id=\"60942f29\" data-element_type=\"section\" data-e-type=\"section\" data-settings=\"{&quot;animation&quot;:&quot;fadeIn&quot;}\">\n\t\t\t\t\t\t<div class=\"elementor-container elementor-column-gap-default\">\n\t\t\t\t\t<div class=\"elementor-column elementor-col-100 elementor-top-column elementor-element elementor-element-3720ec08\" data-id=\"3720ec08\" data-element_type=\"column\" data-e-type=\"column\">\n\t\t\t<div class=\"elementor-widget-wrap elementor-element-populated\">\n\t\t\t\t\t\t<div class=\"elementor-element elementor-element-2ff92a4a elementor-widget-divider--view-line elementor-widget elementor-widget-divider\" data-id=\"2ff92a4a\" data-element_type=\"widget\" data-e-type=\"widget\" data-widget_type=\"divider.default\">\n\t\t\t\t\t\t\t<div class=\"elementor-divider\">\n\t\t\t<span class=\"elementor-divider-separator\">\n\t\t\t\t\t\t<\/span>\n\t\t<\/div>\n\t\t\t\t\t\t<\/div>\n\t\t\t\t<div class=\"elementor-element elementor-element-3183ca17 elementor-widget elementor-widget-homey_elementor_section_title\" data-id=\"3183ca17\" data-element_type=\"widget\" data-e-type=\"widget\" data-widget_type=\"homey_elementor_section_title.default\">\n\t\t\t\t<div class=\"elementor-widget-container\">\n\t\t\t\t\t            <div class=\"homey_section_title_wrap_elementor homey-module module-title section-title-module\">\n                                    <h2 class=\"homey_section_title\">Carousel<\/h2>\n                \n                                    <p class=\"homey_section_subtitle sub-heading\">Partners Module<\/p>\n                            <\/div>\n            \t\t\t\t<\/div>\n\t\t\t\t<\/div>\n\t\t\t\t<div class=\"elementor-element elementor-element-23906d4 elementor-widget elementor-widget-homey_elementor_partners\" data-id=\"23906d4\" data-element_type=\"widget\" data-e-type=\"widget\" data-widget_type=\"homey_elementor_partners.default\">\n\t\t\t\t<div class=\"elementor-widget-container\">\n\t\t\t\t\t        <script>\n            jQuery(document).ready(function ($) {\n\n                var sliderdiv = $('.partners-slider');\n\n                sliderdiv.slick({\n                    rtl: false,\n                    lazyLoad: 'ondemand',\n                    infinite: true,\n                    speed: 300,\n                    slidesToShow: 4,\n                    arrows: true,\n                    adaptiveHeight: true,\n                    dots: true,\n                    appendArrows: '.partners-module-slider',\n                    prevArrow: '<button type=\"button\" class=\"slick-prev\">Prev<\/button>',\n                    nextArrow: '<button type=\"button\" class=\"slick-next\">Next<\/button>',\n                    responsive: [\n                    {\n                        breakpoint: 992,\n                        settings: {\n                            slidesToShow: 3,\n                            slidesToScroll: 3\n                        }\n                    },\n                    {\n                        breakpoint: 769,\n                        settings: {\n                            slidesToShow: 2,\n                            slidesToScroll: 2\n                        }\n                    }]\n                });\n            });\n        <\/script>\n\n        <div class=\"module-wrap partners-module partners-module-slider\">\n            <div class=\"partners-slider-wrap\">\n                <div class=\"row\">\n                    <div class=\"partners-slider\">\n\n                                                    <div class=\"partner-item text-center\">\n                                <div class=\"partner-thumb\">\n                                    <a target=\"_blank\" href=\"https:\/\/homeywp.com\">\n                                        <img data-opt-id=73375505  fetchpriority=\"high\" decoding=\"async\" width=\"285\" height=\"160\" src=\"https:\/\/mlanqvojypo1.i.optimole.com\/w:auto\/h:auto\/q:mauto\/f:best\/https:\/\/thehomecake.com\/wp-content\/uploads\/2018\/10\/logo-1.jpg\" class=\"img-responsive wp-post-image\" alt=\"\" srcset=\"https:\/\/mlanqvojypo1.i.optimole.com\/w:285\/h:160\/q:mauto\/f:best\/https:\/\/thehomecake.com\/wp-content\/uploads\/2018\/10\/logo-1.jpg 285w, https:\/\/mlanqvojypo1.i.optimole.com\/w:18\/h:10\/q:mauto\/f:best\/dpr:2\/https:\/\/thehomecake.com\/wp-content\/uploads\/2018\/10\/logo-1.jpg 18w\" sizes=\"(max-width: 285px) 100vw, 285px\" \/>                                    <\/a>\n                                <\/div>\n                            <\/div>\n                                                    <div class=\"partner-item text-center\">\n                                <div class=\"partner-thumb\">\n                                    <a target=\"_blank\" href=\"https:\/\/homeywp.com\">\n                                        <img data-opt-id=2137230371  fetchpriority=\"high\" decoding=\"async\" width=\"285\" height=\"160\" src=\"https:\/\/mlanqvojypo1.i.optimole.com\/w:auto\/h:auto\/q:mauto\/f:best\/https:\/\/thehomecake.com\/wp-content\/uploads\/2018\/10\/logo-6.jpg\" class=\"img-responsive wp-post-image\" alt=\"\" srcset=\"https:\/\/mlanqvojypo1.i.optimole.com\/w:285\/h:160\/q:mauto\/f:best\/https:\/\/thehomecake.com\/wp-content\/uploads\/2018\/10\/logo-6.jpg 285w, https:\/\/mlanqvojypo1.i.optimole.com\/w:18\/h:10\/q:mauto\/f:best\/dpr:2\/https:\/\/thehomecake.com\/wp-content\/uploads\/2018\/10\/logo-6.jpg 18w\" sizes=\"(max-width: 285px) 100vw, 285px\" \/>                                    <\/a>\n                                <\/div>\n                            <\/div>\n                                                    <div class=\"partner-item text-center\">\n                                <div class=\"partner-thumb\">\n                                    <a target=\"_blank\" href=\"https:\/\/homeywp.com\">\n                                        <img data-opt-id=489737138  data-opt-src=\"https:\/\/mlanqvojypo1.i.optimole.com\/w:auto\/h:auto\/q:mauto\/f:best\/https:\/\/thehomecake.com\/wp-content\/uploads\/2018\/10\/logo-2.jpg\"  decoding=\"async\" width=\"285\" height=\"160\" src=\"https:\/\/mlanqvojypo1.i.optimole.com\/w:auto\/h:auto\/q:eco\/f:best\/https:\/\/thehomecake.com\/wp-content\/uploads\/2018\/10\/logo-2.jpg\" class=\"img-responsive wp-post-image\" alt=\"\" old-srcset=\"https:\/\/mlanqvojypo1.i.optimole.com\/w:285\/h:160\/q:mauto\/f:best\/https:\/\/thehomecake.com\/wp-content\/uploads\/2018\/10\/logo-2.jpg 285w, https:\/\/mlanqvojypo1.i.optimole.com\/w:18\/h:10\/q:mauto\/f:best\/dpr:2\/https:\/\/thehomecake.com\/wp-content\/uploads\/2018\/10\/logo-2.jpg 18w\" \/>                                    <\/a>\n                                <\/div>\n                            <\/div>\n                                                    <div class=\"partner-item text-center\">\n                                <div class=\"partner-thumb\">\n                                    <a target=\"_blank\" href=\"https:\/\/homeywp.com\">\n                                        <img data-opt-id=1984470837  data-opt-src=\"https:\/\/mlanqvojypo1.i.optimole.com\/w:auto\/h:auto\/q:mauto\/f:best\/https:\/\/thehomecake.com\/wp-content\/uploads\/2018\/10\/logo-3.jpg\"  loading=\"lazy\" decoding=\"async\" width=\"285\" height=\"160\" src=\"https:\/\/mlanqvojypo1.i.optimole.com\/w:auto\/h:auto\/q:eco\/f:best\/https:\/\/thehomecake.com\/wp-content\/uploads\/2018\/10\/logo-3.jpg\" class=\"img-responsive wp-post-image\" alt=\"\" old-srcset=\"https:\/\/mlanqvojypo1.i.optimole.com\/w:285\/h:160\/q:mauto\/f:best\/https:\/\/thehomecake.com\/wp-content\/uploads\/2018\/10\/logo-3.jpg 285w, https:\/\/mlanqvojypo1.i.optimole.com\/w:18\/h:10\/q:mauto\/f:best\/dpr:2\/https:\/\/thehomecake.com\/wp-content\/uploads\/2018\/10\/logo-3.jpg 18w\" \/>                                    <\/a>\n                                <\/div>\n                            <\/div>\n                                                    <div class=\"partner-item text-center\">\n                                <div class=\"partner-thumb\">\n                                    <a target=\"_blank\" href=\"https:\/\/homeywp.com\">\n                                        <img data-opt-id=2060737803  data-opt-src=\"https:\/\/mlanqvojypo1.i.optimole.com\/w:auto\/h:auto\/q:mauto\/f:best\/https:\/\/thehomecake.com\/wp-content\/uploads\/2018\/10\/logo-4.jpg\"  loading=\"lazy\" decoding=\"async\" width=\"285\" height=\"160\" src=\"https:\/\/mlanqvojypo1.i.optimole.com\/w:auto\/h:auto\/q:eco\/f:best\/https:\/\/thehomecake.com\/wp-content\/uploads\/2018\/10\/logo-4.jpg\" class=\"img-responsive wp-post-image\" alt=\"\" old-srcset=\"https:\/\/mlanqvojypo1.i.optimole.com\/w:285\/h:160\/q:mauto\/f:best\/https:\/\/thehomecake.com\/wp-content\/uploads\/2018\/10\/logo-4.jpg 285w, https:\/\/mlanqvojypo1.i.optimole.com\/w:18\/h:10\/q:mauto\/f:best\/dpr:2\/https:\/\/thehomecake.com\/wp-content\/uploads\/2018\/10\/logo-4.jpg 18w\" \/>                                    <\/a>\n                                <\/div>\n                            <\/div>\n                                                    <div class=\"partner-item text-center\">\n                                <div class=\"partner-thumb\">\n                                    <a target=\"_blank\" href=\"https:\/\/homeywp.com\">\n                                        <img data-opt-id=1362841391  data-opt-src=\"https:\/\/mlanqvojypo1.i.optimole.com\/w:auto\/h:auto\/q:mauto\/f:best\/https:\/\/thehomecake.com\/wp-content\/uploads\/2018\/10\/logo-5.jpg\"  loading=\"lazy\" decoding=\"async\" width=\"285\" height=\"160\" src=\"https:\/\/mlanqvojypo1.i.optimole.com\/w:auto\/h:auto\/q:eco\/f:best\/https:\/\/thehomecake.com\/wp-content\/uploads\/2018\/10\/logo-5.jpg\" class=\"img-responsive wp-post-image\" alt=\"\" old-srcset=\"https:\/\/mlanqvojypo1.i.optimole.com\/w:285\/h:160\/q:mauto\/f:best\/https:\/\/thehomecake.com\/wp-content\/uploads\/2018\/10\/logo-5.jpg 285w, https:\/\/mlanqvojypo1.i.optimole.com\/w:18\/h:10\/q:mauto\/f:best\/dpr:2\/https:\/\/thehomecake.com\/wp-content\/uploads\/2018\/10\/logo-5.jpg 18w\" \/>                                    <\/a>\n                                <\/div>\n                            <\/div>\n                                                \n                    <\/div>\n                <\/div>\n            <\/div>\n        <\/div>\n\n        \t\t\t\t<\/div>\n\t\t\t\t<\/div>\n\t\t\t\t\t<\/div>\n\t\t<\/div>\n\t\t\t\t\t<\/div>\n\t\t<\/section>\n\t\t\t\t<\/div>\n\t\t","protected":false},"excerpt":{"rendered":"<p>The Partners Module This page displays the Partners module. This custom Elementor Page Builder widget helps you to display your partner logos on a nice carousel style. The module provides options to manage the page content. \u00a0 Carousel Partners Module<\/p>","protected":false},"author":92,"featured_media":0,"parent":0,"menu_order":0,"comment_status":"closed","ping_status":"closed","template":"elementor_header_footer","meta":{"_acf_changed":false,"footnotes":""},"class_list":["post-1169","page","type-page","status-publish","hentry"],"acf":[],"yoast_head":"<!-- This site is optimized with the Yoast SEO Premium plugin v26.9 (Yoast SEO v27.0) - https:\/\/yoast.com\/product\/yoast-seo-premium-wordpress\/ -->\n<title>Partners Module | The Home Cake<\/title>\n<meta name=\"robots\" content=\"index, follow, max-snippet:-1, max-image-preview:large, max-video-preview:-1\" \/>\n<link rel=\"canonical\" href=\"https:\/\/thehomecake.com\/es\/partners-module\/\" \/>\n<meta property=\"og:locale\" content=\"es_ES\" \/>\n<meta property=\"og:type\" content=\"article\" \/>\n<meta property=\"og:title\" content=\"Partners Module\" \/>\n<meta property=\"og:description\" content=\"The Partners Module This page displays the Partners module. This custom Elementor Page Builder widget helps you to display your partner logos on a nice carousel style. The module provides options to manage the page content. \u00a0 Carousel Partners Module\" \/>\n<meta property=\"og:url\" content=\"https:\/\/thehomecake.com\/es\/partners-module\/\" \/>\n<meta property=\"og:site_name\" content=\"The Home Cake\" \/>\n<meta property=\"article:modified_time\" content=\"2025-08-20T09:28:10+00:00\" \/>\n<meta property=\"og:image\" content=\"https:\/\/mlanqvojypo1.i.optimole.com\/w:auto\/h:auto\/q:mauto\/f:best\/https:\/\/thehomecake.com\/wp-content\/uploads\/2018\/10\/logo-1.jpg\" \/>\n<meta name=\"twitter:card\" content=\"summary_large_image\" \/>\n<script type=\"application\/ld+json\" class=\"yoast-schema-graph\">{\"@context\":\"https:\/\/schema.org\",\"@graph\":[{\"@type\":\"WebPage\",\"@id\":\"https:\/\/thehomecake.com\/partners-module\/\",\"url\":\"https:\/\/thehomecake.com\/partners-module\/\",\"name\":\"Partners Module | The Home Cake\",\"isPartOf\":{\"@id\":\"https:\/\/thehomecake.com\/#website\"},\"primaryImageOfPage\":{\"@id\":\"https:\/\/thehomecake.com\/partners-module\/#primaryimage\"},\"image\":{\"@id\":\"https:\/\/thehomecake.com\/partners-module\/#primaryimage\"},\"thumbnailUrl\":\"https:\/\/mlanqvojypo1.i.optimole.com\/w:auto\/h:auto\/q:mauto\/f:best\/https:\/\/thehomecake.com\/wp-content\/uploads\/2018\/10\/logo-1.jpg\",\"datePublished\":\"2018-10-23T21:31:29+00:00\",\"dateModified\":\"2025-08-20T09:28:10+00:00\",\"breadcrumb\":{\"@id\":\"https:\/\/thehomecake.com\/partners-module\/#breadcrumb\"},\"inLanguage\":\"es\",\"potentialAction\":[{\"@type\":\"ReadAction\",\"target\":[\"https:\/\/thehomecake.com\/partners-module\/\"]}]},{\"@type\":\"ImageObject\",\"inLanguage\":\"es\",\"@id\":\"https:\/\/thehomecake.com\/partners-module\/#primaryimage\",\"url\":\"https:\/\/mlanqvojypo1.i.optimole.com\/w:auto\/h:auto\/q:mauto\/f:best\/https:\/\/thehomecake.com\/wp-content\/uploads\/2018\/10\/logo-1.jpg\",\"contentUrl\":\"https:\/\/mlanqvojypo1.i.optimole.com\/w:auto\/h:auto\/q:mauto\/f:best\/https:\/\/thehomecake.com\/wp-content\/uploads\/2018\/10\/logo-1.jpg\"},{\"@type\":\"BreadcrumbList\",\"@id\":\"https:\/\/thehomecake.com\/partners-module\/#breadcrumb\",\"itemListElement\":[{\"@type\":\"ListItem\",\"position\":1,\"name\":\"Portada\",\"item\":\"https:\/\/thehomecake.com\/\"},{\"@type\":\"ListItem\",\"position\":2,\"name\":\"Partners Module\"}]},{\"@type\":\"WebSite\",\"@id\":\"https:\/\/thehomecake.com\/#website\",\"url\":\"https:\/\/thehomecake.com\/\",\"name\":\"The Home Cake\",\"description\":\"Menos algoritmos. M\u00e1s sentido com\u00fan. No era tan dif\u00edcil.\",\"publisher\":{\"@id\":\"https:\/\/thehomecake.com\/#organization\"},\"potentialAction\":[{\"@type\":\"SearchAction\",\"target\":{\"@type\":\"EntryPoint\",\"urlTemplate\":\"https:\/\/thehomecake.com\/?s={search_term_string}\"},\"query-input\":{\"@type\":\"PropertyValueSpecification\",\"valueRequired\":true,\"valueName\":\"search_term_string\"}}],\"inLanguage\":\"es\"},{\"@type\":\"Organization\",\"@id\":\"https:\/\/thehomecake.com\/#organization\",\"name\":\"The Home Cake\",\"url\":\"https:\/\/thehomecake.com\/\",\"logo\":{\"@type\":\"ImageObject\",\"inLanguage\":\"es\",\"@id\":\"https:\/\/thehomecake.com\/#\/schema\/logo\/image\/\",\"url\":\"https:\/\/mlanqvojypo1.i.optimole.com\/w:1920\/h:525\/q:mauto\/f:best\/https:\/\/thehomecake.com\/wp-content\/uploads\/2025\/08\/LOGO_HORIZONTAL_BLANCO-scaled.png\",\"contentUrl\":\"https:\/\/mlanqvojypo1.i.optimole.com\/w:1920\/h:525\/q:mauto\/f:best\/https:\/\/thehomecake.com\/wp-content\/uploads\/2025\/08\/LOGO_HORIZONTAL_BLANCO-scaled.png\",\"width\":2560,\"height\":701,\"caption\":\"The Home Cake\"},\"image\":{\"@id\":\"https:\/\/thehomecake.com\/#\/schema\/logo\/image\/\"}}]}<\/script>\n<!-- \/ Yoast SEO Premium plugin. -->","yoast_head_json":{"title":"Partners Module | The Home Cake","robots":{"index":"index","follow":"follow","max-snippet":"max-snippet:-1","max-image-preview":"max-image-preview:large","max-video-preview":"max-video-preview:-1"},"canonical":"https:\/\/thehomecake.com\/es\/partners-module\/","og_locale":"es_ES","og_type":"article","og_title":"Partners Module","og_description":"The Partners Module This page displays the Partners module. This custom Elementor Page Builder widget helps you to display your partner logos on a nice carousel style. The module provides options to manage the page content. \u00a0 Carousel Partners Module","og_url":"https:\/\/thehomecake.com\/es\/partners-module\/","og_site_name":"The Home Cake","article_modified_time":"2025-08-20T09:28:10+00:00","og_image":[{"url":"https:\/\/mlanqvojypo1.i.optimole.com\/w:auto\/h:auto\/q:mauto\/f:best\/https:\/\/thehomecake.com\/wp-content\/uploads\/2018\/10\/logo-1.jpg","type":"","width":"","height":""}],"twitter_card":"summary_large_image","schema":{"@context":"https:\/\/schema.org","@graph":[{"@type":"WebPage","@id":"https:\/\/thehomecake.com\/partners-module\/","url":"https:\/\/thehomecake.com\/partners-module\/","name":"Partners Module | The Home Cake","isPartOf":{"@id":"https:\/\/thehomecake.com\/#website"},"primaryImageOfPage":{"@id":"https:\/\/thehomecake.com\/partners-module\/#primaryimage"},"image":{"@id":"https:\/\/thehomecake.com\/partners-module\/#primaryimage"},"thumbnailUrl":"https:\/\/mlanqvojypo1.i.optimole.com\/w:auto\/h:auto\/q:mauto\/f:best\/https:\/\/thehomecake.com\/wp-content\/uploads\/2018\/10\/logo-1.jpg","datePublished":"2018-10-23T21:31:29+00:00","dateModified":"2025-08-20T09:28:10+00:00","breadcrumb":{"@id":"https:\/\/thehomecake.com\/partners-module\/#breadcrumb"},"inLanguage":"es","potentialAction":[{"@type":"ReadAction","target":["https:\/\/thehomecake.com\/partners-module\/"]}]},{"@type":"ImageObject","inLanguage":"es","@id":"https:\/\/thehomecake.com\/partners-module\/#primaryimage","url":"https:\/\/mlanqvojypo1.i.optimole.com\/w:auto\/h:auto\/q:mauto\/f:best\/https:\/\/thehomecake.com\/wp-content\/uploads\/2018\/10\/logo-1.jpg","contentUrl":"https:\/\/mlanqvojypo1.i.optimole.com\/w:auto\/h:auto\/q:mauto\/f:best\/https:\/\/thehomecake.com\/wp-content\/uploads\/2018\/10\/logo-1.jpg"},{"@type":"BreadcrumbList","@id":"https:\/\/thehomecake.com\/partners-module\/#breadcrumb","itemListElement":[{"@type":"ListItem","position":1,"name":"Portada","item":"https:\/\/thehomecake.com\/"},{"@type":"ListItem","position":2,"name":"Partners Module"}]},{"@type":"WebSite","@id":"https:\/\/thehomecake.com\/#website","url":"https:\/\/thehomecake.com\/","name":"The Home Cake","description":"Menos algoritmos. M\u00e1s sentido com\u00fan. No era tan dif\u00edcil.","publisher":{"@id":"https:\/\/thehomecake.com\/#organization"},"potentialAction":[{"@type":"SearchAction","target":{"@type":"EntryPoint","urlTemplate":"https:\/\/thehomecake.com\/?s={search_term_string}"},"query-input":{"@type":"PropertyValueSpecification","valueRequired":true,"valueName":"search_term_string"}}],"inLanguage":"es"},{"@type":"Organization","@id":"https:\/\/thehomecake.com\/#organization","name":"The Home Cake","url":"https:\/\/thehomecake.com\/","logo":{"@type":"ImageObject","inLanguage":"es","@id":"https:\/\/thehomecake.com\/#\/schema\/logo\/image\/","url":"https:\/\/mlanqvojypo1.i.optimole.com\/w:1920\/h:525\/q:mauto\/f:best\/https:\/\/thehomecake.com\/wp-content\/uploads\/2025\/08\/LOGO_HORIZONTAL_BLANCO-scaled.png","contentUrl":"https:\/\/mlanqvojypo1.i.optimole.com\/w:1920\/h:525\/q:mauto\/f:best\/https:\/\/thehomecake.com\/wp-content\/uploads\/2025\/08\/LOGO_HORIZONTAL_BLANCO-scaled.png","width":2560,"height":701,"caption":"The Home Cake"},"image":{"@id":"https:\/\/thehomecake.com\/#\/schema\/logo\/image\/"}}]}},"_links":{"self":[{"href":"https:\/\/thehomecake.com\/es\/wp-json\/wp\/v2\/pages\/1169","targetHints":{"allow":["GET"]}}],"collection":[{"href":"https:\/\/thehomecake.com\/es\/wp-json\/wp\/v2\/pages"}],"about":[{"href":"https:\/\/thehomecake.com\/es\/wp-json\/wp\/v2\/types\/page"}],"author":[{"embeddable":true,"href":"https:\/\/thehomecake.com\/es\/wp-json\/wp\/v2\/users\/92"}],"replies":[{"embeddable":true,"href":"https:\/\/thehomecake.com\/es\/wp-json\/wp\/v2\/comments?post=1169"}],"version-history":[{"count":2,"href":"https:\/\/thehomecake.com\/es\/wp-json\/wp\/v2\/pages\/1169\/revisions"}],"predecessor-version":[{"id":5055,"href":"https:\/\/thehomecake.com\/es\/wp-json\/wp\/v2\/pages\/1169\/revisions\/5055"}],"wp:attachment":[{"href":"https:\/\/thehomecake.com\/es\/wp-json\/wp\/v2\/media?parent=1169"}],"curies":[{"name":"wp","href":"https:\/\/api.w.org\/{rel}","templated":true}]}}