{"id":1811,"date":"2018-12-28T17:57:38","date_gmt":"2018-12-28T17:57:38","guid":{"rendered":"https:\/\/demo01.gethomey.io\/?page_id=1811"},"modified":"2025-08-20T11:28:10","modified_gmt":"2025-08-20T09:28:10","slug":"resultados-de-la-busqueda","status":"publish","type":"page","link":"https:\/\/thehomecake.com\/es\/search-results\/","title":{"rendered":"Resultados de la b\u00fasqueda"},"content":{"rendered":"","protected":false},"excerpt":{"rendered":"","protected":false},"author":92,"featured_media":0,"parent":0,"menu_order":0,"comment_status":"closed","ping_status":"closed","template":"template\/template-search.php","meta":{"_acf_changed":false,"footnotes":""},"class_list":["post-1811","page","type-page","status-publish","hentry"],"acf":[],"yoast_head":"<!-- This site is optimized with the Yoast SEO Premium plugin v26.9 (Yoast SEO v27.0) - https:\/\/yoast.com\/product\/yoast-seo-premium-wordpress\/ -->\n<title>Search Results | The Home Cake<\/title>\n<meta name=\"robots\" content=\"index, follow, max-snippet:-1, max-image-preview:large, max-video-preview:-1\" \/>\n<link rel=\"canonical\" href=\"https:\/\/thehomecake.com\/es\/resultados-de-la-busqueda\/\" \/>\n<meta property=\"og:locale\" content=\"es_ES\" \/>\n<meta property=\"og:type\" content=\"article\" \/>\n<meta property=\"og:title\" content=\"Search Results\" \/>\n<meta property=\"og:url\" content=\"https:\/\/thehomecake.com\/es\/resultados-de-la-busqueda\/\" \/>\n<meta property=\"og:site_name\" content=\"The Home Cake\" \/>\n<meta property=\"article:modified_time\" content=\"2025-08-20T09:28:10+00:00\" \/>\n<meta property=\"og:image\" content=\"https:\/\/mlanqvojypo1.i.optimole.com\/w:auto\/h:auto\/q:mauto\/f:best\/https:\/\/thehomecake.com\/wp-content\/uploads\/2025\/08\/LOGO_HORIZONTAL_BLANCO-scaled.png\" \/>\n\t<meta property=\"og:image:width\" content=\"2560\" \/>\n\t<meta property=\"og:image:height\" content=\"701\" \/>\n\t<meta property=\"og:image:type\" content=\"image\/png\" \/>\n<meta name=\"twitter:card\" content=\"summary_large_image\" \/>\n<script type=\"application\/ld+json\" class=\"yoast-schema-graph\">{\"@context\":\"https:\/\/schema.org\",\"@graph\":[{\"@type\":\"WebPage\",\"@id\":\"https:\/\/thehomecake.com\/search-results\/\",\"url\":\"https:\/\/thehomecake.com\/search-results\/\",\"name\":\"Search Results | The Home Cake\",\"isPartOf\":{\"@id\":\"https:\/\/thehomecake.com\/#website\"},\"datePublished\":\"2018-12-28T17:57:38+00:00\",\"dateModified\":\"2025-08-20T09:28:10+00:00\",\"breadcrumb\":{\"@id\":\"https:\/\/thehomecake.com\/search-results\/#breadcrumb\"},\"inLanguage\":\"es\",\"potentialAction\":[{\"@type\":\"ReadAction\",\"target\":[\"https:\/\/thehomecake.com\/search-results\/\"]}]},{\"@type\":\"BreadcrumbList\",\"@id\":\"https:\/\/thehomecake.com\/search-results\/#breadcrumb\",\"itemListElement\":[{\"@type\":\"ListItem\",\"position\":1,\"name\":\"Portada\",\"item\":\"https:\/\/thehomecake.com\/\"},{\"@type\":\"ListItem\",\"position\":2,\"name\":\"Search Results\"}]},{\"@type\":\"WebSite\",\"@id\":\"https:\/\/thehomecake.com\/#website\",\"url\":\"https:\/\/thehomecake.com\/\",\"name\":\"The Home Cake\",\"description\":\"Menos algoritmos. M\u00e1s sentido com\u00fan. No era tan dif\u00edcil.\",\"publisher\":{\"@id\":\"https:\/\/thehomecake.com\/#organization\"},\"potentialAction\":[{\"@type\":\"SearchAction\",\"target\":{\"@type\":\"EntryPoint\",\"urlTemplate\":\"https:\/\/thehomecake.com\/?s={search_term_string}\"},\"query-input\":{\"@type\":\"PropertyValueSpecification\",\"valueRequired\":true,\"valueName\":\"search_term_string\"}}],\"inLanguage\":\"es\"},{\"@type\":\"Organization\",\"@id\":\"https:\/\/thehomecake.com\/#organization\",\"name\":\"The Home Cake\",\"url\":\"https:\/\/thehomecake.com\/\",\"logo\":{\"@type\":\"ImageObject\",\"inLanguage\":\"es\",\"@id\":\"https:\/\/thehomecake.com\/#\/schema\/logo\/image\/\",\"url\":\"https:\/\/mlanqvojypo1.i.optimole.com\/w:1920\/h:525\/q:mauto\/f:best\/https:\/\/thehomecake.com\/wp-content\/uploads\/2025\/08\/LOGO_HORIZONTAL_BLANCO-scaled.png\",\"contentUrl\":\"https:\/\/mlanqvojypo1.i.optimole.com\/w:1920\/h:525\/q:mauto\/f:best\/https:\/\/thehomecake.com\/wp-content\/uploads\/2025\/08\/LOGO_HORIZONTAL_BLANCO-scaled.png\",\"width\":2560,\"height\":701,\"caption\":\"The Home Cake\"},\"image\":{\"@id\":\"https:\/\/thehomecake.com\/#\/schema\/logo\/image\/\"}}]}<\/script>\n<!-- \/ Yoast SEO Premium plugin. -->","yoast_head_json":{"title":"Resultados de la b\u00fasqueda | The Home Cake","robots":{"index":"index","follow":"follow","max-snippet":"max-snippet:-1","max-image-preview":"max-image-preview:large","max-video-preview":"max-video-preview:-1"},"canonical":"https:\/\/thehomecake.com\/es\/resultados-de-la-busqueda\/","og_locale":"es_ES","og_type":"article","og_title":"Search Results","og_url":"https:\/\/thehomecake.com\/es\/resultados-de-la-busqueda\/","og_site_name":"The Home Cake","article_modified_time":"2025-08-20T09:28:10+00:00","og_image":[{"width":2560,"height":701,"url":"https:\/\/mlanqvojypo1.i.optimole.com\/w:auto\/h:auto\/q:mauto\/f:best\/https:\/\/thehomecake.com\/wp-content\/uploads\/2025\/08\/LOGO_HORIZONTAL_BLANCO-scaled.png","type":"image\/png"}],"twitter_card":"summary_large_image","schema":{"@context":"https:\/\/schema.org","@graph":[{"@type":"WebPage","@id":"https:\/\/thehomecake.com\/search-results\/","url":"https:\/\/thehomecake.com\/search-results\/","name":"Resultados de la b\u00fasqueda | The Home Cake","isPartOf":{"@id":"https:\/\/thehomecake.com\/#website"},"datePublished":"2018-12-28T17:57:38+00:00","dateModified":"2025-08-20T09:28:10+00:00","breadcrumb":{"@id":"https:\/\/thehomecake.com\/search-results\/#breadcrumb"},"inLanguage":"es","potentialAction":[{"@type":"ReadAction","target":["https:\/\/thehomecake.com\/search-results\/"]}]},{"@type":"BreadcrumbList","@id":"https:\/\/thehomecake.com\/search-results\/#breadcrumb","itemListElement":[{"@type":"ListItem","position":1,"name":"Portada","item":"https:\/\/thehomecake.com\/"},{"@type":"ListItem","position":2,"name":"Search Results"}]},{"@type":"WebSite","@id":"https:\/\/thehomecake.com\/#website","url":"https:\/\/thehomecake.com\/","name":"The Home Cake","description":"Menos algoritmos. M\u00e1s sentido com\u00fan. No era tan dif\u00edcil.","publisher":{"@id":"https:\/\/thehomecake.com\/#organization"},"potentialAction":[{"@type":"SearchAction","target":{"@type":"EntryPoint","urlTemplate":"https:\/\/thehomecake.com\/?s={search_term_string}"},"query-input":{"@type":"PropertyValueSpecification","valueRequired":true,"valueName":"search_term_string"}}],"inLanguage":"es"},{"@type":"Organization","@id":"https:\/\/thehomecake.com\/#organization","name":"The Home Cake","url":"https:\/\/thehomecake.com\/","logo":{"@type":"ImageObject","inLanguage":"es","@id":"https:\/\/thehomecake.com\/#\/schema\/logo\/image\/","url":"https:\/\/mlanqvojypo1.i.optimole.com\/w:1920\/h:525\/q:mauto\/f:best\/https:\/\/thehomecake.com\/wp-content\/uploads\/2025\/08\/LOGO_HORIZONTAL_BLANCO-scaled.png","contentUrl":"https:\/\/mlanqvojypo1.i.optimole.com\/w:1920\/h:525\/q:mauto\/f:best\/https:\/\/thehomecake.com\/wp-content\/uploads\/2025\/08\/LOGO_HORIZONTAL_BLANCO-scaled.png","width":2560,"height":701,"caption":"The Home Cake"},"image":{"@id":"https:\/\/thehomecake.com\/#\/schema\/logo\/image\/"}}]}},"_links":{"self":[{"href":"https:\/\/thehomecake.com\/es\/wp-json\/wp\/v2\/pages\/1811","targetHints":{"allow":["GET"]}}],"collection":[{"href":"https:\/\/thehomecake.com\/es\/wp-json\/wp\/v2\/pages"}],"about":[{"href":"https:\/\/thehomecake.com\/es\/wp-json\/wp\/v2\/types\/page"}],"author":[{"embeddable":true,"href":"https:\/\/thehomecake.com\/es\/wp-json\/wp\/v2\/users\/92"}],"replies":[{"embeddable":true,"href":"https:\/\/thehomecake.com\/es\/wp-json\/wp\/v2\/comments?post=1811"}],"version-history":[{"count":1,"href":"https:\/\/thehomecake.com\/es\/wp-json\/wp\/v2\/pages\/1811\/revisions"}],"predecessor-version":[{"id":5063,"href":"https:\/\/thehomecake.com\/es\/wp-json\/wp\/v2\/pages\/1811\/revisions\/5063"}],"wp:attachment":[{"href":"https:\/\/thehomecake.com\/es\/wp-json\/wp\/v2\/media?parent=1811"}],"curies":[{"name":"wp","href":"https:\/\/api.w.org\/{rel}","templated":true}]}}