{"id":6274,"date":"2025-09-25T10:37:02","date_gmt":"2025-09-25T08:37:02","guid":{"rendered":"https:\/\/thehomecake.com\/?page_id=6274"},"modified":"2025-10-02T12:55:46","modified_gmt":"2025-10-02T10:55:46","slug":"para-invitados","status":"publish","type":"page","link":"https:\/\/thehomecake.com\/es\/help\/for-guests\/","title":{"rendered":"Para invitados"},"content":{"rendered":"<div data-elementor-type=\"wp-page\" data-elementor-id=\"6274\" class=\"elementor elementor-6274\" data-elementor-post-type=\"page\">\n\t\t\t\t<div class=\"elementor-element elementor-element-ecbbf07 e-con-full e-flex e-con e-parent\" data-id=\"ecbbf07\" data-element_type=\"container\" data-e-type=\"container\">\n\t\t<div class=\"elementor-element elementor-element-2b0a226 e-con-full e-flex e-con e-child\" data-id=\"2b0a226\" data-element_type=\"container\" data-e-type=\"container\" data-settings=\"{&quot;background_background&quot;:&quot;classic&quot;}\">\n\t\t\t\t<div class=\"elementor-element elementor-element-c9b7021 elementor-view-default elementor-position-block-start elementor-mobile-position-block-start elementor-widget elementor-widget-icon-box\" data-id=\"c9b7021\" data-element_type=\"widget\" data-e-type=\"widget\" data-widget_type=\"icon-box.default\">\n\t\t\t\t\t\t\t<div class=\"elementor-icon-box-wrapper\">\n\n\t\t\t\t\t\t<div class=\"elementor-icon-box-icon\">\n\t\t\t\t<a href=\"https:\/\/thehomecake.com\/es\/ayuda\/para-invitados\/recomendacion-de-invitados\/\" class=\"elementor-icon\" tabindex=\"-1\" aria-label=\"Recomendaciones de invitados\">\n\t\t\t\t<svg xmlns=\"http:\/\/www.w3.org\/2000\/svg\" id=\"a\" viewbox=\"0 0 869.98 868.45\"><path d=\"M134.29,746.92c-3.46-3.22-14.75-15.8-17.36-17.12-2.4-1.2-6.49-.2-9.4-.6-22.19-3.01-39.44-15.54-45.12-37.88-2.93-11.53.79-26.41-1.68-35.32-1.08-3.89-8.57-14.42-10.97-19.03C-19.96,503.5-16.51,339.99,60.73,210.59c3.66-41.19-13.21-91.09,30.19-115.81,24.98-14.23,54.82-6.36,82.31-8.69,162.77-119.34,387.04-114.91,542.2,15.22,187.71,157.43,206.91,438.79,44.03,622.01-2.53,2.84-7.05,6.11-8.99,9.01-4.07,6.13-5.23,12.28-11.02,18.98-9.62,11.14-16.75,11.42-27.86,18.14-8.88,5.37-19.31,15.25-28.34,21.66-148.04,105.14-352.4,102.01-499.65-3-17.44-12.44-33.65-26.66-49.32-41.21v.02ZM752.94,691.3c14.71-16.45,27.31-35.09,38.18-54.32,106.87-188.95,50.35-426.23-130.26-545.11C530.95,6.37,359.14,2.2,225.62,82.48c-2.19,1.32-5.29,2.73-6.68,4.81,6.21.39,12.29-.88,18.46-1.03,93.41-2.27,187.74.94,281.03,1.05,33.31-4.27,60.24,15.38,62.56,49.44l.4,86.6c22.39,6.7,39.45,21.45,47.32,43.68,3.34,9.43,4.42,18.84,6.17,28.62l18.07,7.64v-37.5c0-.83,3.41-5.61,4.49-6.51,1.84-1.53,4.6-2.81,6.98-3.02,18.52,1.73,40.94-2.24,58.96.1,7.38.96,12.42,7.01,12.61,14.39l.16,106.84c.83,3.78,13.16,11.02,16.82,14.18,5.67,4.91,13,12.58,17.38,18.62,23.46,32.27,16.98,72.56-17.41,93.41v187.5h0ZM375.94,703.3v-200.5c-23.11-15.35-34.52-39.96-26.5-67.5,6.12-21.02,22.04-37.07,38.58-50.42,2.89-2.33,8.17-4.84,10.49-7.51,2.01-2.31,3.35-8.32,5.26-11.74,11.57-20.71,41.75-43.33,62.49-54.51,18.52-9.98,38.28-16.1,57.04-24.96,4.57-2.16,15.59-7.02,17.2-11.8,2.96-8.83-6.51-7.42-11.62-8.5-7.14-1.52-10.6-8.04-9.99-15.08,1.04-11.89,23.51-26.77,35.08-27.94l.84-1.16c.57-21.29-.34-42.64.07-63.93.04-2.19,1-4.03,1.06-5.94.6-19.45-.45-36.37-23.47-39.56l-418.05.03c-16.79,1.96-27.32,14.98-28.54,31.46v536.09c1.36,14.19,10.34,23.25,24.54,24.47l258.05.04,7.46-1.05h0ZM566.66,378.58c3.91,3.53,7.27,10.02,12.25,14.24,16.31,13.8,39.22,16.21,56.51,2.47,4.87-3.88,12.08-14.66,18.09-14.96,6.61-.33,9.66,6.78,13.49,10.39,9.75,9.22,34.45,20.17,43.95,6.09,5.27-7.8-3.1-15.08-8.03-21.01-16.43-19.76-46.31-43.94-70.01-53.99-7.38-3.13-20.8-4.41-22.79-13.21-1.08-4.78-.55-12.56-1.29-17.71-1.18-8.3-4.36-19.87-9.48-26.52-9.78-12.68-27.54-20.33-43.42-17.07-1.25,1.12,4.61,5.87,5.45,7.05,18.12,25.47-9.58,45.89-30.09,55.81-38.14,18.45-69.9,25.12-99.35,59.65-5.82,6.83-14.38,17.45.55,19.42,12.88,1.7,26.23-7.67,36.36-14.5,3.86-2.6,5.67-6.17,11.51-5.41,4.95.65,12.87,12.63,17.54,16.5,13.29,11,30.89,11.58,45.35,2.31,6.85-4.39,14.63-17.48,23.39-9.55h.02ZM60.94,599.3v-335l-8.02,18.48c-38.39,100.41-37.95,212.29,4.84,311.21l3.19,5.31h0ZM710.94,281.3h-34c2.49,12.36-.19,25.52,1.5,38,11.56,8.55,22.22,17.99,32.49,28v-66h.01ZM476.45,400.53c-21.32,12.67-48.79,19.86-70.02,3.06-20.79,12.76-46.55,42.94-28.94,67.66,14.51,20.37,43.61,16.58,60.94,2.04,6.43-5.4,12.65-16.86,21.82-14.79,6.23,3.29,9.61,10.15,15.21,14.79,22.16,18.35,50.94,17.15,72.51-1.47,3.35-2.89,10.08-12.17,12.92-13.07,10.57-3.36,16.06,9.19,23.04,15.07,20.65,17.41,49.26,17.27,70.04,0,4.12-3.43,11.8-14.44,15.68-15.32,9.43-2.13,12.96,7.38,18.82,12.79,18.95,17.51,52.96,21.56,66.89-4.09,10.12-18.62-.05-39.47-14.91-51.89-8.92-7.45-6.84-5.43-12.97,1.01-11.42,12.01-34.66,13.31-49.75,8.71-8.77-2.67-16.38-8.04-24.14-12.66-23.89,20.09-54.77,22.56-81.56,6.35-5.16-3.12-8.75-7.15-13.74-10.25-6.24,2.94-11.52,6.52-18.34,8.32-19.79,5.25-38.55,1.66-55.32-9.68-2.88-1.95-5.55-4.3-8.16-6.59h-.02ZM428.44,744.3h77c.53,0,1.58-1.67,1.51-2.49.43-12.65-.6-25.43-.06-38.06.56-13.05,1.59-24.25,8.23-35.77,22.51-39.02,81.11-36.79,100.29,4.33,1.77,3.8,5.52,14.71,5.52,18.48v53.5h76.5c.36,0,5.83-.88,6.91-1.09,13.96-2.61,20.62-11.83,22.49-25.51l.1-206.41c-20.39.92-38.45-8.23-54.39-19.95-17.79,16.3-42.12,23.48-66.01,19.86-15.76-2.39-29.53-10.24-42.1-19.59-22.95,16.94-48.49,24.58-76.72,16.41-11.27-3.26-20.99-9.88-30.28-16.78-11.93,9.09-25.14,16.21-40.08,18.97l-16.42,1.08.07,210.44c1.19,9.14,10.35,18.59,19.13,20.87,2.03.53,6.57,1.53,8.31,1.69v.02ZM531.94,691.8v51l1.5,1.5h61l1.5-1.5v-53c0-.39-2.35-6.27-2.81-7.19-13.9-27.74-57.65-20.23-61.19,9.19ZM377.94,729.3h-225c60.51,58.76,138.79,97.48,222.62,109.88,89.52,13.24,184.53-3.92,262.7-49.07,10.53-6.08,21.44-12.99,30.69-20.81h-245.5c-7.37,0-22.09-6.32-27.99-11.01-8.23-6.55-16.98-18.3-17.51-28.99h-.01Z\" fill=\"#eedca7\"><\/path><g><path d=\"M536.63,582.5c9.56-2.14,9.78,5.52,15.96,9.64,7.75,5.17,16.43,5.17,24.67.99,7.14-3.63,8.23-12.81,17.97-10.63s5.7,15.13,1.22,20.82c-13.76,17.51-46.95,17.21-61.04,0-4.65-5.68-8.07-18.74,1.22-20.82h0Z\" fill=\"#eedca7\"><\/path><path d=\"M496.66,551.53c8.62-1.58,17.09,4.73,18.21,13.34.49,3.78.58,15.03-.39,18.47-4.04,14.29-27.32,12.85-29.49-1.58-.53-3.53-.51-16.28.42-19.5,1.45-5.06,5.99-9.76,11.26-10.73h-.01Z\" fill=\"#eedca7\"><\/path><path d=\"M628.66,551.53c17.55-3.16,18.55,15.51,17.29,28.28-1.74,17.56-27.14,18.77-29.02-1.01-.49-5.11-.55-14.77,1.8-19.22,1.71-3.24,6.3-7.4,9.94-8.06h0Z\" fill=\"#eedca7\"><\/path><\/g><g><path d=\"M153.25,209.61c2.62-2.67,8.43-4.07,12.15-4.35h310.09c17.52-.18,20.24,22.73,2.99,26.08H161.4c-10.49-.97-15.46-14.26-8.16-21.72h.01Z\" fill=\"#eedca7\"><\/path><path d=\"M295.71,369.52c9.86-1.1,16.08,7.79,14.02,17.07-27.2,40.08-59.13,77.06-87.77,116.22-8.18,6.62-15.81,5.23-22.44-2.59-12.73-20.29-31.34-39.15-43.42-59.58-5.45-9.22-3.78-19.45,7.45-22.26,6.77-1.69,10.67.89,14.81,5.99,11.02,13.61,20.1,30.63,31.74,44.26.67.78.87,2.01,2.32,1.66l73.53-95.48c2.31-3.11,5.94-4.87,9.76-5.3h0Z\" fill=\"#eedca7\"><\/path><path d=\"M383.62,305.99c-2.62,2.67-8.43,4.07-12.15,4.35l-208.05-.04c-16.98-.99-18.54-22.73-2.03-26.04l213.05.02c10.86.22,16.8,13.91,9.17,21.71h0Z\" fill=\"#eedca7\"><\/path><path d=\"M162.69,566.55l137.76-.26c18.33.09,20.29,24.81,2.01,27.03h-138.03c-18.58-.95-19.78-23.68-1.74-26.77h0Z\" fill=\"#eedca7\"><\/path><\/g><\/svg>\t\t\t\t<\/a>\n\t\t\t<\/div>\n\t\t\t\n\t\t\t\t\t\t<div class=\"elementor-icon-box-content\">\n\n\t\t\t\t\t\t\t\t\t<h3 class=\"elementor-icon-box-title\">\n\t\t\t\t\t\t<a href=\"https:\/\/thehomecake.com\/es\/ayuda\/para-invitados\/recomendacion-de-invitados\/\" >\n\t\t\t\t\t\t\tRecomendaciones de invitados\t\t\t\t\t\t<\/a>\n\t\t\t\t\t<\/h3>\n\t\t\t\t\n\t\t\t\t\n\t\t\t<\/div>\n\t\t\t\n\t\t<\/div>\n\t\t\t\t\t\t<\/div>\n\t\t\t\t<\/div>\n\t\t<div class=\"elementor-element elementor-element-e343a00 e-con-full e-flex e-con e-child\" data-id=\"e343a00\" data-element_type=\"container\" data-e-type=\"container\" data-settings=\"{&quot;background_background&quot;:&quot;classic&quot;}\">\n\t\t\t\t<div class=\"elementor-element elementor-element-4a0b16c elementor-view-default elementor-position-block-start elementor-mobile-position-block-start elementor-widget elementor-widget-icon-box\" data-id=\"4a0b16c\" data-element_type=\"widget\" data-e-type=\"widget\" data-widget_type=\"icon-box.default\">\n\t\t\t\t\t\t\t<div class=\"elementor-icon-box-wrapper\">\n\n\t\t\t\t\t\t<div class=\"elementor-icon-box-icon\">\n\t\t\t\t<a href=\"https:\/\/thehomecake.com\/es\/ayuda\/para-invitados\/proceso-de-reserva\/\" class=\"elementor-icon\" tabindex=\"-1\" aria-label=\"Proceso de reserva\">\n\t\t\t\t<svg xmlns=\"http:\/\/www.w3.org\/2000\/svg\" id=\"Layer_1\" viewbox=\"0 0 1024 1024\"><path d=\"M362,190h279v-30.5c0-18.43,21.39-37.33,39.55-37.53,17.21-.19,40.45,17.73,40.45,35.53v32.5h69.5c32.45,0,68.08,34.94,69.48,67.52l.04,372.01c-1.27,8.69-10.37,13.07-18.3,9.24-7.15-3.45-5.56-11.66-6.78-18.22,1.7-91.29-2.08-182.83,0-274.09.07-3.18.76-6.33,1.04-9.46H166v401.5c0,18.6,23.13,41,41.61,42.39l336.9.1c14.78,1.11,17.43,20.74,3.31,25.32l-335.3.67c-39.79-2.94-69.63-33.65-71.55-73.45l.05-471.03c-1.18-33.24,35.5-72.51,68.49-72.51h73.5v-33.5c0-13.07,17.17-29.5,29.2-32.8,23.83-6.53,50.8,13.72,50.8,38.8v26c0,.3-1.27.77-1,1.5ZM319.75,147.23c-5.76.91-10.38,5.75-11.68,11.33,1.84,26.9-2.67,57.53-.11,83.99,1.78,18.38,27.68,17.87,29.94-1.16-1.42-25.16,2.28-53.09.15-77.92-.87-10.14-7.4-17.95-18.29-16.23ZM677.73,147.23c-4.69.96-10.92,7.53-11.66,12.33,1.64,26.09-2.4,55.25-.1,80.98,1.69,18.94,24.4,21.27,29.98,3.9-2.24-26.69,3.22-58.94.09-84.96-1.05-8.74-9.93-13.95-18.3-12.25ZM283,216h-74.5c-17.65,0-42.5,25.94-42.5,43.5v52.5h668.5c2.52,0,.49-5.88.45-7.46-.75-28.26,7.08-58.24-18.04-77.96-4.4-3.46-18.2-10.58-23.42-10.58h-72.5v29.5c0,7.94-10.08,22.76-16.5,27.5-25.36,18.73-63.5.25-63.5-31.5v-25.5h-279c-.27.73,1,1.2,1,1.5v24c0,28.14-32.6,47.76-57.98,34.98-8.99-4.53-22.02-19.66-22.02-29.98v-30.5Z\" fill=\"#aac6ad\"><\/path><path d=\"M242.73,400.23l129.3.24c5.32,1.88,7.49,5.52,8.02,10.98,3.39,35.04-2.68,75.48,0,111.1-.42,7.07-4.6,10.83-11.5,11.5-38.82,3.76-83.64-2.96-123.1,0-5.88.03-11.12-5.78-11.45-11.55l-.02-112.02c.63-5.26,3.75-8.79,8.75-10.25ZM355,425h-96v84h96v-84Z\" fill=\"#aac6ad\"><\/path><path d=\"M242.73,577.23l129.11.43c4.75,1.9,8.36,6.5,8.2,11.8-2.53,35.06,3.24,74.55,0,109.08-.78,8.3-5.33,11.78-13.5,12.5-38.42-2.63-81.19,3.36-119.08,0-7.37-.65-12.27-3.92-13.48-11.52v-112.05c.63-5.26,3.75-8.79,8.75-10.25ZM355,602h-96v84h96v-84Z\" fill=\"#aac6ad\"><\/path><path d=\"M622.73,400.23l128.3.24c5.32,1.88,7.49,5.52,8.02,10.98,3.39,35.04-2.68,75.48,0,111.1-.42,7.07-4.6,10.83-11.5,11.5-38.5,3.73-82.96-2.94-122.1,0-6.18-.19-10.72-4.25-11.47-10.53v-114.05c.26-4.96,4.51-7.78,8.75-9.25ZM734,425h-95v84h95v-84Z\" fill=\"#aac6ad\"><\/path><path d=\"M560.66,530.66c-2.77,2.65-6.5,3.1-10.12,3.38-34.74,2.72-72.97-2.15-108.08,0-6.72-.1-12.31-4.62-12.51-11.49,2.68-35.62-3.4-76.06,0-111.1.63-6.46,3.83-10.5,10.53-11.47,36.05,2.54,76.56-3.3,112.07-.02,7.1.66,10.85,5.64,11.49,12.51,3.27,34.84-2.57,74.71.01,110.09.17,2.53-1.61,6.41-3.39,8.11ZM539,425h-85v84h85v-84Z\" fill=\"#aac6ad\"><\/path><path d=\"M564,683l9.82-25.68c45.24-94.07,171.46-111.86,240.69-32.34,52.1,59.84,43.26,154.27-18.04,203.99-99.32,80.57-243.88,4.92-235.49-120.98-3.1,1.79-5.83,2.72-9.45,3.04-34.67,3.09-73.89-2.4-109.04-.04-6.21-.7-10.38-3.7-12.27-9.73l.24-116.3c1.88-5.33,5.53-7.49,10.98-8.02,35.33-3.42,76.15,2.68,112.07.03,2.93-.89,10.48,6.8,10.48,8.52v97.5ZM696.8,599.3c-81.37,5.32-134.32,89.18-102.65,165.06,37.73,90.43,164.19,98.29,213.66,13.95,48.52-82.72-16.3-185.2-111.01-179.01ZM539,602h-85l1.5,84h83.5v-84Z\" fill=\"#aac6ad\"><\/path><path d=\"M686.98,742.99c.07-1.2.65-2.17,1.46-3.02,23.73-24.96,47.4-49.97,70.66-75.37,12.37-12.3,28.05,4.08,17.89,17.89-26.74,25.89-50.57,56.01-76.97,82.03-7.51,7.4-14.7,11.48-24.52,4.47-13.09-16.24-31.25-31.98-43.48-48.52-5.27-7.12-6.7-13.85,1.48-19.48,5.05-3.48,11.16-2.75,15.85,1.15,12.04,10.04,23.52,28.6,35.22,39.78l2.42,1.06Z\" fill=\"#aac6ad\"><\/path><\/svg>\t\t\t\t<\/a>\n\t\t\t<\/div>\n\t\t\t\n\t\t\t\t\t\t<div class=\"elementor-icon-box-content\">\n\n\t\t\t\t\t\t\t\t\t<h3 class=\"elementor-icon-box-title\">\n\t\t\t\t\t\t<a href=\"https:\/\/thehomecake.com\/es\/ayuda\/para-invitados\/proceso-de-reserva\/\" >\n\t\t\t\t\t\t\tProceso de reserva\t\t\t\t\t\t<\/a>\n\t\t\t\t\t<\/h3>\n\t\t\t\t\n\t\t\t\t\n\t\t\t<\/div>\n\t\t\t\n\t\t<\/div>\n\t\t\t\t\t\t<\/div>\n\t\t\t\t<\/div>\n\t\t<div class=\"elementor-element elementor-element-23100d1 e-con-full e-flex e-con e-child\" data-id=\"23100d1\" data-element_type=\"container\" data-e-type=\"container\" data-settings=\"{&quot;background_background&quot;:&quot;classic&quot;}\">\n\t\t\t\t<div class=\"elementor-element elementor-element-6d9a740 elementor-view-default elementor-position-block-start elementor-mobile-position-block-start elementor-widget elementor-widget-icon-box\" data-id=\"6d9a740\" data-element_type=\"widget\" data-e-type=\"widget\" data-widget_type=\"icon-box.default\">\n\t\t\t\t\t\t\t<div class=\"elementor-icon-box-wrapper\">\n\n\t\t\t\t\t\t<div class=\"elementor-icon-box-icon\">\n\t\t\t\t<a href=\"https:\/\/thehomecake.com\/es\/ayuda\/para-invitados\/consejos-de-seguridad\/\" class=\"elementor-icon\" tabindex=\"-1\" aria-label=\"Consejos de seguridad\">\n\t\t\t\t<svg xmlns=\"http:\/\/www.w3.org\/2000\/svg\" id=\"Layer_1\" viewbox=\"0 0 1024 1024\"><path d=\"M508.73,109.23c4.46-.92,6.82-.13,10.59,1.95,10.59,5.83,25.4,19.96,36.37,27.63,69.84,48.91,151.5,79.42,236.82,87.18,13.9,2.25,31.33-.02,44.76,2.24,6.84,1.15,10.16,5.59,10.78,12.22,1.97,21.04-.43,47.68-1.08,69-3.71,121.24-19.9,244.33-77.49,352.46,49.68,99.31-42.43,208.3-148.51,179.66-30.85,21.49-63.23,45.13-96.94,61.94-3.56,1.78-7.56,4.44-11.51,4.57-5.73.18-16.7-6.91-22.18-9.92-142.36-78.15-232.63-187.87-278.82-344.18-24.8-83.92-32.93-170.16-35.55-257.45,1.98-17.77-2.52-40.88.11-57.98,2.03-13.22,18.27-9.94,27.48-10.52,98.62-6.28,180.36-31.32,261.77-87.23,12.21-8.39,27.03-22.41,38.78-29.22,1.47-.85,2.92-2.01,4.63-2.36ZM823,252.99c-113.7-2.71-222.83-45.02-311.36-114.92-87.82,70.13-197.41,112.51-310.65,114.92-.84,103.73,6.8,207.99,38.29,307.22,45.42,143.14,137.9,251.08,271.03,320.06l2.62.24c27.56-15.13,54.2-31.7,80.06-49.54l-.62-2.06c-57.91-32.35-79.2-107.92-49.37-166.91-57.75-3.97-123.65,15.73-165.97-34.54-38.46-45.69-17.68-120.77-23.07-176.01,1.99-25.46,23.13-45.43,49.04-43.46.55-25.33-2.88-48.5,5.72-72.78,29.88-84.32,142.36-99.53,193.49-25.95,21.54,31,20.85,62.19,19.77,98.73,24.5-1.65,46.12,18.26,48.04,42.46-2.03,38.62,2.58,79.76,0,118.08-.57,8.5-3.08,17.21-5.04,25.45,34.96.93,65.75,18.95,88.98,44,33.31-68.65,52.17-143.79,60.89-219.62,3.28-28.57,4.77-57.15,6.13-85.87.09-1.99,1.12-3.92,1.03-5.97l.96-73.55ZM597,408c.67-33.24,2.41-63.61-20.03-90.47-52.64-63.03-145.87-24.98-150.01,55.93-.59,11.45.63,23.13.04,34.54h170ZM395.74,433.24c-8.44,2.02-15.01,8.71-16.65,17.35,6.38,65.83-28.36,174.14,66.43,186.4h112.96c16.64-15.89,33.57-29.55,55.99-37.02,8.09-2.69,16.77-3.83,24.61-6.39,2.42-2.69,5.65-20.68,5.97-25.03,2.71-37.52-2.13-78.22,0-116.08-.71-10.25-9.25-18.79-19.5-19.5l-229.8.28ZM643.8,618.3c-61.6,5.73-101.61,68.14-86.73,127.13,18.37,72.8,108.4,100.14,165.4,51.55,76.95-65.6,22.78-188.11-78.67-178.67Z\" fill=\"#422b21\"><\/path><path d=\"M506.76,464.26c27.46-3.5,49.41,20.82,42.78,47.78-3.06,12.45-12.09,20.04-22.37,26.63-1.81,13.58,1.98,31.59-.39,44.61-2.83,15.51-26.77,16.13-28.77-1.76-1.5-13.4,1.26-29.18-.16-42.84-5.75-4.04-11.27-6.49-15.82-12.18-18.45-23.13-4.5-58.5,24.73-62.22ZM508.73,489.23c-2.68.54-6.67,3.54-8.18,5.82-8.3,12.5,7.08,26.63,18.96,18.96,13.32-8.61,4.21-27.82-10.78-24.77Z\" fill=\"#422b21\"><\/path><path d=\"M590.34,710.34c6.04-6.04,13.69-3.54,19.21,1.62,1.78,1.67,2.74,3.9,4.43,5.57,7.87,7.8,15.68,15.64,23.53,23.46l68.57-68.41c12.02-8.73,26.36,5.44,17.45,17.45l-77.48,77.52c-4.01,3.09-10.73,3.59-15,.92l-42.05-41.95c-3.14-4.82-2.84-11.98,1.35-16.17Z\" fill=\"#422b21\"><\/path><\/svg>\t\t\t\t<\/a>\n\t\t\t<\/div>\n\t\t\t\n\t\t\t\t\t\t<div class=\"elementor-icon-box-content\">\n\n\t\t\t\t\t\t\t\t\t<h3 class=\"elementor-icon-box-title\">\n\t\t\t\t\t\t<a href=\"https:\/\/thehomecake.com\/es\/ayuda\/para-invitados\/consejos-de-seguridad\/\" >\n\t\t\t\t\t\t\tConsejos de seguridad\t\t\t\t\t\t<\/a>\n\t\t\t\t\t<\/h3>\n\t\t\t\t\n\t\t\t\t\n\t\t\t<\/div>\n\t\t\t\n\t\t<\/div>\n\t\t\t\t\t\t<\/div>\n\t\t\t\t<\/div>\n\t\t\t\t<\/div>\n\t\t\t\t<\/div>","protected":false},"excerpt":{"rendered":"<p>Recomendaciones para los hu\u00e9spedes Proceso de reserva Consejos de seguridad<\/p>","protected":false},"author":92,"featured_media":0,"parent":4634,"menu_order":0,"comment_status":"closed","ping_status":"closed","template":"","meta":{"_acf_changed":false,"footnotes":""},"class_list":["post-6274","page","type-page","status-publish","hentry"],"acf":[],"yoast_head":"<!-- This site is optimized with the Yoast SEO Premium plugin v26.9 (Yoast SEO v27.0) - https:\/\/yoast.com\/product\/yoast-seo-premium-wordpress\/ -->\n<title>For Guests | The Home Cake<\/title>\n<meta name=\"robots\" content=\"index, follow, max-snippet:-1, max-image-preview:large, max-video-preview:-1\" \/>\n<link rel=\"canonical\" href=\"https:\/\/thehomecake.com\/es\/ayuda\/para-invitados\/\" \/>\n<meta property=\"og:locale\" content=\"es_ES\" \/>\n<meta property=\"og:type\" content=\"article\" \/>\n<meta property=\"og:title\" content=\"For Guests\" \/>\n<meta property=\"og:description\" content=\"Guest Recommendations Reservation Process Safety Tips\" \/>\n<meta property=\"og:url\" content=\"https:\/\/thehomecake.com\/es\/ayuda\/para-invitados\/\" \/>\n<meta property=\"og:site_name\" content=\"The Home Cake\" \/>\n<meta property=\"article:modified_time\" content=\"2025-10-02T10:55:46+00:00\" \/>\n<meta property=\"og:image\" content=\"https:\/\/mlanqvojypo1.i.optimole.com\/w:auto\/h:auto\/q:mauto\/f:best\/https:\/\/thehomecake.com\/wp-content\/uploads\/2025\/08\/LOGO_HORIZONTAL_BLANCO-scaled.png\" \/>\n\t<meta property=\"og:image:width\" content=\"2560\" \/>\n\t<meta property=\"og:image:height\" content=\"701\" \/>\n\t<meta property=\"og:image:type\" content=\"image\/png\" \/>\n<meta name=\"twitter:card\" content=\"summary_large_image\" \/>\n<meta name=\"twitter:label1\" content=\"Tiempo de lectura\" \/>\n\t<meta name=\"twitter:data1\" content=\"1 minuto\" \/>\n<script type=\"application\/ld+json\" class=\"yoast-schema-graph\">{\"@context\":\"https:\/\/schema.org\",\"@graph\":[{\"@type\":\"WebPage\",\"@id\":\"https:\/\/thehomecake.com\/help\/for-guests\/\",\"url\":\"https:\/\/thehomecake.com\/help\/for-guests\/\",\"name\":\"For Guests | The Home Cake\",\"isPartOf\":{\"@id\":\"https:\/\/thehomecake.com\/#website\"},\"datePublished\":\"2025-09-25T08:37:02+00:00\",\"dateModified\":\"2025-10-02T10:55:46+00:00\",\"breadcrumb\":{\"@id\":\"https:\/\/thehomecake.com\/help\/for-guests\/#breadcrumb\"},\"inLanguage\":\"es\",\"potentialAction\":[{\"@type\":\"ReadAction\",\"target\":[\"https:\/\/thehomecake.com\/help\/for-guests\/\"]}]},{\"@type\":\"BreadcrumbList\",\"@id\":\"https:\/\/thehomecake.com\/help\/for-guests\/#breadcrumb\",\"itemListElement\":[{\"@type\":\"ListItem\",\"position\":1,\"name\":\"Portada\",\"item\":\"https:\/\/thehomecake.com\/\"},{\"@type\":\"ListItem\",\"position\":2,\"name\":\"Help\",\"item\":\"https:\/\/thehomecake.com\/help\/\"},{\"@type\":\"ListItem\",\"position\":3,\"name\":\"For Guests\"}]},{\"@type\":\"WebSite\",\"@id\":\"https:\/\/thehomecake.com\/#website\",\"url\":\"https:\/\/thehomecake.com\/\",\"name\":\"The Home Cake\",\"description\":\"Menos algoritmos. M\u00e1s sentido com\u00fan. No era tan dif\u00edcil.\",\"publisher\":{\"@id\":\"https:\/\/thehomecake.com\/#organization\"},\"potentialAction\":[{\"@type\":\"SearchAction\",\"target\":{\"@type\":\"EntryPoint\",\"urlTemplate\":\"https:\/\/thehomecake.com\/?s={search_term_string}\"},\"query-input\":{\"@type\":\"PropertyValueSpecification\",\"valueRequired\":true,\"valueName\":\"search_term_string\"}}],\"inLanguage\":\"es\"},{\"@type\":\"Organization\",\"@id\":\"https:\/\/thehomecake.com\/#organization\",\"name\":\"The Home Cake\",\"url\":\"https:\/\/thehomecake.com\/\",\"logo\":{\"@type\":\"ImageObject\",\"inLanguage\":\"es\",\"@id\":\"https:\/\/thehomecake.com\/#\/schema\/logo\/image\/\",\"url\":\"https:\/\/mlanqvojypo1.i.optimole.com\/w:1920\/h:525\/q:mauto\/f:best\/https:\/\/thehomecake.com\/wp-content\/uploads\/2025\/08\/LOGO_HORIZONTAL_BLANCO-scaled.png\",\"contentUrl\":\"https:\/\/mlanqvojypo1.i.optimole.com\/w:1920\/h:525\/q:mauto\/f:best\/https:\/\/thehomecake.com\/wp-content\/uploads\/2025\/08\/LOGO_HORIZONTAL_BLANCO-scaled.png\",\"width\":2560,\"height\":701,\"caption\":\"The Home Cake\"},\"image\":{\"@id\":\"https:\/\/thehomecake.com\/#\/schema\/logo\/image\/\"}}]}<\/script>\n<!-- \/ Yoast SEO Premium plugin. -->","yoast_head_json":{"title":"Para Invitados | The Home Cake","robots":{"index":"index","follow":"follow","max-snippet":"max-snippet:-1","max-image-preview":"max-image-preview:large","max-video-preview":"max-video-preview:-1"},"canonical":"https:\/\/thehomecake.com\/es\/ayuda\/para-invitados\/","og_locale":"es_ES","og_type":"article","og_title":"For Guests","og_description":"Guest Recommendations Reservation Process Safety Tips","og_url":"https:\/\/thehomecake.com\/es\/ayuda\/para-invitados\/","og_site_name":"The Home Cake","article_modified_time":"2025-10-02T10:55:46+00:00","og_image":[{"width":2560,"height":701,"url":"https:\/\/mlanqvojypo1.i.optimole.com\/w:auto\/h:auto\/q:mauto\/f:best\/https:\/\/thehomecake.com\/wp-content\/uploads\/2025\/08\/LOGO_HORIZONTAL_BLANCO-scaled.png","type":"image\/png"}],"twitter_card":"summary_large_image","twitter_misc":{"Tiempo de lectura":"1 minuto"},"schema":{"@context":"https:\/\/schema.org","@graph":[{"@type":"WebPage","@id":"https:\/\/thehomecake.com\/help\/for-guests\/","url":"https:\/\/thehomecake.com\/help\/for-guests\/","name":"Para Invitados | The Home Cake","isPartOf":{"@id":"https:\/\/thehomecake.com\/#website"},"datePublished":"2025-09-25T08:37:02+00:00","dateModified":"2025-10-02T10:55:46+00:00","breadcrumb":{"@id":"https:\/\/thehomecake.com\/help\/for-guests\/#breadcrumb"},"inLanguage":"es","potentialAction":[{"@type":"ReadAction","target":["https:\/\/thehomecake.com\/help\/for-guests\/"]}]},{"@type":"BreadcrumbList","@id":"https:\/\/thehomecake.com\/help\/for-guests\/#breadcrumb","itemListElement":[{"@type":"ListItem","position":1,"name":"Portada","item":"https:\/\/thehomecake.com\/"},{"@type":"ListItem","position":2,"name":"Help","item":"https:\/\/thehomecake.com\/help\/"},{"@type":"ListItem","position":3,"name":"For Guests"}]},{"@type":"WebSite","@id":"https:\/\/thehomecake.com\/#website","url":"https:\/\/thehomecake.com\/","name":"The Home Cake","description":"Menos algoritmos. M\u00e1s sentido com\u00fan. No era tan dif\u00edcil.","publisher":{"@id":"https:\/\/thehomecake.com\/#organization"},"potentialAction":[{"@type":"SearchAction","target":{"@type":"EntryPoint","urlTemplate":"https:\/\/thehomecake.com\/?s={search_term_string}"},"query-input":{"@type":"PropertyValueSpecification","valueRequired":true,"valueName":"search_term_string"}}],"inLanguage":"es"},{"@type":"Organization","@id":"https:\/\/thehomecake.com\/#organization","name":"The Home Cake","url":"https:\/\/thehomecake.com\/","logo":{"@type":"ImageObject","inLanguage":"es","@id":"https:\/\/thehomecake.com\/#\/schema\/logo\/image\/","url":"https:\/\/mlanqvojypo1.i.optimole.com\/w:1920\/h:525\/q:mauto\/f:best\/https:\/\/thehomecake.com\/wp-content\/uploads\/2025\/08\/LOGO_HORIZONTAL_BLANCO-scaled.png","contentUrl":"https:\/\/mlanqvojypo1.i.optimole.com\/w:1920\/h:525\/q:mauto\/f:best\/https:\/\/thehomecake.com\/wp-content\/uploads\/2025\/08\/LOGO_HORIZONTAL_BLANCO-scaled.png","width":2560,"height":701,"caption":"The Home Cake"},"image":{"@id":"https:\/\/thehomecake.com\/#\/schema\/logo\/image\/"}}]}},"_links":{"self":[{"href":"https:\/\/thehomecake.com\/es\/wp-json\/wp\/v2\/pages\/6274","targetHints":{"allow":["GET"]}}],"collection":[{"href":"https:\/\/thehomecake.com\/es\/wp-json\/wp\/v2\/pages"}],"about":[{"href":"https:\/\/thehomecake.com\/es\/wp-json\/wp\/v2\/types\/page"}],"author":[{"embeddable":true,"href":"https:\/\/thehomecake.com\/es\/wp-json\/wp\/v2\/users\/92"}],"replies":[{"embeddable":true,"href":"https:\/\/thehomecake.com\/es\/wp-json\/wp\/v2\/comments?post=6274"}],"version-history":[{"count":13,"href":"https:\/\/thehomecake.com\/es\/wp-json\/wp\/v2\/pages\/6274\/revisions"}],"predecessor-version":[{"id":6419,"href":"https:\/\/thehomecake.com\/es\/wp-json\/wp\/v2\/pages\/6274\/revisions\/6419"}],"up":[{"embeddable":true,"href":"https:\/\/thehomecake.com\/es\/wp-json\/wp\/v2\/pages\/4634"}],"wp:attachment":[{"href":"https:\/\/thehomecake.com\/es\/wp-json\/wp\/v2\/media?parent=6274"}],"curies":[{"name":"wp","href":"https:\/\/api.w.org\/{rel}","templated":true}]}}