{"id":6266,"date":"2025-09-25T10:32:52","date_gmt":"2025-09-25T08:32:52","guid":{"rendered":"https:\/\/thehomecake.com\/?page_id=6266"},"modified":"2026-02-12T12:39:24","modified_gmt":"2026-02-12T11:39:24","slug":"pour-les-hotes","status":"publish","type":"page","link":"https:\/\/thehomecake.com\/fr\/help\/for-hosts\/","title":{"rendered":"Pour les h\u00f4tes"},"content":{"rendered":"<div data-elementor-type=\"wp-page\" data-elementor-id=\"6266\" class=\"elementor elementor-6266\" data-elementor-post-type=\"page\">\n\t\t\t\t<div class=\"elementor-element elementor-element-91c3dc8 e-flex e-con-boxed e-con e-parent\" data-id=\"91c3dc8\" data-element_type=\"container\" data-e-type=\"container\">\n\t\t\t\t\t<div class=\"e-con-inner\">\n\t\t\t\t<div class=\"elementor-element elementor-element-fec3a96 elementor-widget__width-initial elementor-widget elementor-widget-heading\" data-id=\"fec3a96\" data-element_type=\"widget\" data-e-type=\"widget\" data-widget_type=\"heading.default\">\n\t\t\t\t\t<h1 class=\"elementor-heading-title elementor-size-default\">Assistance aux h\u00f4tes<\/h1>\t\t\t\t<\/div>\n\t\t\t\t<div class=\"elementor-element elementor-element-74d81b0 elementor-widget elementor-widget-text-editor\" data-id=\"74d81b0\" data-element_type=\"widget\" data-e-type=\"widget\" data-widget_type=\"text-editor.default\">\n\t\t\t\t\t\t\t\t\t<p>\u00a0<br \/>Bienvenue sur <strong>Page d'assistance pour l'h\u00f4te<\/strong> de <strong>The Home Cake<\/strong>. Cette section est con\u00e7ue pour guider les propri\u00e9taires et gestionnaires immobiliers qui souhaitent publier et promouvoir leurs locations touristiques l\u00e9gales sur notre plateforme sans commission.<\/p><p>The Home Cake connecte directement les h\u00f4tes et les voyageurs, sans agir comme interm\u00e9diaire de r\u00e9servation ni traiter les paiements. Cela vous permet de g\u00e9rer votre h\u00e9bergement de mani\u00e8re ind\u00e9pendante tout en b\u00e9n\u00e9ficiant d'une place de march\u00e9 transparente et fiable.<\/p><p>Vous trouverez ici des informations claires sur :<\/p><ul><li>Comment cr\u00e9er et g\u00e9rer votre compte d'h\u00f4te<\/li><li>Comment publier une annonce de location de vacances l\u00e9gale<\/li><li>Plans d'abonnement et options de visibilit\u00e9<\/li><li>Communication avec les voyageurs<\/li><li>Directives et responsabilit\u00e9s de la plateforme<\/li><\/ul>\t\t\t\t\t\t\t\t<\/div>\n\t\t\t\t\t<\/div>\n\t\t\t\t<\/div>\n\t\t<div class=\"elementor-element elementor-element-cffc33e e-flex e-con-boxed e-con e-parent\" data-id=\"cffc33e\" data-element_type=\"container\" data-e-type=\"container\">\n\t\t\t\t\t<div class=\"e-con-inner\">\n\t\t<div class=\"elementor-element elementor-element-8ad1020 e-con-full e-flex e-con e-child\" data-id=\"8ad1020\" data-element_type=\"container\" data-e-type=\"container\" data-settings=\"{&quot;background_background&quot;:&quot;classic&quot;}\">\n\t\t\t\t<div class=\"elementor-element elementor-element-63aae04 elementor-widget elementor-widget-icon-box\" data-id=\"63aae04\" data-element_type=\"widget\" data-e-type=\"widget\" data-widget_type=\"icon-box.default\">\n\t\t\t\t\t\t\t<div class=\"elementor-icon-box-wrapper\">\n\n\t\t\t\n\t\t\t\t\t\t<div class=\"elementor-icon-box-content\">\n\n\t\t\t\t\t\t\t\t\t<h3 class=\"elementor-icon-box-title\">\n\t\t\t\t\t\t<a href=\"https:\/\/thehomecake.com\/fr\/aider\/pour-les-hotes\/comment-dresser-une-liste\/\" >\n\t\t\t\t\t\t\tComment dresser une liste\t\t\t\t\t\t<\/a>\n\t\t\t\t\t<\/h3>\n\t\t\t\t\n\t\t\t\t\t\t\t\t\t<p class=\"elementor-icon-box-description\">\n\t\t\t\t\t\tVisitez la page\t\t\t\t\t<\/p>\n\t\t\t\t\n\t\t\t<\/div>\n\t\t\t\n\t\t<\/div>\n\t\t\t\t\t\t<\/div>\n\t\t\t\t<\/div>\n\t\t<div class=\"elementor-element elementor-element-3dd47ba e-con-full e-flex e-con e-child\" data-id=\"3dd47ba\" data-element_type=\"container\" data-e-type=\"container\" data-settings=\"{&quot;background_background&quot;:&quot;classic&quot;}\">\n\t\t\t\t<div class=\"elementor-element elementor-element-2c7b50e elementor-widget elementor-widget-icon-box\" data-id=\"2c7b50e\" data-element_type=\"widget\" data-e-type=\"widget\" data-widget_type=\"icon-box.default\">\n\t\t\t\t\t\t\t<div class=\"elementor-icon-box-wrapper\">\n\n\t\t\t\n\t\t\t\t\t\t<div class=\"elementor-icon-box-content\">\n\n\t\t\t\t\t\t\t\t\t<h3 class=\"elementor-icon-box-title\">\n\t\t\t\t\t\t<a href=\"https:\/\/thehomecake.com\/fr\/aider\/pour-les-hotes\/faites-briller-votre-liste\/\" >\n\t\t\t\t\t\t\tFaites briller votre liste\t\t\t\t\t\t<\/a>\n\t\t\t\t\t<\/h3>\n\t\t\t\t\n\t\t\t\t\t\t\t\t\t<p class=\"elementor-icon-box-description\">\n\t\t\t\t\t\tVisitez la page\t\t\t\t\t<\/p>\n\t\t\t\t\n\t\t\t<\/div>\n\t\t\t\n\t\t<\/div>\n\t\t\t\t\t\t<\/div>\n\t\t\t\t<\/div>\n\t\t<div class=\"elementor-element elementor-element-5698445 e-con-full e-flex e-con e-child\" data-id=\"5698445\" data-element_type=\"container\" data-e-type=\"container\" data-settings=\"{&quot;background_background&quot;:&quot;classic&quot;}\">\n\t\t\t\t<div class=\"elementor-element elementor-element-0a37207 elementor-widget elementor-widget-icon-box\" data-id=\"0a37207\" data-element_type=\"widget\" data-e-type=\"widget\" data-widget_type=\"icon-box.default\">\n\t\t\t\t\t\t\t<div class=\"elementor-icon-box-wrapper\">\n\n\t\t\t\n\t\t\t\t\t\t<div class=\"elementor-icon-box-content\">\n\n\t\t\t\t\t\t\t\t\t<h3 class=\"elementor-icon-box-title\">\n\t\t\t\t\t\t<a href=\"https:\/\/thehomecake.com\/fr\/aider\/pour-les-hotes\/pms-tutorials\/\" >\n\t\t\t\t\t\t\tTutoriels PMS\t\t\t\t\t\t<\/a>\n\t\t\t\t\t<\/h3>\n\t\t\t\t\n\t\t\t\t\t\t\t\t\t<p class=\"elementor-icon-box-description\">\n\t\t\t\t\t\tVisitez la page\t\t\t\t\t<\/p>\n\t\t\t\t\n\t\t\t<\/div>\n\t\t\t\n\t\t<\/div>\n\t\t\t\t\t\t<\/div>\n\t\t\t\t<\/div>\n\t\t\t\t\t<\/div>\n\t\t\t\t<\/div>\n\t\t<div class=\"elementor-element elementor-element-e1a9b8a e-flex e-con-boxed e-con e-parent\" data-id=\"e1a9b8a\" data-element_type=\"container\" data-e-type=\"container\">\n\t\t\t\t\t<div class=\"e-con-inner\">\n\t\t\t\t<div class=\"elementor-element elementor-element-ad1f005 elementor-widget elementor-widget-text-editor\" data-id=\"ad1f005\" data-element_type=\"widget\" data-e-type=\"widget\" data-widget_type=\"text-editor.default\">\n\t\t\t\t\t\t\t\t\t<p>Notre objectif est de vous aider \u00e0 accro\u00eetre votre visibilit\u00e9, \u00e0 entrer en contact avec des clients responsables et \u00e0 promouvoir votre propri\u00e9t\u00e9 dans un environnement s\u00e9curis\u00e9 et conforme \u00e0 la r\u00e9glementation.<\/p><p>Si vous ne trouvez pas la r\u00e9ponse dont vous avez besoin, notre <a href=\"https:\/\/thehomecake.com\/fr\/contactez-nous\/\"><strong>\u00e9quipe de support<\/strong><\/a> est disponible pour vous aider.<\/p>\t\t\t\t\t\t\t\t<\/div>\n\t\t\t\t<div class=\"elementor-element elementor-element-62b9fdf elementor-widget elementor-widget-spacer\" data-id=\"62b9fdf\" data-element_type=\"widget\" data-e-type=\"widget\" data-widget_type=\"spacer.default\">\n\t\t\t\t\t\t\t<div class=\"elementor-spacer\">\n\t\t\t<div class=\"elementor-spacer-inner\"><\/div>\n\t\t<\/div>\n\t\t\t\t\t\t<\/div>\n\t\t\t\t\t<\/div>\n\t\t\t\t<\/div>\n\t\t\t\t<\/div>","protected":false},"excerpt":{"rendered":"<p>Support for Hosts \u00a0Welcome to the Host Support Page of The Home Cake. This section is designed to guide property owners and managers who want to publish and promote their legal tourist accommodations on our commission-free platform. The Home Cake connects hosts and travelers directly, without acting as a booking intermediary or processing payments. This [&hellip;]<\/p>\n","protected":false},"author":92,"featured_media":0,"parent":4634,"menu_order":0,"comment_status":"closed","ping_status":"closed","template":"elementor_header_footer","meta":{"_acf_changed":false,"footnotes":""},"class_list":["post-6266","page","type-page","status-publish","hentry"],"acf":[],"yoast_head":"<!-- This site is optimized with the Yoast SEO Premium plugin v26.9 (Yoast SEO v27.0) - https:\/\/yoast.com\/product\/yoast-seo-premium-wordpress\/ -->\n<title>For Hosts | The Home Cake<\/title>\n<meta name=\"robots\" content=\"index, follow, max-snippet:-1, max-image-preview:large, max-video-preview:-1\" \/>\n<link rel=\"canonical\" href=\"https:\/\/thehomecake.com\/fr\/aider\/pour-les-hotes\/\" \/>\n<meta property=\"og:locale\" content=\"fr_FR\" \/>\n<meta property=\"og:type\" content=\"article\" \/>\n<meta property=\"og:title\" content=\"For Hosts\" \/>\n<meta property=\"og:description\" content=\"Support for Hosts \u00a0Welcome to the Host Support Page of The Home Cake. This section is designed to guide property owners and managers who want to publish and promote their legal tourist accommodations on our commission-free platform. The Home Cake connects hosts and travelers directly, without acting as a booking intermediary or processing payments. This [&hellip;]\" \/>\n<meta property=\"og:url\" content=\"https:\/\/thehomecake.com\/fr\/aider\/pour-les-hotes\/\" \/>\n<meta property=\"og:site_name\" content=\"The Home Cake\" \/>\n<meta property=\"article:modified_time\" content=\"2026-02-12T11:39:24+00:00\" \/>\n<meta property=\"og:image\" content=\"https:\/\/mlanqvojypo1.i.optimole.com\/w:auto\/h:auto\/q:mauto\/f:best\/https:\/\/thehomecake.com\/wp-content\/uploads\/2025\/08\/LOGO_HORIZONTAL_BLANCO-scaled.png\" \/>\n\t<meta property=\"og:image:width\" content=\"2560\" \/>\n\t<meta property=\"og:image:height\" content=\"701\" \/>\n\t<meta property=\"og:image:type\" content=\"image\/png\" \/>\n<meta name=\"twitter:card\" content=\"summary_large_image\" \/>\n<meta name=\"twitter:label1\" content=\"Dur\u00e9e de lecture estim\u00e9e\" \/>\n\t<meta name=\"twitter:data1\" content=\"1 minute\" \/>\n<script type=\"application\/ld+json\" class=\"yoast-schema-graph\">{\"@context\":\"https:\/\/schema.org\",\"@graph\":[{\"@type\":\"WebPage\",\"@id\":\"https:\/\/thehomecake.com\/help\/for-hosts\/\",\"url\":\"https:\/\/thehomecake.com\/help\/for-hosts\/\",\"name\":\"For Hosts | The Home Cake\",\"isPartOf\":{\"@id\":\"https:\/\/thehomecake.com\/#website\"},\"datePublished\":\"2025-09-25T08:32:52+00:00\",\"dateModified\":\"2026-02-12T11:39:24+00:00\",\"breadcrumb\":{\"@id\":\"https:\/\/thehomecake.com\/help\/for-hosts\/#breadcrumb\"},\"inLanguage\":\"fr-FR\",\"potentialAction\":[{\"@type\":\"ReadAction\",\"target\":[\"https:\/\/thehomecake.com\/help\/for-hosts\/\"]}]},{\"@type\":\"BreadcrumbList\",\"@id\":\"https:\/\/thehomecake.com\/help\/for-hosts\/#breadcrumb\",\"itemListElement\":[{\"@type\":\"ListItem\",\"position\":1,\"name\":\"Portada\",\"item\":\"https:\/\/thehomecake.com\/\"},{\"@type\":\"ListItem\",\"position\":2,\"name\":\"Help\",\"item\":\"https:\/\/thehomecake.com\/help\/\"},{\"@type\":\"ListItem\",\"position\":3,\"name\":\"For Hosts\"}]},{\"@type\":\"WebSite\",\"@id\":\"https:\/\/thehomecake.com\/#website\",\"url\":\"https:\/\/thehomecake.com\/\",\"name\":\"The Home Cake\",\"description\":\"Menos algoritmos. M\u00e1s sentido com\u00fan. No era tan dif\u00edcil.\",\"publisher\":{\"@id\":\"https:\/\/thehomecake.com\/#organization\"},\"potentialAction\":[{\"@type\":\"SearchAction\",\"target\":{\"@type\":\"EntryPoint\",\"urlTemplate\":\"https:\/\/thehomecake.com\/?s={search_term_string}\"},\"query-input\":{\"@type\":\"PropertyValueSpecification\",\"valueRequired\":true,\"valueName\":\"search_term_string\"}}],\"inLanguage\":\"fr-FR\"},{\"@type\":\"Organization\",\"@id\":\"https:\/\/thehomecake.com\/#organization\",\"name\":\"The Home Cake\",\"url\":\"https:\/\/thehomecake.com\/\",\"logo\":{\"@type\":\"ImageObject\",\"inLanguage\":\"fr-FR\",\"@id\":\"https:\/\/thehomecake.com\/#\/schema\/logo\/image\/\",\"url\":\"https:\/\/mlanqvojypo1.i.optimole.com\/w:1920\/h:525\/q:mauto\/f:best\/https:\/\/thehomecake.com\/wp-content\/uploads\/2025\/08\/LOGO_HORIZONTAL_BLANCO-scaled.png\",\"contentUrl\":\"https:\/\/mlanqvojypo1.i.optimole.com\/w:1920\/h:525\/q:mauto\/f:best\/https:\/\/thehomecake.com\/wp-content\/uploads\/2025\/08\/LOGO_HORIZONTAL_BLANCO-scaled.png\",\"width\":2560,\"height\":701,\"caption\":\"The Home Cake\"},\"image\":{\"@id\":\"https:\/\/thehomecake.com\/#\/schema\/logo\/image\/\"}}]}<\/script>\n<!-- \/ Yoast SEO Premium plugin. -->","yoast_head_json":{"title":"Pour les h\u00f4tes | The Home Cake","robots":{"index":"index","follow":"follow","max-snippet":"max-snippet:-1","max-image-preview":"max-image-preview:large","max-video-preview":"max-video-preview:-1"},"canonical":"https:\/\/thehomecake.com\/fr\/aider\/pour-les-hotes\/","og_locale":"fr_FR","og_type":"article","og_title":"For Hosts","og_description":"Support for Hosts \u00a0Welcome to the Host Support Page of The Home Cake. This section is designed to guide property owners and managers who want to publish and promote their legal tourist accommodations on our commission-free platform. The Home Cake connects hosts and travelers directly, without acting as a booking intermediary or processing payments. This [&hellip;]","og_url":"https:\/\/thehomecake.com\/fr\/aider\/pour-les-hotes\/","og_site_name":"The Home Cake","article_modified_time":"2026-02-12T11:39:24+00:00","og_image":[{"width":2560,"height":701,"url":"https:\/\/mlanqvojypo1.i.optimole.com\/w:auto\/h:auto\/q:mauto\/f:best\/https:\/\/thehomecake.com\/wp-content\/uploads\/2025\/08\/LOGO_HORIZONTAL_BLANCO-scaled.png","type":"image\/png"}],"twitter_card":"summary_large_image","twitter_misc":{"Dur\u00e9e de lecture estim\u00e9e":"1 minute"},"schema":{"@context":"https:\/\/schema.org","@graph":[{"@type":"WebPage","@id":"https:\/\/thehomecake.com\/help\/for-hosts\/","url":"https:\/\/thehomecake.com\/help\/for-hosts\/","name":"Pour les h\u00f4tes | The Home Cake","isPartOf":{"@id":"https:\/\/thehomecake.com\/#website"},"datePublished":"2025-09-25T08:32:52+00:00","dateModified":"2026-02-12T11:39:24+00:00","breadcrumb":{"@id":"https:\/\/thehomecake.com\/help\/for-hosts\/#breadcrumb"},"inLanguage":"fr-FR","potentialAction":[{"@type":"ReadAction","target":["https:\/\/thehomecake.com\/help\/for-hosts\/"]}]},{"@type":"BreadcrumbList","@id":"https:\/\/thehomecake.com\/help\/for-hosts\/#breadcrumb","itemListElement":[{"@type":"ListItem","position":1,"name":"Portada","item":"https:\/\/thehomecake.com\/"},{"@type":"ListItem","position":2,"name":"Help","item":"https:\/\/thehomecake.com\/help\/"},{"@type":"ListItem","position":3,"name":"For Hosts"}]},{"@type":"WebSite","@id":"https:\/\/thehomecake.com\/#website","url":"https:\/\/thehomecake.com\/","name":"The Home Cake","description":"Moins d'algorithmes. Plus de sens commun. Ce n'\u00e9tait pas si difficile.","publisher":{"@id":"https:\/\/thehomecake.com\/#organization"},"potentialAction":[{"@type":"SearchAction","target":{"@type":"EntryPoint","urlTemplate":"https:\/\/thehomecake.com\/?s={search_term_string}"},"query-input":{"@type":"PropertyValueSpecification","valueRequired":true,"valueName":"search_term_string"}}],"inLanguage":"fr-FR"},{"@type":"Organization","@id":"https:\/\/thehomecake.com\/#organization","name":"The Home Cake","url":"https:\/\/thehomecake.com\/","logo":{"@type":"ImageObject","inLanguage":"fr-FR","@id":"https:\/\/thehomecake.com\/#\/schema\/logo\/image\/","url":"https:\/\/mlanqvojypo1.i.optimole.com\/w:1920\/h:525\/q:mauto\/f:best\/https:\/\/thehomecake.com\/wp-content\/uploads\/2025\/08\/LOGO_HORIZONTAL_BLANCO-scaled.png","contentUrl":"https:\/\/mlanqvojypo1.i.optimole.com\/w:1920\/h:525\/q:mauto\/f:best\/https:\/\/thehomecake.com\/wp-content\/uploads\/2025\/08\/LOGO_HORIZONTAL_BLANCO-scaled.png","width":2560,"height":701,"caption":"The Home Cake"},"image":{"@id":"https:\/\/thehomecake.com\/#\/schema\/logo\/image\/"}}]}},"_links":{"self":[{"href":"https:\/\/thehomecake.com\/fr\/wp-json\/wp\/v2\/pages\/6266","targetHints":{"allow":["GET"]}}],"collection":[{"href":"https:\/\/thehomecake.com\/fr\/wp-json\/wp\/v2\/pages"}],"about":[{"href":"https:\/\/thehomecake.com\/fr\/wp-json\/wp\/v2\/types\/page"}],"author":[{"embeddable":true,"href":"https:\/\/thehomecake.com\/fr\/wp-json\/wp\/v2\/users\/92"}],"replies":[{"embeddable":true,"href":"https:\/\/thehomecake.com\/fr\/wp-json\/wp\/v2\/comments?post=6266"}],"version-history":[{"count":31,"href":"https:\/\/thehomecake.com\/fr\/wp-json\/wp\/v2\/pages\/6266\/revisions"}],"predecessor-version":[{"id":7052,"href":"https:\/\/thehomecake.com\/fr\/wp-json\/wp\/v2\/pages\/6266\/revisions\/7052"}],"up":[{"embeddable":true,"href":"https:\/\/thehomecake.com\/fr\/wp-json\/wp\/v2\/pages\/4634"}],"wp:attachment":[{"href":"https:\/\/thehomecake.com\/fr\/wp-json\/wp\/v2\/media?parent=6266"}],"curies":[{"name":"wp","href":"https:\/\/api.w.org\/{rel}","templated":true}]}}