{"id":6271,"date":"2025-09-25T10:35:55","date_gmt":"2025-09-25T08:35:55","guid":{"rendered":"https:\/\/thehomecake.com\/?page_id=6271"},"modified":"2026-02-17T10:59:41","modified_gmt":"2026-02-17T09:59:41","slug":"faites-briller-votre-liste","status":"publish","type":"page","link":"https:\/\/thehomecake.com\/fr\/help\/for-hosts\/make-your-list-shine\/","title":{"rendered":"Faites briller votre liste"},"content":{"rendered":"<div data-elementor-type=\"wp-page\" data-elementor-id=\"6271\" class=\"elementor elementor-6271\" data-elementor-post-type=\"page\">\n\t\t\t\t<div class=\"elementor-element elementor-element-ce7b93f e-flex e-con-boxed e-con e-parent\" data-id=\"ce7b93f\" data-element_type=\"container\" data-e-type=\"container\">\n\t\t\t\t\t<div class=\"e-con-inner\">\n\t\t<div class=\"elementor-element elementor-element-3931fa9 e-con-full e-flex e-con e-child\" data-id=\"3931fa9\" data-element_type=\"container\" data-e-type=\"container\" data-settings=\"{&quot;background_background&quot;:&quot;classic&quot;}\">\n\t\t\t\t<div class=\"elementor-element elementor-element-07ccf5b elementor-widget elementor-widget-heading\" data-id=\"07ccf5b\" data-element_type=\"widget\" data-e-type=\"widget\" data-widget_type=\"heading.default\">\n\t\t\t\t\t<h1 class=\"elementor-heading-title elementor-size-default\">Faites ressortir votre annonce<\/h1>\t\t\t\t<\/div>\n\t\t\t\t<div class=\"elementor-element elementor-element-f1487a3 elementor-widget elementor-widget-text-editor\" data-id=\"f1487a3\" data-element_type=\"widget\" data-e-type=\"widget\" data-widget_type=\"text-editor.default\">\n\t\t\t\t\t\t\t\t\t<p>Chez The Home Cake, la visibilit\u00e9 de votre annonce repose sur la qualit\u00e9 des informations et le professionnalisme de l'h\u00f4te, et non sur des commissions ou des algorithmes impr\u00e9visibles. Les voyageurs appr\u00e9cient la transparence et recherchent des h\u00e9bergements touristiques l\u00e9gaux, bien pr\u00e9sent\u00e9s et clairement g\u00e9r\u00e9s.<\/p>\t\t\t\t\t\t\t\t<\/div>\n\t\t\t\t<\/div>\n\t\t\t\t\t<\/div>\n\t\t\t\t<\/div>\n\t\t<div class=\"elementor-element elementor-element-6fea38e e-flex e-con-boxed e-con e-parent\" data-id=\"6fea38e\" data-element_type=\"container\" data-e-type=\"container\">\n\t\t\t\t\t<div class=\"e-con-inner\">\n\t\t\t\t<div class=\"elementor-element elementor-element-95ac82d elementor-widget elementor-widget-text-editor\" data-id=\"95ac82d\" data-element_type=\"widget\" data-e-type=\"widget\" data-widget_type=\"text-editor.default\">\n\t\t\t\t\t\t\t\t\t<p><strong>Une annonce bien r\u00e9dig\u00e9e attire de meilleures r\u00e9servations.<\/strong><\/p>\t\t\t\t\t\t\t\t<\/div>\n\t\t<div class=\"elementor-element elementor-element-a3a1f4e e-con-full e-flex e-con e-child\" data-id=\"a3a1f4e\" data-element_type=\"container\" data-e-type=\"container\" data-settings=\"{&quot;background_background&quot;:&quot;classic&quot;}\">\n\t\t\t\t<div class=\"elementor-element elementor-element-849fa09 elementor-widget elementor-widget-heading\" data-id=\"849fa09\" data-element_type=\"widget\" data-e-type=\"widget\" data-widget_type=\"heading.default\">\n\t\t\t\t\t<h3 class=\"elementor-heading-title elementor-size-default\">Une annonce compl\u00e8te et honn\u00eate suscite non seulement plus de vues, mais elle permet \u00e9galement de trouver des voyageurs qui correspondent mieux \u00e0 votre h\u00e9bergement. Pour vous d\u00e9marquer, il est important de vous concentrer sur :<\/h3>\t\t\t\t<\/div>\n\t\t\t\t<div class=\"elementor-element elementor-element-9dd4b09 elementor-widget elementor-widget-text-editor\" data-id=\"9dd4b09\" data-element_type=\"widget\" data-e-type=\"widget\" data-widget_type=\"text-editor.default\">\n\t\t\t\t\t\t\t\t\t<ul><li>Photos r\u00e9elles de haute qualit\u00e9<\/li><li>Descriptions claires et d\u00e9taill\u00e9es<\/li><li>Informations pr\u00e9cises sur les r\u00e8gles, les \u00e9quipements et les environs<\/li><li>Un calendrier et une tarification clairement d\u00e9finis.<\/li><\/ul>\t\t\t\t\t\t\t\t<\/div>\n\t\t\t\t<div class=\"elementor-element elementor-element-431b253 elementor-widget elementor-widget-heading\" data-id=\"431b253\" data-element_type=\"widget\" data-e-type=\"widget\" data-widget_type=\"heading.default\">\n\t\t\t\t\t<h4 class=\"elementor-heading-title elementor-size-default\">Ces \u00e9l\u00e9ments augmentent la confiance des voyageurs et am\u00e9liorent la visibilit\u00e9 de votre h\u00e9bergement.<\/h4>\t\t\t\t<\/div>\n\t\t\t\t<\/div>\n\t\t\t\t\t<\/div>\n\t\t\t\t<\/div>\n\t\t<div class=\"elementor-element elementor-element-d5425c3 e-flex e-con-boxed e-con e-parent\" data-id=\"d5425c3\" data-element_type=\"container\" data-e-type=\"container\">\n\t\t\t\t\t<div class=\"e-con-inner\">\n\t\t\t\t<div class=\"elementor-element elementor-element-5b69ca9 elementor-widget elementor-widget-text-editor\" data-id=\"5b69ca9\" data-element_type=\"widget\" data-e-type=\"widget\" data-widget_type=\"text-editor.default\">\n\t\t\t\t\t\t\t\t\t<p><strong>\u279c Visibilit\u00e9 bas\u00e9e sur des crit\u00e8res clairs.<\/strong><\/p>\t\t\t\t\t\t\t\t<\/div>\n\t\t<div class=\"elementor-element elementor-element-7d8c5e0 e-con-full e-flex e-con e-child\" data-id=\"7d8c5e0\" data-element_type=\"container\" data-e-type=\"container\" data-settings=\"{&quot;background_background&quot;:&quot;classic&quot;}\">\n\t\t\t\t<div class=\"elementor-element elementor-element-ccf4f0b elementor-widget elementor-widget-heading\" data-id=\"ccf4f0b\" data-element_type=\"widget\" data-e-type=\"widget\" data-widget_type=\"heading.default\">\n\t\t\t\t\t<h3 class=\"elementor-heading-title elementor-size-default\">L'affichage des h\u00e9bergements sur The Home Cake repose sur des crit\u00e8res clairs et coh\u00e9rents :<\/h3>\t\t\t\t<\/div>\n\t\t\t\t<div class=\"elementor-element elementor-element-65a387b elementor-widget elementor-widget-text-editor\" data-id=\"65a387b\" data-element_type=\"widget\" data-e-type=\"widget\" data-widget_type=\"text-editor.default\">\n\t\t\t\t\t\t\t\t\t<ul><li>L\u00e9galit\u00e9 du logement<\/li><li>La qualit\u00e9 et la clart\u00e9 de l'annonce<\/li><li>Plan de visibilit\u00e9 choisi<\/li><\/ul>\t\t\t\t\t\t\t\t<\/div>\n\t\t\t\t<div class=\"elementor-element elementor-element-46cbfd5 elementor-widget elementor-widget-heading\" data-id=\"46cbfd5\" data-element_type=\"widget\" data-e-type=\"widget\" data-widget_type=\"heading.default\">\n\t\t\t\t\t<h4 class=\"elementor-heading-title elementor-size-default\">De cette fa\u00e7on, vous savez toujours pourquoi votre h\u00e9bergement est affich\u00e9 et comment vous pouvez am\u00e9liorer ses performances.<\/h4>\t\t\t\t<\/div>\n\t\t\t\t<\/div>\n\t\t\t\t\t<\/div>\n\t\t\t\t<\/div>\n\t\t<div class=\"elementor-element elementor-element-f2adac4 e-flex e-con-boxed e-con e-parent\" data-id=\"f2adac4\" data-element_type=\"container\" data-e-type=\"container\" data-settings=\"{&quot;background_background&quot;:&quot;classic&quot;}\">\n\t\t\t\t\t<div class=\"e-con-inner\">\n\t\t<div class=\"elementor-element elementor-element-fb8badc e-con-full e-flex e-con e-child\" data-id=\"fb8badc\" data-element_type=\"container\" data-e-type=\"container\" data-settings=\"{&quot;background_background&quot;:&quot;classic&quot;}\">\n\t\t\t\t<div class=\"elementor-element elementor-element-7c6c350 elementor-widget elementor-widget-heading\" data-id=\"7c6c350\" data-element_type=\"widget\" data-e-type=\"widget\" data-widget_type=\"heading.default\">\n\t\t\t\t\t<h2 class=\"elementor-heading-title elementor-size-default\">Con\u00e7u pour les h\u00f4tes professionnels<\/h2>\t\t\t\t<\/div>\n\t\t\t\t<div class=\"elementor-element elementor-element-6d04862 elementor-widget elementor-widget-text-editor\" data-id=\"6d04862\" data-element_type=\"widget\" data-e-type=\"widget\" data-widget_type=\"text-editor.default\">\n\t\t\t\t\t\t\t\t\t<p>The Home Cake s'adresse aux propri\u00e9taires et gestionnaires \u00e0 la recherche d'une plateforme sans interm\u00e9diaires<br \/>et sans frais de r\u00e9servation. Ici, la concurrence ne porte pas sur le prix, mais sur la confiance, l'information et<br \/>professionnalisme.<\/p>\t\t\t\t\t\t\t\t<\/div>\n\t\t\t\t<\/div>\n\t\t\t\t\t<\/div>\n\t\t\t\t<\/div>\n\t\t<div class=\"elementor-element elementor-element-2313a18 e-flex e-con-boxed e-con e-parent\" data-id=\"2313a18\" data-element_type=\"container\" data-e-type=\"container\">\n\t\t\t\t\t<div class=\"e-con-inner\">\n\t\t<div class=\"elementor-element elementor-element-af77e7e e-con-full e-flex e-con e-child\" data-id=\"af77e7e\" data-element_type=\"container\" data-e-type=\"container\" data-settings=\"{&quot;background_background&quot;:&quot;classic&quot;}\">\n\t\t\t\t<div class=\"elementor-element elementor-element-ebde6f4 elementor-widget elementor-widget-heading\" data-id=\"ebde6f4\" data-element_type=\"widget\" data-e-type=\"widget\" data-widget_type=\"heading.default\">\n\t\t\t\t\t<h1 class=\"elementor-heading-title elementor-size-default\">Plus de contr\u00f4le, de meilleurs r\u00e9sultats<\/h1>\t\t\t\t<\/div>\n\t\t\t\t<div class=\"elementor-element elementor-element-4ae0f66 elementor-widget elementor-widget-text-editor\" data-id=\"4ae0f66\" data-element_type=\"widget\" data-e-type=\"widget\" data-widget_type=\"text-editor.default\">\n\t\t\t\t\t\t\t\t\t<p>Vous d\u00e9cidez de la mani\u00e8re dont vous pr\u00e9sentez votre h\u00e9bergement et du type de voyageurs que vous souhaitez attirer. La plateforme vous offre de la visibilit\u00e9 et de l'espace ; le contr\u00f4le reste toujours entre les mains de l'h\u00f4te.<\/p>\t\t\t\t\t\t\t\t<\/div>\n\t\t\t\t<div class=\"elementor-element elementor-element-c686e95 elementor-align-left btn-block elementor-widget elementor-widget-button\" data-id=\"c686e95\" data-element_type=\"widget\" data-e-type=\"widget\" data-widget_type=\"button.default\">\n\t\t\t\t\t\t\t\t\t\t<a class=\"elementor-button elementor-button-link elementor-size-sm\" href=\"https:\/\/thehomecake.com\/fr\/adhesion\/\">\n\t\t\t\t\t\t<span class=\"elementor-button-content-wrapper\">\n\t\t\t\t\t\t\t\t\t<span class=\"elementor-button-text\">Choisissez votre plan aujourd'hui et rejoignez The Home Cake.<\/span>\n\t\t\t\t\t<\/span>\n\t\t\t\t\t<\/a>\n\t\t\t\t\t\t\t\t<\/div>\n\t\t\t\t<\/div>\n\t\t\t\t\t<\/div>\n\t\t\t\t<\/div>\n\t\t<div class=\"elementor-element elementor-element-df7e0dd e-flex e-con-boxed e-con e-parent\" data-id=\"df7e0dd\" data-element_type=\"container\" data-e-type=\"container\">\n\t\t\t\t\t<div class=\"e-con-inner\">\n\t\t\t\t<div class=\"elementor-element elementor-element-3f1db36 elementor-widget elementor-widget-spacer\" data-id=\"3f1db36\" data-element_type=\"widget\" data-e-type=\"widget\" data-widget_type=\"spacer.default\">\n\t\t\t\t\t\t\t<div class=\"elementor-spacer\">\n\t\t\t<div class=\"elementor-spacer-inner\"><\/div>\n\t\t<\/div>\n\t\t\t\t\t\t<\/div>\n\t\t\t\t\t<\/div>\n\t\t\t\t<\/div>\n\t\t\t\t<\/div>","protected":false},"excerpt":{"rendered":"<p>Make your listing stand out At The Home Cake, your listing&#8217;s visibility is based on the quality of the information and the host&#8217;s professionalism, not on commissions or unpredictable algorithms. Travelers value transparency and look for legal, well-presented, and clearly managed tourist accommodations. \u279c A well-crafted listing attracts better bookings. A complete and honest listing [&hellip;]<\/p>\n","protected":false},"author":92,"featured_media":0,"parent":6266,"menu_order":0,"comment_status":"closed","ping_status":"closed","template":"elementor_header_footer","meta":{"_acf_changed":false,"footnotes":""},"class_list":["post-6271","page","type-page","status-publish","hentry"],"acf":[],"yoast_head":"<!-- This site is optimized with the Yoast SEO Premium plugin v26.9 (Yoast SEO v27.0) - https:\/\/yoast.com\/product\/yoast-seo-premium-wordpress\/ -->\n<title>Make your list shine | The Home Cake<\/title>\n<meta name=\"robots\" content=\"index, follow, max-snippet:-1, max-image-preview:large, max-video-preview:-1\" \/>\n<link rel=\"canonical\" href=\"https:\/\/thehomecake.com\/fr\/aider\/pour-les-hotes\/faites-briller-votre-liste\/\" \/>\n<meta property=\"og:locale\" content=\"fr_FR\" \/>\n<meta property=\"og:type\" content=\"article\" \/>\n<meta property=\"og:title\" content=\"Make your list shine\" \/>\n<meta property=\"og:description\" content=\"Make your listing stand out At The Home Cake, your listing&#8217;s visibility is based on the quality of the information and the host&#8217;s professionalism, not on commissions or unpredictable algorithms. Travelers value transparency and look for legal, well-presented, and clearly managed tourist accommodations. \u279c A well-crafted listing attracts better bookings. A complete and honest listing [&hellip;]\" \/>\n<meta property=\"og:url\" content=\"https:\/\/thehomecake.com\/fr\/aider\/pour-les-hotes\/faites-briller-votre-liste\/\" \/>\n<meta property=\"og:site_name\" content=\"The Home Cake\" \/>\n<meta property=\"article:modified_time\" content=\"2026-02-17T09:59:41+00:00\" \/>\n<meta property=\"og:image\" content=\"https:\/\/mlanqvojypo1.i.optimole.com\/w:auto\/h:auto\/q:mauto\/f:best\/https:\/\/thehomecake.com\/wp-content\/uploads\/2025\/08\/LOGO_HORIZONTAL_BLANCO-scaled.png\" \/>\n\t<meta property=\"og:image:width\" content=\"2560\" \/>\n\t<meta property=\"og:image:height\" content=\"701\" \/>\n\t<meta property=\"og:image:type\" content=\"image\/png\" \/>\n<meta name=\"twitter:card\" content=\"summary_large_image\" \/>\n<meta name=\"twitter:label1\" content=\"Dur\u00e9e de lecture estim\u00e9e\" \/>\n\t<meta name=\"twitter:data1\" content=\"2 minutes\" \/>\n<script type=\"application\/ld+json\" class=\"yoast-schema-graph\">{\"@context\":\"https:\/\/schema.org\",\"@graph\":[{\"@type\":\"WebPage\",\"@id\":\"https:\/\/thehomecake.com\/help\/for-hosts\/make-your-list-shine\/\",\"url\":\"https:\/\/thehomecake.com\/help\/for-hosts\/make-your-list-shine\/\",\"name\":\"Make your list shine | The Home Cake\",\"isPartOf\":{\"@id\":\"https:\/\/thehomecake.com\/#website\"},\"datePublished\":\"2025-09-25T08:35:55+00:00\",\"dateModified\":\"2026-02-17T09:59:41+00:00\",\"breadcrumb\":{\"@id\":\"https:\/\/thehomecake.com\/help\/for-hosts\/make-your-list-shine\/#breadcrumb\"},\"inLanguage\":\"fr-FR\",\"potentialAction\":[{\"@type\":\"ReadAction\",\"target\":[\"https:\/\/thehomecake.com\/help\/for-hosts\/make-your-list-shine\/\"]}]},{\"@type\":\"BreadcrumbList\",\"@id\":\"https:\/\/thehomecake.com\/help\/for-hosts\/make-your-list-shine\/#breadcrumb\",\"itemListElement\":[{\"@type\":\"ListItem\",\"position\":1,\"name\":\"Portada\",\"item\":\"https:\/\/thehomecake.com\/\"},{\"@type\":\"ListItem\",\"position\":2,\"name\":\"Help\",\"item\":\"https:\/\/thehomecake.com\/help\/\"},{\"@type\":\"ListItem\",\"position\":3,\"name\":\"For Hosts\",\"item\":\"https:\/\/thehomecake.com\/help\/for-hosts\/\"},{\"@type\":\"ListItem\",\"position\":4,\"name\":\"Make your list shine\"}]},{\"@type\":\"WebSite\",\"@id\":\"https:\/\/thehomecake.com\/#website\",\"url\":\"https:\/\/thehomecake.com\/\",\"name\":\"The Home Cake\",\"description\":\"Menos algoritmos. M\u00e1s sentido com\u00fan. No era tan dif\u00edcil.\",\"publisher\":{\"@id\":\"https:\/\/thehomecake.com\/#organization\"},\"potentialAction\":[{\"@type\":\"SearchAction\",\"target\":{\"@type\":\"EntryPoint\",\"urlTemplate\":\"https:\/\/thehomecake.com\/?s={search_term_string}\"},\"query-input\":{\"@type\":\"PropertyValueSpecification\",\"valueRequired\":true,\"valueName\":\"search_term_string\"}}],\"inLanguage\":\"fr-FR\"},{\"@type\":\"Organization\",\"@id\":\"https:\/\/thehomecake.com\/#organization\",\"name\":\"The Home Cake\",\"url\":\"https:\/\/thehomecake.com\/\",\"logo\":{\"@type\":\"ImageObject\",\"inLanguage\":\"fr-FR\",\"@id\":\"https:\/\/thehomecake.com\/#\/schema\/logo\/image\/\",\"url\":\"https:\/\/mlanqvojypo1.i.optimole.com\/w:1920\/h:525\/q:mauto\/f:best\/https:\/\/thehomecake.com\/wp-content\/uploads\/2025\/08\/LOGO_HORIZONTAL_BLANCO-scaled.png\",\"contentUrl\":\"https:\/\/mlanqvojypo1.i.optimole.com\/w:1920\/h:525\/q:mauto\/f:best\/https:\/\/thehomecake.com\/wp-content\/uploads\/2025\/08\/LOGO_HORIZONTAL_BLANCO-scaled.png\",\"width\":2560,\"height\":701,\"caption\":\"The Home Cake\"},\"image\":{\"@id\":\"https:\/\/thehomecake.com\/#\/schema\/logo\/image\/\"}}]}<\/script>\n<!-- \/ Yoast SEO Premium plugin. -->","yoast_head_json":{"title":"Faites briller votre liste | The Home Cake","robots":{"index":"index","follow":"follow","max-snippet":"max-snippet:-1","max-image-preview":"max-image-preview:large","max-video-preview":"max-video-preview:-1"},"canonical":"https:\/\/thehomecake.com\/fr\/aider\/pour-les-hotes\/faites-briller-votre-liste\/","og_locale":"fr_FR","og_type":"article","og_title":"Make your list shine","og_description":"Make your listing stand out At The Home Cake, your listing&#8217;s visibility is based on the quality of the information and the host&#8217;s professionalism, not on commissions or unpredictable algorithms. Travelers value transparency and look for legal, well-presented, and clearly managed tourist accommodations. \u279c A well-crafted listing attracts better bookings. A complete and honest listing [&hellip;]","og_url":"https:\/\/thehomecake.com\/fr\/aider\/pour-les-hotes\/faites-briller-votre-liste\/","og_site_name":"The Home Cake","article_modified_time":"2026-02-17T09:59:41+00:00","og_image":[{"width":2560,"height":701,"url":"https:\/\/mlanqvojypo1.i.optimole.com\/w:auto\/h:auto\/q:mauto\/f:best\/https:\/\/thehomecake.com\/wp-content\/uploads\/2025\/08\/LOGO_HORIZONTAL_BLANCO-scaled.png","type":"image\/png"}],"twitter_card":"summary_large_image","twitter_misc":{"Dur\u00e9e de lecture estim\u00e9e":"2 minutes"},"schema":{"@context":"https:\/\/schema.org","@graph":[{"@type":"WebPage","@id":"https:\/\/thehomecake.com\/help\/for-hosts\/make-your-list-shine\/","url":"https:\/\/thehomecake.com\/help\/for-hosts\/make-your-list-shine\/","name":"Faites briller votre liste | The Home Cake","isPartOf":{"@id":"https:\/\/thehomecake.com\/#website"},"datePublished":"2025-09-25T08:35:55+00:00","dateModified":"2026-02-17T09:59:41+00:00","breadcrumb":{"@id":"https:\/\/thehomecake.com\/help\/for-hosts\/make-your-list-shine\/#breadcrumb"},"inLanguage":"fr-FR","potentialAction":[{"@type":"ReadAction","target":["https:\/\/thehomecake.com\/help\/for-hosts\/make-your-list-shine\/"]}]},{"@type":"BreadcrumbList","@id":"https:\/\/thehomecake.com\/help\/for-hosts\/make-your-list-shine\/#breadcrumb","itemListElement":[{"@type":"ListItem","position":1,"name":"Portada","item":"https:\/\/thehomecake.com\/"},{"@type":"ListItem","position":2,"name":"Help","item":"https:\/\/thehomecake.com\/help\/"},{"@type":"ListItem","position":3,"name":"For Hosts","item":"https:\/\/thehomecake.com\/help\/for-hosts\/"},{"@type":"ListItem","position":4,"name":"Make your list shine"}]},{"@type":"WebSite","@id":"https:\/\/thehomecake.com\/#website","url":"https:\/\/thehomecake.com\/","name":"The Home Cake","description":"Moins d'algorithmes. Plus de sens commun. Ce n'\u00e9tait pas si difficile.","publisher":{"@id":"https:\/\/thehomecake.com\/#organization"},"potentialAction":[{"@type":"SearchAction","target":{"@type":"EntryPoint","urlTemplate":"https:\/\/thehomecake.com\/?s={search_term_string}"},"query-input":{"@type":"PropertyValueSpecification","valueRequired":true,"valueName":"search_term_string"}}],"inLanguage":"fr-FR"},{"@type":"Organization","@id":"https:\/\/thehomecake.com\/#organization","name":"The Home Cake","url":"https:\/\/thehomecake.com\/","logo":{"@type":"ImageObject","inLanguage":"fr-FR","@id":"https:\/\/thehomecake.com\/#\/schema\/logo\/image\/","url":"https:\/\/mlanqvojypo1.i.optimole.com\/w:1920\/h:525\/q:mauto\/f:best\/https:\/\/thehomecake.com\/wp-content\/uploads\/2025\/08\/LOGO_HORIZONTAL_BLANCO-scaled.png","contentUrl":"https:\/\/mlanqvojypo1.i.optimole.com\/w:1920\/h:525\/q:mauto\/f:best\/https:\/\/thehomecake.com\/wp-content\/uploads\/2025\/08\/LOGO_HORIZONTAL_BLANCO-scaled.png","width":2560,"height":701,"caption":"The Home Cake"},"image":{"@id":"https:\/\/thehomecake.com\/#\/schema\/logo\/image\/"}}]}},"_links":{"self":[{"href":"https:\/\/thehomecake.com\/fr\/wp-json\/wp\/v2\/pages\/6271","targetHints":{"allow":["GET"]}}],"collection":[{"href":"https:\/\/thehomecake.com\/fr\/wp-json\/wp\/v2\/pages"}],"about":[{"href":"https:\/\/thehomecake.com\/fr\/wp-json\/wp\/v2\/types\/page"}],"author":[{"embeddable":true,"href":"https:\/\/thehomecake.com\/fr\/wp-json\/wp\/v2\/users\/92"}],"replies":[{"embeddable":true,"href":"https:\/\/thehomecake.com\/fr\/wp-json\/wp\/v2\/comments?post=6271"}],"version-history":[{"count":34,"href":"https:\/\/thehomecake.com\/fr\/wp-json\/wp\/v2\/pages\/6271\/revisions"}],"predecessor-version":[{"id":7133,"href":"https:\/\/thehomecake.com\/fr\/wp-json\/wp\/v2\/pages\/6271\/revisions\/7133"}],"up":[{"embeddable":true,"href":"https:\/\/thehomecake.com\/fr\/wp-json\/wp\/v2\/pages\/6266"}],"wp:attachment":[{"href":"https:\/\/thehomecake.com\/fr\/wp-json\/wp\/v2\/media?parent=6271"}],"curies":[{"name":"wp","href":"https:\/\/api.w.org\/{rel}","templated":true}]}}