{"id":6280,"date":"2025-09-25T10:39:01","date_gmt":"2025-09-25T08:39:01","guid":{"rendered":"https:\/\/thehomecake.com\/?page_id=6280"},"modified":"2026-02-18T18:17:22","modified_gmt":"2026-02-18T17:17:22","slug":"conseils-de-securite","status":"publish","type":"page","link":"https:\/\/thehomecake.com\/fr\/help\/for-guests\/safety-tips\/","title":{"rendered":"Conseils de s\u00e9curit\u00e9"},"content":{"rendered":"<div data-elementor-type=\"wp-page\" data-elementor-id=\"6280\" class=\"elementor elementor-6280\" data-elementor-post-type=\"page\">\n\t\t\t\t<div class=\"elementor-element elementor-element-54adf84 e-flex e-con-boxed e-con e-parent\" data-id=\"54adf84\" data-element_type=\"container\" data-e-type=\"container\">\n\t\t\t\t\t<div class=\"e-con-inner\">\n\t\t\t\t<div class=\"elementor-element elementor-element-d33a6d1 elementor-widget elementor-widget-text-editor\" data-id=\"d33a6d1\" data-element_type=\"widget\" data-e-type=\"widget\" data-widget_type=\"text-editor.default\">\n\t\t\t\t\t\t\t\t\t<h1>Conseils de s\u00e9curit\u00e9<\/h1><h2>Bonnes pratiques pour une exp\u00e9rience s\u00fbre et transparente<\/h2><p>Cette section rassemble des recommandations pratiques pour les voyageurs et les h\u00f4tes afin de profiter d'une exp\u00e9rience s\u00fbre et transparente sur The Home Cake. L'objectif est de promouvoir les bonnes pratiques avant, pendant et apr\u00e8s chaque r\u00e9servation.<\/p><h2>Conseils de s\u00e9curit\u00e9 pour les voyageurs<\/h2><ul><li><strong>Veuillez consulter les informations de l'annonce :<\/strong> Avant de r\u00e9server, examinez attentivement la description de l'annonce, le r\u00e8glement int\u00e9rieur, les photos et l'emplacement. Une annonce compl\u00e8te et claire est g\u00e9n\u00e9ralement le signe d'un h\u00f4te engag\u00e9.<\/li><li><strong>Toujours communiquer par le biais de la plateforme :<\/strong> Utilisez les canaux de communication disponibles sur The Home Cake pour contacter l'h\u00f4te. Cela permet de garder une trace claire des conversations et de r\u00e9duire les malentendus.<\/li><li><strong>Clarifiez les conditions avant de r\u00e9server :<\/strong> Posez \u00e0 l'h\u00f4te toutes les questions relatives aux horaires, aux r\u00e8gles, aux services inclus ou aux politiques d'annulation avant de confirmer votre r\u00e9servation.<\/li><li><strong>M\u00e9fiez-vous des offres peu claires :<\/strong> Si une offre semble floue ou trop belle pour \u00eatre vraie, prenez le temps de v\u00e9rifier les informations avant de continuer.<\/li><li><strong>Prot\u00e9gez vos donn\u00e9es personnelles :<\/strong> Ne partagez que les informations n\u00e9cessaires \u00e0 la gestion de la r\u00e9servation et \u00e9vitez de fournir des donn\u00e9es sensibles non essentielles.<\/li><\/ul><h2>Conseils de s\u00e9curit\u00e9 pour les h\u00f4tes<\/h2><ul><li><strong>Publier des informations exactes et \u00e0 jour :<\/strong> Assurez-vous que les informations de votre annonce sont exactes et toujours \u00e0 jour : vraies photos, descriptions honn\u00eates, r\u00e8gles claires de la maison et disponibilit\u00e9 correcte.<\/li><li><strong>Communiquer les r\u00e8gles \u00e0 l'avance :<\/strong> Veuillez \u00e9noncer clairement les r\u00e8gles de la maison et les conditions de s\u00e9jour afin d'\u00e9viter tout conflit pendant la r\u00e9servation ou le s\u00e9jour.<\/li><li><strong>G\u00e9rez la disponibilit\u00e9 efficacement :<\/strong> Tenez votre calendrier \u00e0 jour, surtout si vous utilisez des syst\u00e8mes de gestion de r\u00e9servations externes (PMS), pour \u00e9viterles chevauchements ou les r\u00e9servations en double.<\/li><li><strong>Se mettre d'accord clairement sur le mode de paiement :<\/strong> D\u00e9finissez le mode de paiement et les conditions avec le voyageur avant de confirmer la r\u00e9servation. La transparence renforce la confiance et r\u00e9duit les probl\u00e8mes.<\/li><li><strong>Prot\u00e9gez vos informations personnelles :<\/strong> Ne partagez pas d'informations personnelles ou bancaires qui ne sont pas n\u00e9cessaires \u00e0 la gestion de la r\u00e9servation.<\/li><\/ul><h2>Recommandations g\u00e9n\u00e9rales<\/h2><ul><li><strong>Communication claire et respectueuse<\/strong> Une communication fluide et respectueuse entre le voyageur et l'h\u00f4te est le fondement d'une exp\u00e9rience s\u00fbre et satisfaisante.<\/li><li><strong>Agir en cas de comportement suspect :<\/strong> Si vous remarquez un comportement qui suscite des inqui\u00e9tudes, \u00e9vitez de proc\u00e9der \u00e0 la r\u00e9servation et contactez l'\u00e9quipe The Home Cake pour obtenir des conseils.<\/li><\/ul>\t\t\t\t\t\t\t\t<\/div>\n\t\t\t\t\t<\/div>\n\t\t\t\t<\/div>\n\t\t<div class=\"elementor-element elementor-element-74c92b3 e-flex e-con-boxed e-con e-parent\" data-id=\"74c92b3\" data-element_type=\"container\" data-e-type=\"container\">\n\t\t\t\t\t<div class=\"e-con-inner\">\n\t\t<div class=\"elementor-element elementor-element-8f22b74 e-con-full e-flex e-con e-child\" data-id=\"8f22b74\" data-element_type=\"container\" data-e-type=\"container\" data-settings=\"{&quot;background_background&quot;:&quot;classic&quot;}\">\n\t\t\t\t<div class=\"elementor-element elementor-element-10e4d60 elementor-widget elementor-widget-heading\" data-id=\"10e4d60\" data-element_type=\"widget\" data-e-type=\"widget\" data-widget_type=\"heading.default\">\n\t\t\t\t\t<h1 class=\"elementor-heading-title elementor-size-default\">S\u00e9curit\u00e9 et confiance chez The Home Cake<\/h1>\t\t\t\t<\/div>\n\t\t\t\t<div class=\"elementor-element elementor-element-3b52c89 elementor-widget elementor-widget-text-editor\" data-id=\"3b52c89\" data-element_type=\"widget\" data-e-type=\"widget\" data-widget_type=\"text-editor.default\">\n\t\t\t\t\t\t\t\t\t<p>The Home Cake promeut un environnement bas\u00e9 sur la transparence, la l\u00e9galit\u00e9 et la communication directe. Ces recommandations contribuent \u00e0 cr\u00e9er une communaut\u00e9 plus s\u00fbre pour les voyageurs et les h\u00f4tes.<\/p>\t\t\t\t\t\t\t\t<\/div>\n\t\t\t\t<\/div>\n\t\t\t\t\t<\/div>\n\t\t\t\t<\/div>\n\t\t\t\t<\/div>","protected":false},"excerpt":{"rendered":"<p>Safety Tips Good practices for a safe and transparent experience This section brings together practical recommendations for travelers and hosts to enjoy a safe and transparent experience on The Home Cake. The goal is to promote good practices before, during, and after each booking. Safety Tips for Travelers Review the listing information: Before booking, carefully [&hellip;]<\/p>\n","protected":false},"author":92,"featured_media":0,"parent":6274,"menu_order":0,"comment_status":"closed","ping_status":"closed","template":"elementor_header_footer","meta":{"_acf_changed":false,"footnotes":""},"class_list":["post-6280","page","type-page","status-publish","hentry"],"acf":[],"yoast_head":"<!-- This site is optimized with the Yoast SEO Premium plugin v26.9 (Yoast SEO v27.0) - https:\/\/yoast.com\/product\/yoast-seo-premium-wordpress\/ -->\n<title>Safety Tips | The Home Cake<\/title>\n<meta name=\"robots\" content=\"index, follow, max-snippet:-1, max-image-preview:large, max-video-preview:-1\" \/>\n<link rel=\"canonical\" href=\"https:\/\/thehomecake.com\/fr\/aider\/pour-les-invites\/conseils-de-securite\/\" \/>\n<meta property=\"og:locale\" content=\"fr_FR\" \/>\n<meta property=\"og:type\" content=\"article\" \/>\n<meta property=\"og:title\" content=\"Safety Tips\" \/>\n<meta property=\"og:description\" content=\"Safety Tips Good practices for a safe and transparent experience This section brings together practical recommendations for travelers and hosts to enjoy a safe and transparent experience on The Home Cake. The goal is to promote good practices before, during, and after each booking. Safety Tips for Travelers Review the listing information: Before booking, carefully [&hellip;]\" \/>\n<meta property=\"og:url\" content=\"https:\/\/thehomecake.com\/fr\/aider\/pour-les-invites\/conseils-de-securite\/\" \/>\n<meta property=\"og:site_name\" content=\"The Home Cake\" \/>\n<meta property=\"article:modified_time\" content=\"2026-02-18T17:17:22+00:00\" \/>\n<meta property=\"og:image\" content=\"https:\/\/mlanqvojypo1.i.optimole.com\/w:auto\/h:auto\/q:mauto\/f:best\/https:\/\/thehomecake.com\/wp-content\/uploads\/2025\/08\/LOGO_HORIZONTAL_BLANCO-scaled.png\" \/>\n\t<meta property=\"og:image:width\" content=\"2560\" \/>\n\t<meta property=\"og:image:height\" content=\"701\" \/>\n\t<meta property=\"og:image:type\" content=\"image\/png\" \/>\n<meta name=\"twitter:card\" content=\"summary_large_image\" \/>\n<meta name=\"twitter:label1\" content=\"Dur\u00e9e de lecture estim\u00e9e\" \/>\n\t<meta name=\"twitter:data1\" content=\"2 minutes\" \/>\n<script type=\"application\/ld+json\" class=\"yoast-schema-graph\">{\"@context\":\"https:\/\/schema.org\",\"@graph\":[{\"@type\":\"WebPage\",\"@id\":\"https:\/\/thehomecake.com\/help\/for-guests\/safety-tips\/\",\"url\":\"https:\/\/thehomecake.com\/help\/for-guests\/safety-tips\/\",\"name\":\"Safety Tips | The Home Cake\",\"isPartOf\":{\"@id\":\"https:\/\/thehomecake.com\/#website\"},\"datePublished\":\"2025-09-25T08:39:01+00:00\",\"dateModified\":\"2026-02-18T17:17:22+00:00\",\"breadcrumb\":{\"@id\":\"https:\/\/thehomecake.com\/help\/for-guests\/safety-tips\/#breadcrumb\"},\"inLanguage\":\"fr-FR\",\"potentialAction\":[{\"@type\":\"ReadAction\",\"target\":[\"https:\/\/thehomecake.com\/help\/for-guests\/safety-tips\/\"]}]},{\"@type\":\"BreadcrumbList\",\"@id\":\"https:\/\/thehomecake.com\/help\/for-guests\/safety-tips\/#breadcrumb\",\"itemListElement\":[{\"@type\":\"ListItem\",\"position\":1,\"name\":\"Portada\",\"item\":\"https:\/\/thehomecake.com\/\"},{\"@type\":\"ListItem\",\"position\":2,\"name\":\"Help\",\"item\":\"https:\/\/thehomecake.com\/help\/\"},{\"@type\":\"ListItem\",\"position\":3,\"name\":\"For Guests\",\"item\":\"https:\/\/thehomecake.com\/help\/for-guests\/\"},{\"@type\":\"ListItem\",\"position\":4,\"name\":\"Safety Tips\"}]},{\"@type\":\"WebSite\",\"@id\":\"https:\/\/thehomecake.com\/#website\",\"url\":\"https:\/\/thehomecake.com\/\",\"name\":\"The Home Cake\",\"description\":\"Menos algoritmos. M\u00e1s sentido com\u00fan. No era tan dif\u00edcil.\",\"publisher\":{\"@id\":\"https:\/\/thehomecake.com\/#organization\"},\"potentialAction\":[{\"@type\":\"SearchAction\",\"target\":{\"@type\":\"EntryPoint\",\"urlTemplate\":\"https:\/\/thehomecake.com\/?s={search_term_string}\"},\"query-input\":{\"@type\":\"PropertyValueSpecification\",\"valueRequired\":true,\"valueName\":\"search_term_string\"}}],\"inLanguage\":\"fr-FR\"},{\"@type\":\"Organization\",\"@id\":\"https:\/\/thehomecake.com\/#organization\",\"name\":\"The Home Cake\",\"url\":\"https:\/\/thehomecake.com\/\",\"logo\":{\"@type\":\"ImageObject\",\"inLanguage\":\"fr-FR\",\"@id\":\"https:\/\/thehomecake.com\/#\/schema\/logo\/image\/\",\"url\":\"https:\/\/mlanqvojypo1.i.optimole.com\/w:1920\/h:525\/q:mauto\/f:best\/https:\/\/thehomecake.com\/wp-content\/uploads\/2025\/08\/LOGO_HORIZONTAL_BLANCO-scaled.png\",\"contentUrl\":\"https:\/\/mlanqvojypo1.i.optimole.com\/w:1920\/h:525\/q:mauto\/f:best\/https:\/\/thehomecake.com\/wp-content\/uploads\/2025\/08\/LOGO_HORIZONTAL_BLANCO-scaled.png\",\"width\":2560,\"height\":701,\"caption\":\"The Home Cake\"},\"image\":{\"@id\":\"https:\/\/thehomecake.com\/#\/schema\/logo\/image\/\"}}]}<\/script>\n<!-- \/ Yoast SEO Premium plugin. -->","yoast_head_json":{"title":"Conseils de s\u00e9curit\u00e9 | The Home Cake","robots":{"index":"index","follow":"follow","max-snippet":"max-snippet:-1","max-image-preview":"max-image-preview:large","max-video-preview":"max-video-preview:-1"},"canonical":"https:\/\/thehomecake.com\/fr\/aider\/pour-les-invites\/conseils-de-securite\/","og_locale":"fr_FR","og_type":"article","og_title":"Safety Tips","og_description":"Safety Tips Good practices for a safe and transparent experience This section brings together practical recommendations for travelers and hosts to enjoy a safe and transparent experience on The Home Cake. The goal is to promote good practices before, during, and after each booking. Safety Tips for Travelers Review the listing information: Before booking, carefully [&hellip;]","og_url":"https:\/\/thehomecake.com\/fr\/aider\/pour-les-invites\/conseils-de-securite\/","og_site_name":"The Home Cake","article_modified_time":"2026-02-18T17:17:22+00:00","og_image":[{"width":2560,"height":701,"url":"https:\/\/mlanqvojypo1.i.optimole.com\/w:auto\/h:auto\/q:mauto\/f:best\/https:\/\/thehomecake.com\/wp-content\/uploads\/2025\/08\/LOGO_HORIZONTAL_BLANCO-scaled.png","type":"image\/png"}],"twitter_card":"summary_large_image","twitter_misc":{"Dur\u00e9e de lecture estim\u00e9e":"2 minutes"},"schema":{"@context":"https:\/\/schema.org","@graph":[{"@type":"WebPage","@id":"https:\/\/thehomecake.com\/help\/for-guests\/safety-tips\/","url":"https:\/\/thehomecake.com\/help\/for-guests\/safety-tips\/","name":"Conseils de s\u00e9curit\u00e9 | The Home Cake","isPartOf":{"@id":"https:\/\/thehomecake.com\/#website"},"datePublished":"2025-09-25T08:39:01+00:00","dateModified":"2026-02-18T17:17:22+00:00","breadcrumb":{"@id":"https:\/\/thehomecake.com\/help\/for-guests\/safety-tips\/#breadcrumb"},"inLanguage":"fr-FR","potentialAction":[{"@type":"ReadAction","target":["https:\/\/thehomecake.com\/help\/for-guests\/safety-tips\/"]}]},{"@type":"BreadcrumbList","@id":"https:\/\/thehomecake.com\/help\/for-guests\/safety-tips\/#breadcrumb","itemListElement":[{"@type":"ListItem","position":1,"name":"Portada","item":"https:\/\/thehomecake.com\/"},{"@type":"ListItem","position":2,"name":"Help","item":"https:\/\/thehomecake.com\/help\/"},{"@type":"ListItem","position":3,"name":"For Guests","item":"https:\/\/thehomecake.com\/help\/for-guests\/"},{"@type":"ListItem","position":4,"name":"Safety Tips"}]},{"@type":"WebSite","@id":"https:\/\/thehomecake.com\/#website","url":"https:\/\/thehomecake.com\/","name":"The Home Cake","description":"Moins d'algorithmes. Plus de sens commun. Ce n'\u00e9tait pas si difficile.","publisher":{"@id":"https:\/\/thehomecake.com\/#organization"},"potentialAction":[{"@type":"SearchAction","target":{"@type":"EntryPoint","urlTemplate":"https:\/\/thehomecake.com\/?s={search_term_string}"},"query-input":{"@type":"PropertyValueSpecification","valueRequired":true,"valueName":"search_term_string"}}],"inLanguage":"fr-FR"},{"@type":"Organization","@id":"https:\/\/thehomecake.com\/#organization","name":"The Home Cake","url":"https:\/\/thehomecake.com\/","logo":{"@type":"ImageObject","inLanguage":"fr-FR","@id":"https:\/\/thehomecake.com\/#\/schema\/logo\/image\/","url":"https:\/\/mlanqvojypo1.i.optimole.com\/w:1920\/h:525\/q:mauto\/f:best\/https:\/\/thehomecake.com\/wp-content\/uploads\/2025\/08\/LOGO_HORIZONTAL_BLANCO-scaled.png","contentUrl":"https:\/\/mlanqvojypo1.i.optimole.com\/w:1920\/h:525\/q:mauto\/f:best\/https:\/\/thehomecake.com\/wp-content\/uploads\/2025\/08\/LOGO_HORIZONTAL_BLANCO-scaled.png","width":2560,"height":701,"caption":"The Home Cake"},"image":{"@id":"https:\/\/thehomecake.com\/#\/schema\/logo\/image\/"}}]}},"_links":{"self":[{"href":"https:\/\/thehomecake.com\/fr\/wp-json\/wp\/v2\/pages\/6280","targetHints":{"allow":["GET"]}}],"collection":[{"href":"https:\/\/thehomecake.com\/fr\/wp-json\/wp\/v2\/pages"}],"about":[{"href":"https:\/\/thehomecake.com\/fr\/wp-json\/wp\/v2\/types\/page"}],"author":[{"embeddable":true,"href":"https:\/\/thehomecake.com\/fr\/wp-json\/wp\/v2\/users\/92"}],"replies":[{"embeddable":true,"href":"https:\/\/thehomecake.com\/fr\/wp-json\/wp\/v2\/comments?post=6280"}],"version-history":[{"count":10,"href":"https:\/\/thehomecake.com\/fr\/wp-json\/wp\/v2\/pages\/6280\/revisions"}],"predecessor-version":[{"id":7248,"href":"https:\/\/thehomecake.com\/fr\/wp-json\/wp\/v2\/pages\/6280\/revisions\/7248"}],"up":[{"embeddable":true,"href":"https:\/\/thehomecake.com\/fr\/wp-json\/wp\/v2\/pages\/6274"}],"wp:attachment":[{"href":"https:\/\/thehomecake.com\/fr\/wp-json\/wp\/v2\/media?parent=6280"}],"curies":[{"name":"wp","href":"https:\/\/api.w.org\/{rel}","templated":true}]}}