{"id":6453,"date":"2025-10-29T09:29:40","date_gmt":"2025-10-29T08:29:40","guid":{"rendered":"https:\/\/thehomecake.com\/?page_id=6453"},"modified":"2026-02-11T12:39:17","modified_gmt":"2026-02-11T11:39:17","slug":"politique-de-cookies","status":"publish","type":"page","link":"https:\/\/thehomecake.com\/fr\/cookie-policy\/","title":{"rendered":"Politique en mati\u00e8re de cookies"},"content":{"rendered":"<div data-elementor-type=\"wp-page\" data-elementor-id=\"6453\" class=\"elementor elementor-6453\" data-elementor-post-type=\"page\">\n\t\t\t\t<div class=\"elementor-element elementor-element-d5e0925 e-flex e-con-boxed e-con e-parent\" data-id=\"d5e0925\" data-element_type=\"container\" data-e-type=\"container\">\n\t\t\t\t\t<div class=\"e-con-inner\">\n\t\t\t\t<div class=\"elementor-element elementor-element-384eb12 elementor-widget elementor-widget-heading\" data-id=\"384eb12\" data-element_type=\"widget\" data-e-type=\"widget\" data-widget_type=\"heading.default\">\n\t\t\t\t\t<h1 class=\"elementor-heading-title elementor-size-default\">Politique en mati\u00e8re de cookies<\/h1>\t\t\t\t<\/div>\n\t\t\t\t<div class=\"elementor-element elementor-element-0eabd74 elementor-widget elementor-widget-text-editor\" data-id=\"0eabd74\" data-element_type=\"widget\" data-e-type=\"widget\" data-widget_type=\"text-editor.default\">\n\t\t\t\t\t\t\t\t\t\n  <h2>1. Qu'est-ce qu'un cookie ?<\/h2>\n  <p>Les cookies sont de petits fichiers texte que les sites web stockent sur votre appareil (ordinateur, tablette ou smartphone) lorsque vous les visitez. Ils nous aident \u00e0 reconna\u00eetre votre navigateur, \u00e0 m\u00e9moriser vos pr\u00e9f\u00e9rences et \u00e0 am\u00e9liorer le fonctionnement de notre plateforme pour vous.<\/p>\n  <p>Certains cookies sont essentiels au bon fonctionnement du site, tandis que d'autres nous aident \u00e0 analyser l'utilisation ou \u00e0 personnaliser votre exp\u00e9rience.<\/p>\n\n  <h2>2. Pourquoi nous utilisons des cookies<\/h2>\n  <p>Chez The Home Cake, nous utilisons des cookies pour :<\/p>\n  <ul>\n    <li>S'assurer que le site web se charge et fonctionne correctement.<\/li>\n    <li>M\u00e9morisez vos pr\u00e9f\u00e9rences en mati\u00e8re de langue et de r\u00e9gion.<\/li>\n    <li>Am\u00e9liorer la navigation et les performances des pages.<\/li>\n    <li>Comprendre comment les utilisateurs interagissent avec notre site (\u00e0 des fins d'analyse).<\/li>\n    <li>Afficher un contenu pertinent et, occasionnellement, du mat\u00e9riel promotionnel correspondant \u00e0 vos centres d'int\u00e9r\u00eat.<\/li>\n  <\/ul>\n  <p>Nous n'utilisons pas les cookies pour collecter des informations personnelles sensibles ou pour vendre des donn\u00e9es \u00e0 des tiers.<\/p>\n\n  <h2>3. Types de cookies que nous utilisons<\/h2>\n\n  <h3>a. Cookies essentiels<\/h3>\n  <p>Ils sont n\u00e9cessaires au fonctionnement de la plateforme. Ils permettent des fonctions de base telles que la navigation sur les pages, la soumission de formulaires et l'acc\u00e8s s\u00e9curis\u00e9 \u00e0 des zones sp\u00e9cifiques du site web.<\/p>\n\n  <h3>b. Cookies fonctionnels<\/h3>\n  <p>Ils nous permettent de nous souvenir de vos choix (tels que la langue ou la mise en page) afin de vous offrir une exp\u00e9rience de navigation plus fluide.<\/p>\n\n  <h3>c. Cookies analytiques<\/h3>\n  <p>Utilis\u00e9es pour comprendre comment les visiteurs interagissent avec notre site - par exemple, quelles sont les pages les plus visit\u00e9es ou combien de temps les utilisateurs restent sur le site. Nous utilisons des outils tiers de confiance tels que Google Analytics pour nous aider \u00e0 recueillir ces donn\u00e9es de mani\u00e8re anonyme.<\/p>\n\n  <h3>d. Cookies marketing (facultatifs)<\/h3>\n  <p>Ces cookies permettent de personnaliser les publicit\u00e9s ou de suivre l'efficacit\u00e9 des campagnes. Actuellement, The Home Cake n'utilise que peu ou pas de cookies marketing, mais s'ils sont mis en \u0153uvre, ils n\u00e9cessiteront toujours votre consentement explicite.<\/p>\n\n  <h2>4. Gestion et d\u00e9sactivation des cookies<\/h2>\n  <p>Vous pouvez contr\u00f4ler ou supprimer les cookies \u00e0 tout moment. La plupart des navigateurs vous permettent de le faire :<\/p>\n  <ul>\n    <li>Voir quels sont les cookies stock\u00e9s.<\/li>\n    <li>Bloquer certains types de cookies.<\/li>\n    <li>Supprimer automatiquement les cookies \u00e0 la fermeture du navigateur.<\/li>\n  <\/ul>\n\n  <p>Pour param\u00e9trer les cookies, consultez la page d'aide de votre navigateur :<\/p>\n  <ul>\n    <li><a href=\"https:\/\/support.google.com\/chrome\/answer\/95647\" target=\"_blank\">Aide Chrome<\/a><\/li>\n    <li><a href=\"https:\/\/support.mozilla.org\/en-US\/kb\/cookies-information-websites-store-on-your-computer\" target=\"_blank\">Aide Firefox<\/a><\/li>\n    <li><a href=\"https:\/\/support.apple.com\/guide\/safari\/manage-cookies-and-website-data-sfri11471\/mac\" target=\"_blank\">Aide Safari<\/a><\/li>\n    <li><a href=\"https:\/\/support.microsoft.com\/en-us\/microsoft-edge\/delete-cookies-in-microsoft-edge-63947406-40ac-c3b8-57b9-2a946a29ae09\" target=\"_blank\">Aide sur les bords<\/a><\/li>\n  <\/ul>\n\n  <p>Notez que la d\u00e9sactivation des cookies peut affecter le fonctionnement ou l'affichage de certaines parties du site web.<\/p>\n\n  <h2>5. Cookies de tiers<\/h2>\n  <p>Certains cookies proviennent de services tiers int\u00e9gr\u00e9s \u00e0 notre site web, tels que :<\/p>\n  <ul>\n    <li>Google Analytics (statistiques d'utilisation anonymes)<\/li>\n    <li>les liens vers YouTube ou les m\u00e9dias sociaux (lorsque vous interagissez avec un contenu externe)<\/li>\n  <\/ul>\n  <p>Ces tiers ont leurs propres politiques en mati\u00e8re de confidentialit\u00e9 et de cookies, que nous vous encourageons \u00e0 consulter.<\/p>\n\n  <h2>6. Consentement<\/h2>\n  <p>Lors de votre premi\u00e8re visite sur notre site, vous verrez une banni\u00e8re de consentement aux cookies vous permettant de.. :<\/p>\n  <ul>\n    <li>Accepter tous les cookies,<\/li>\n    <li>Rejeter les cookies non essentiels, ou<\/li>\n    <li>Personnalisez vos pr\u00e9f\u00e9rences.<\/li>\n  <\/ul>\n  <p>Vos pr\u00e9f\u00e9rences seront stock\u00e9es et peuvent \u00eatre modifi\u00e9es \u00e0 tout moment \u00e0 partir de la section \"Param\u00e8tres des cookies\" au bas de la page.<\/p>\n\n  <h2>7. Mises \u00e0 jour de la pr\u00e9sente politique<\/h2>\n  <p>Nous pouvons mettre \u00e0 jour la pr\u00e9sente politique en mati\u00e8re de cookies afin de refl\u00e9ter les changements technologiques, juridiques ou la mani\u00e8re dont nous utilisons les cookies. La derni\u00e8re version sera toujours disponible sur cette page.<\/p>\n  <p><strong>Derni\u00e8re mise \u00e0 jour :<\/strong> Octobre 2025<\/p>\n\n  <div class=\"summary\">\n    <h2>\ud83d\udcec Contact<\/h2>\n    <p>Si vous avez des questions sur la mani\u00e8re dont nous utilisons les cookies, veuillez nous contacter \u00e0 l'adresse suivante :\n      <a href=\"mailto:support@thehomecake.com\">support@thehomecake.com<\/a>\n    <\/p>\n  <\/div>\t\t\t\t\t\t\t\t<\/div>\n\t\t\t\t\t<\/div>\n\t\t\t\t<\/div>\n\t\t\t\t<\/div>","protected":false},"excerpt":{"rendered":"<p>Cookies Policy 1. What are cookies? Cookies are small text files that websites store on your device (computer, tablet, or smartphone) when you visit them. They help us recognize your browser, remember your preferences, and improve how our platform works for you. Some cookies are essential for the site to function properly, while others help [&hellip;]<\/p>\n","protected":false},"author":92,"featured_media":0,"parent":0,"menu_order":0,"comment_status":"closed","ping_status":"closed","template":"elementor_header_footer","meta":{"_acf_changed":false,"footnotes":""},"class_list":["post-6453","page","type-page","status-publish","hentry"],"acf":[],"yoast_head":"<!-- This site is optimized with the Yoast SEO Premium plugin v26.9 (Yoast SEO v27.0) - https:\/\/yoast.com\/product\/yoast-seo-premium-wordpress\/ -->\n<title>Cookie Policy | The Home Cake<\/title>\n<meta name=\"robots\" content=\"index, follow, max-snippet:-1, max-image-preview:large, max-video-preview:-1\" \/>\n<link rel=\"canonical\" href=\"https:\/\/thehomecake.com\/fr\/politique-de-cookies\/\" \/>\n<meta property=\"og:locale\" content=\"fr_FR\" \/>\n<meta property=\"og:type\" content=\"article\" \/>\n<meta property=\"og:title\" content=\"Cookie Policy\" \/>\n<meta property=\"og:description\" content=\"Cookies Policy 1. What are cookies? Cookies are small text files that websites store on your device (computer, tablet, or smartphone) when you visit them. They help us recognize your browser, remember your preferences, and improve how our platform works for you. Some cookies are essential for the site to function properly, while others help [&hellip;]\" \/>\n<meta property=\"og:url\" content=\"https:\/\/thehomecake.com\/fr\/politique-de-cookies\/\" \/>\n<meta property=\"og:site_name\" content=\"The Home Cake\" \/>\n<meta property=\"article:modified_time\" content=\"2026-02-11T11:39:17+00:00\" \/>\n<meta property=\"og:image\" content=\"https:\/\/mlanqvojypo1.i.optimole.com\/w:auto\/h:auto\/q:mauto\/f:best\/https:\/\/thehomecake.com\/wp-content\/uploads\/2025\/08\/LOGO_HORIZONTAL_BLANCO-scaled.png\" \/>\n\t<meta property=\"og:image:width\" content=\"2560\" \/>\n\t<meta property=\"og:image:height\" content=\"701\" \/>\n\t<meta property=\"og:image:type\" content=\"image\/png\" \/>\n<meta name=\"twitter:card\" content=\"summary_large_image\" \/>\n<meta name=\"twitter:label1\" content=\"Dur\u00e9e de lecture estim\u00e9e\" \/>\n\t<meta name=\"twitter:data1\" content=\"3 minutes\" \/>\n<script type=\"application\/ld+json\" class=\"yoast-schema-graph\">{\"@context\":\"https:\/\/schema.org\",\"@graph\":[{\"@type\":\"WebPage\",\"@id\":\"https:\/\/thehomecake.com\/cookie-policy\/\",\"url\":\"https:\/\/thehomecake.com\/cookie-policy\/\",\"name\":\"Cookie Policy | The Home Cake\",\"isPartOf\":{\"@id\":\"https:\/\/thehomecake.com\/#website\"},\"datePublished\":\"2025-10-29T08:29:40+00:00\",\"dateModified\":\"2026-02-11T11:39:17+00:00\",\"breadcrumb\":{\"@id\":\"https:\/\/thehomecake.com\/cookie-policy\/#breadcrumb\"},\"inLanguage\":\"fr-FR\",\"potentialAction\":[{\"@type\":\"ReadAction\",\"target\":[\"https:\/\/thehomecake.com\/cookie-policy\/\"]}]},{\"@type\":\"BreadcrumbList\",\"@id\":\"https:\/\/thehomecake.com\/cookie-policy\/#breadcrumb\",\"itemListElement\":[{\"@type\":\"ListItem\",\"position\":1,\"name\":\"Portada\",\"item\":\"https:\/\/thehomecake.com\/\"},{\"@type\":\"ListItem\",\"position\":2,\"name\":\"Cookie Policy\"}]},{\"@type\":\"WebSite\",\"@id\":\"https:\/\/thehomecake.com\/#website\",\"url\":\"https:\/\/thehomecake.com\/\",\"name\":\"The Home Cake\",\"description\":\"Menos algoritmos. M\u00e1s sentido com\u00fan. No era tan dif\u00edcil.\",\"publisher\":{\"@id\":\"https:\/\/thehomecake.com\/#organization\"},\"potentialAction\":[{\"@type\":\"SearchAction\",\"target\":{\"@type\":\"EntryPoint\",\"urlTemplate\":\"https:\/\/thehomecake.com\/?s={search_term_string}\"},\"query-input\":{\"@type\":\"PropertyValueSpecification\",\"valueRequired\":true,\"valueName\":\"search_term_string\"}}],\"inLanguage\":\"fr-FR\"},{\"@type\":\"Organization\",\"@id\":\"https:\/\/thehomecake.com\/#organization\",\"name\":\"The Home Cake\",\"url\":\"https:\/\/thehomecake.com\/\",\"logo\":{\"@type\":\"ImageObject\",\"inLanguage\":\"fr-FR\",\"@id\":\"https:\/\/thehomecake.com\/#\/schema\/logo\/image\/\",\"url\":\"https:\/\/mlanqvojypo1.i.optimole.com\/w:1920\/h:525\/q:mauto\/f:best\/https:\/\/thehomecake.com\/wp-content\/uploads\/2025\/08\/LOGO_HORIZONTAL_BLANCO-scaled.png\",\"contentUrl\":\"https:\/\/mlanqvojypo1.i.optimole.com\/w:1920\/h:525\/q:mauto\/f:best\/https:\/\/thehomecake.com\/wp-content\/uploads\/2025\/08\/LOGO_HORIZONTAL_BLANCO-scaled.png\",\"width\":2560,\"height\":701,\"caption\":\"The Home Cake\"},\"image\":{\"@id\":\"https:\/\/thehomecake.com\/#\/schema\/logo\/image\/\"}}]}<\/script>\n<!-- \/ Yoast SEO Premium plugin. -->","yoast_head_json":{"title":"Politique de cookies | The Home Cake","robots":{"index":"index","follow":"follow","max-snippet":"max-snippet:-1","max-image-preview":"max-image-preview:large","max-video-preview":"max-video-preview:-1"},"canonical":"https:\/\/thehomecake.com\/fr\/politique-de-cookies\/","og_locale":"fr_FR","og_type":"article","og_title":"Cookie Policy","og_description":"Cookies Policy 1. What are cookies? Cookies are small text files that websites store on your device (computer, tablet, or smartphone) when you visit them. They help us recognize your browser, remember your preferences, and improve how our platform works for you. Some cookies are essential for the site to function properly, while others help [&hellip;]","og_url":"https:\/\/thehomecake.com\/fr\/politique-de-cookies\/","og_site_name":"The Home Cake","article_modified_time":"2026-02-11T11:39:17+00:00","og_image":[{"width":2560,"height":701,"url":"https:\/\/mlanqvojypo1.i.optimole.com\/w:auto\/h:auto\/q:mauto\/f:best\/https:\/\/thehomecake.com\/wp-content\/uploads\/2025\/08\/LOGO_HORIZONTAL_BLANCO-scaled.png","type":"image\/png"}],"twitter_card":"summary_large_image","twitter_misc":{"Dur\u00e9e de lecture estim\u00e9e":"3 minutes"},"schema":{"@context":"https:\/\/schema.org","@graph":[{"@type":"WebPage","@id":"https:\/\/thehomecake.com\/cookie-policy\/","url":"https:\/\/thehomecake.com\/cookie-policy\/","name":"Politique de cookies | The Home Cake","isPartOf":{"@id":"https:\/\/thehomecake.com\/#website"},"datePublished":"2025-10-29T08:29:40+00:00","dateModified":"2026-02-11T11:39:17+00:00","breadcrumb":{"@id":"https:\/\/thehomecake.com\/cookie-policy\/#breadcrumb"},"inLanguage":"fr-FR","potentialAction":[{"@type":"ReadAction","target":["https:\/\/thehomecake.com\/cookie-policy\/"]}]},{"@type":"BreadcrumbList","@id":"https:\/\/thehomecake.com\/cookie-policy\/#breadcrumb","itemListElement":[{"@type":"ListItem","position":1,"name":"Portada","item":"https:\/\/thehomecake.com\/"},{"@type":"ListItem","position":2,"name":"Cookie Policy"}]},{"@type":"WebSite","@id":"https:\/\/thehomecake.com\/#website","url":"https:\/\/thehomecake.com\/","name":"The Home Cake","description":"Moins d'algorithmes. Plus de sens commun. Ce n'\u00e9tait pas si difficile.","publisher":{"@id":"https:\/\/thehomecake.com\/#organization"},"potentialAction":[{"@type":"SearchAction","target":{"@type":"EntryPoint","urlTemplate":"https:\/\/thehomecake.com\/?s={search_term_string}"},"query-input":{"@type":"PropertyValueSpecification","valueRequired":true,"valueName":"search_term_string"}}],"inLanguage":"fr-FR"},{"@type":"Organization","@id":"https:\/\/thehomecake.com\/#organization","name":"The Home Cake","url":"https:\/\/thehomecake.com\/","logo":{"@type":"ImageObject","inLanguage":"fr-FR","@id":"https:\/\/thehomecake.com\/#\/schema\/logo\/image\/","url":"https:\/\/mlanqvojypo1.i.optimole.com\/w:1920\/h:525\/q:mauto\/f:best\/https:\/\/thehomecake.com\/wp-content\/uploads\/2025\/08\/LOGO_HORIZONTAL_BLANCO-scaled.png","contentUrl":"https:\/\/mlanqvojypo1.i.optimole.com\/w:1920\/h:525\/q:mauto\/f:best\/https:\/\/thehomecake.com\/wp-content\/uploads\/2025\/08\/LOGO_HORIZONTAL_BLANCO-scaled.png","width":2560,"height":701,"caption":"The Home Cake"},"image":{"@id":"https:\/\/thehomecake.com\/#\/schema\/logo\/image\/"}}]}},"_links":{"self":[{"href":"https:\/\/thehomecake.com\/fr\/wp-json\/wp\/v2\/pages\/6453","targetHints":{"allow":["GET"]}}],"collection":[{"href":"https:\/\/thehomecake.com\/fr\/wp-json\/wp\/v2\/pages"}],"about":[{"href":"https:\/\/thehomecake.com\/fr\/wp-json\/wp\/v2\/types\/page"}],"author":[{"embeddable":true,"href":"https:\/\/thehomecake.com\/fr\/wp-json\/wp\/v2\/users\/92"}],"replies":[{"embeddable":true,"href":"https:\/\/thehomecake.com\/fr\/wp-json\/wp\/v2\/comments?post=6453"}],"version-history":[{"count":17,"href":"https:\/\/thehomecake.com\/fr\/wp-json\/wp\/v2\/pages\/6453\/revisions"}],"predecessor-version":[{"id":6882,"href":"https:\/\/thehomecake.com\/fr\/wp-json\/wp\/v2\/pages\/6453\/revisions\/6882"}],"wp:attachment":[{"href":"https:\/\/thehomecake.com\/fr\/wp-json\/wp\/v2\/media?parent=6453"}],"curies":[{"name":"wp","href":"https:\/\/api.w.org\/{rel}","templated":true}]}}