{"id":1109,"date":"2018-10-23T19:48:41","date_gmt":"2018-10-23T19:48:41","guid":{"rendered":"https:\/\/demo01.gethomey.io\/?page_id=1109"},"modified":"2025-08-20T11:28:10","modified_gmt":"2025-08-20T09:28:10","slug":"listing-by-ids-module","status":"publish","type":"page","link":"https:\/\/thehomecake.com\/it\/listing-by-ids-module\/","title":{"rendered":"Listing by IDs Module"},"content":{"rendered":"<div data-elementor-type=\"wp-page\" data-elementor-id=\"1109\" class=\"elementor elementor-1109\" data-elementor-post-type=\"page\">\n\t\t\t\t\t\t<section class=\"elementor-section elementor-top-section elementor-element elementor-element-556e6fa6 elementor-section-boxed elementor-section-height-default elementor-section-height-default elementor-invisible\" data-id=\"556e6fa6\" data-element_type=\"section\" data-e-type=\"section\" data-settings=\"{&quot;animation&quot;:&quot;fadeIn&quot;}\">\n\t\t\t\t\t\t<div class=\"elementor-container elementor-column-gap-default\">\n\t\t\t\t\t<div class=\"elementor-column elementor-col-100 elementor-top-column elementor-element elementor-element-3a456b49\" data-id=\"3a456b49\" data-element_type=\"column\" data-e-type=\"column\">\n\t\t\t<div class=\"elementor-widget-wrap elementor-element-populated\">\n\t\t\t\t\t\t<div class=\"elementor-element elementor-element-55e73a8d elementor-widget elementor-widget-spacer\" data-id=\"55e73a8d\" data-element_type=\"widget\" data-e-type=\"widget\" data-widget_type=\"spacer.default\">\n\t\t\t\t\t\t\t<div class=\"elementor-spacer\">\n\t\t\t<div class=\"elementor-spacer-inner\"><\/div>\n\t\t<\/div>\n\t\t\t\t\t\t<\/div>\n\t\t\t\t<div class=\"elementor-element elementor-element-480e80eb elementor-widget elementor-widget-heading\" data-id=\"480e80eb\" data-element_type=\"widget\" data-e-type=\"widget\" data-widget_type=\"heading.default\">\n\t\t\t\t\t<h1 class=\"elementor-heading-title elementor-size-large\">The Listing by IDs Module<\/h1>\t\t\t\t<\/div>\n\t\t\t\t<div class=\"elementor-element elementor-element-28537c2c elementor-widget elementor-widget-text-editor\" data-id=\"28537c2c\" data-element_type=\"widget\" data-e-type=\"widget\" data-widget_type=\"text-editor.default\">\n\t\t\t\t\t\t\t\t\t<div class=\"wpb_text_column wpb_content_element\"><div class=\"wpb_wrapper\"><p>This page displays the Listing by IDs module. This custom Elementor Page Builder widget helps you to display the listing section by choosing them from their IDs. The module provides listing style options to manage the page content.<\/p><\/div><\/div><div class=\"vc_separator wpb_content_element vc_separator_align_center vc_sep_width_100 vc_sep_dotted vc_sep_pos_align_center vc_separator_no_text\">\u00a0<\/div>\t\t\t\t\t\t\t\t<\/div>\n\t\t\t\t\t<\/div>\n\t\t<\/div>\n\t\t\t\t\t<\/div>\n\t\t<\/section>\n\t\t\t\t<section class=\"elementor-section elementor-top-section elementor-element elementor-element-2da918d9 elementor-section-boxed elementor-section-height-default elementor-section-height-default elementor-invisible\" data-id=\"2da918d9\" data-element_type=\"section\" data-e-type=\"section\" data-settings=\"{&quot;animation&quot;:&quot;fadeIn&quot;}\">\n\t\t\t\t\t\t<div class=\"elementor-container elementor-column-gap-default\">\n\t\t\t\t\t<div class=\"elementor-column elementor-col-100 elementor-top-column elementor-element elementor-element-2111c0a5\" data-id=\"2111c0a5\" data-element_type=\"column\" data-e-type=\"column\">\n\t\t\t<div class=\"elementor-widget-wrap elementor-element-populated\">\n\t\t\t\t\t\t<div class=\"elementor-element elementor-element-115bc126 elementor-widget-divider--view-line elementor-widget elementor-widget-divider\" data-id=\"115bc126\" data-element_type=\"widget\" data-e-type=\"widget\" data-widget_type=\"divider.default\">\n\t\t\t\t\t\t\t<div class=\"elementor-divider\">\n\t\t\t<span class=\"elementor-divider-separator\">\n\t\t\t\t\t\t<\/span>\n\t\t<\/div>\n\t\t\t\t\t\t<\/div>\n\t\t\t\t<div class=\"elementor-element elementor-element-37494df6 elementor-widget elementor-widget-homey_elementor_section_title\" data-id=\"37494df6\" data-element_type=\"widget\" data-e-type=\"widget\" data-widget_type=\"homey_elementor_section_title.default\">\n\t\t\t\t<div class=\"elementor-widget-container\">\n\t\t\t\t\t            <div class=\"homey_section_title_wrap_elementor homey-module module-title section-title-module\">\n                                    <h2 class=\"homey_section_title\">Grid View 2 Columns<\/h2>\n                \n                                    <p class=\"homey_section_subtitle sub-heading\">Listing by IDs Module<\/p>\n                            <\/div>\n            \t\t\t\t<\/div>\n\t\t\t\t<\/div>\n\t\t\t\t<div class=\"elementor-element elementor-element-a93417b elementor-widget elementor-widget-homey_elementor_property_by_ids\" data-id=\"a93417b\" data-element_type=\"widget\" data-e-type=\"widget\" data-widget_type=\"homey_elementor_property_by_ids.default\">\n\t\t\t\t<div class=\"elementor-widget-container\">\n\t\t\t\t\t\n        <div class=\"module-wrap property-module-by-id property-module-by-id-2cols\">\n            <div class=\"listing-wrap which-layout-grid  item-grid-view\">\n                    <div class=\"item-wrap\"><h4 class=\"not-found\">Sorry no results found<\/h4><\/div>            <\/div><!-- grid-listing-page -->\n        <\/div>\n\n        \t\t\t\t<\/div>\n\t\t\t\t<\/div>\n\t\t\t\t\t<\/div>\n\t\t<\/div>\n\t\t\t\t\t<\/div>\n\t\t<\/section>\n\t\t\t\t<section class=\"elementor-section elementor-top-section elementor-element elementor-element-31d947d1 elementor-section-boxed elementor-section-height-default elementor-section-height-default elementor-invisible\" data-id=\"31d947d1\" data-element_type=\"section\" data-e-type=\"section\" data-settings=\"{&quot;animation&quot;:&quot;fadeIn&quot;}\">\n\t\t\t\t\t\t<div class=\"elementor-container elementor-column-gap-default\">\n\t\t\t\t\t<div class=\"elementor-column elementor-col-100 elementor-top-column elementor-element elementor-element-285a797\" data-id=\"285a797\" data-element_type=\"column\" data-e-type=\"column\">\n\t\t\t<div class=\"elementor-widget-wrap elementor-element-populated\">\n\t\t\t\t\t\t<div class=\"elementor-element elementor-element-3fb2e6ac elementor-widget-divider--view-line elementor-widget elementor-widget-divider\" data-id=\"3fb2e6ac\" data-element_type=\"widget\" data-e-type=\"widget\" data-widget_type=\"divider.default\">\n\t\t\t\t\t\t\t<div class=\"elementor-divider\">\n\t\t\t<span class=\"elementor-divider-separator\">\n\t\t\t\t\t\t<\/span>\n\t\t<\/div>\n\t\t\t\t\t\t<\/div>\n\t\t\t\t<div class=\"elementor-element elementor-element-25d20ef6 elementor-widget elementor-widget-homey_elementor_section_title\" data-id=\"25d20ef6\" data-element_type=\"widget\" data-e-type=\"widget\" data-widget_type=\"homey_elementor_section_title.default\">\n\t\t\t\t<div class=\"elementor-widget-container\">\n\t\t\t\t\t            <div class=\"homey_section_title_wrap_elementor homey-module module-title section-title-module\">\n                                    <h2 class=\"homey_section_title\">Grid View 3 Columns<\/h2>\n                \n                                    <p class=\"homey_section_subtitle sub-heading\">Listing by IDs Module<\/p>\n                            <\/div>\n            \t\t\t\t<\/div>\n\t\t\t\t<\/div>\n\t\t\t\t<div class=\"elementor-element elementor-element-9226132 elementor-widget elementor-widget-homey_elementor_property_by_ids\" data-id=\"9226132\" data-element_type=\"widget\" data-e-type=\"widget\" data-widget_type=\"homey_elementor_property_by_ids.default\">\n\t\t\t\t<div class=\"elementor-widget-container\">\n\t\t\t\t\t\n        <div class=\"module-wrap property-module-by-id property-module-by-id-3cols\">\n            <div class=\"listing-wrap which-layout-grid  item-grid-view\">\n                    <div class=\"item-wrap\"><h4 class=\"not-found\">Sorry no results found<\/h4><\/div>            <\/div><!-- grid-listing-page -->\n        <\/div>\n\n        \t\t\t\t<\/div>\n\t\t\t\t<\/div>\n\t\t\t\t\t<\/div>\n\t\t<\/div>\n\t\t\t\t\t<\/div>\n\t\t<\/section>\n\t\t\t\t<section class=\"elementor-section elementor-top-section elementor-element elementor-element-f9e690c elementor-section-boxed elementor-section-height-default elementor-section-height-default elementor-invisible\" data-id=\"f9e690c\" data-element_type=\"section\" data-e-type=\"section\" data-settings=\"{&quot;animation&quot;:&quot;fadeIn&quot;}\">\n\t\t\t\t\t\t<div class=\"elementor-container elementor-column-gap-default\">\n\t\t\t\t\t<div class=\"elementor-column elementor-col-100 elementor-top-column elementor-element elementor-element-10b82b1e\" data-id=\"10b82b1e\" data-element_type=\"column\" data-e-type=\"column\">\n\t\t\t<div class=\"elementor-widget-wrap elementor-element-populated\">\n\t\t\t\t\t\t<div class=\"elementor-element elementor-element-6e59e53 elementor-widget-divider--view-line elementor-widget elementor-widget-divider\" data-id=\"6e59e53\" data-element_type=\"widget\" data-e-type=\"widget\" data-widget_type=\"divider.default\">\n\t\t\t\t\t\t\t<div class=\"elementor-divider\">\n\t\t\t<span class=\"elementor-divider-separator\">\n\t\t\t\t\t\t<\/span>\n\t\t<\/div>\n\t\t\t\t\t\t<\/div>\n\t\t\t\t<div class=\"elementor-element elementor-element-770cbf6b elementor-widget elementor-widget-homey_elementor_section_title\" data-id=\"770cbf6b\" data-element_type=\"widget\" data-e-type=\"widget\" data-widget_type=\"homey_elementor_section_title.default\">\n\t\t\t\t<div class=\"elementor-widget-container\">\n\t\t\t\t\t            <div class=\"homey_section_title_wrap_elementor homey-module module-title section-title-module\">\n                                    <h2 class=\"homey_section_title\">Card View 2 Columns<\/h2>\n                \n                                    <p class=\"homey_section_subtitle sub-heading\">Listing by IDs Module<\/p>\n                            <\/div>\n            \t\t\t\t<\/div>\n\t\t\t\t<\/div>\n\t\t\t\t<div class=\"elementor-element elementor-element-32fb879 elementor-widget elementor-widget-homey_elementor_property_by_ids\" data-id=\"32fb879\" data-element_type=\"widget\" data-e-type=\"widget\" data-widget_type=\"homey_elementor_property_by_ids.default\">\n\t\t\t\t<div class=\"elementor-widget-container\">\n\t\t\t\t\t\n        <div class=\"module-wrap property-module-by-id property-module-by-id-2cols\">\n            <div class=\"listing-wrap which-layout-card  item-card-view\">\n                    <div class=\"item-wrap\"><h4 class=\"not-found\">Sorry no results found<\/h4><\/div>            <\/div><!-- grid-listing-page -->\n        <\/div>\n\n        \t\t\t\t<\/div>\n\t\t\t\t<\/div>\n\t\t\t\t\t<\/div>\n\t\t<\/div>\n\t\t\t\t\t<\/div>\n\t\t<\/section>\n\t\t\t\t<section class=\"elementor-section elementor-top-section elementor-element elementor-element-1dd456a2 elementor-section-boxed elementor-section-height-default elementor-section-height-default elementor-invisible\" data-id=\"1dd456a2\" data-element_type=\"section\" data-e-type=\"section\" data-settings=\"{&quot;animation&quot;:&quot;fadeIn&quot;}\">\n\t\t\t\t\t\t<div class=\"elementor-container elementor-column-gap-default\">\n\t\t\t\t\t<div class=\"elementor-column elementor-col-100 elementor-top-column elementor-element elementor-element-1e393663\" data-id=\"1e393663\" data-element_type=\"column\" data-e-type=\"column\">\n\t\t\t<div class=\"elementor-widget-wrap elementor-element-populated\">\n\t\t\t\t\t\t<div class=\"elementor-element elementor-element-2cbef73c elementor-widget-divider--view-line elementor-widget elementor-widget-divider\" data-id=\"2cbef73c\" data-element_type=\"widget\" data-e-type=\"widget\" data-widget_type=\"divider.default\">\n\t\t\t\t\t\t\t<div class=\"elementor-divider\">\n\t\t\t<span class=\"elementor-divider-separator\">\n\t\t\t\t\t\t<\/span>\n\t\t<\/div>\n\t\t\t\t\t\t<\/div>\n\t\t\t\t<div class=\"elementor-element elementor-element-2ba3e7e6 elementor-widget elementor-widget-homey_elementor_section_title\" data-id=\"2ba3e7e6\" data-element_type=\"widget\" data-e-type=\"widget\" data-widget_type=\"homey_elementor_section_title.default\">\n\t\t\t\t<div class=\"elementor-widget-container\">\n\t\t\t\t\t            <div class=\"homey_section_title_wrap_elementor homey-module module-title section-title-module\">\n                                    <h2 class=\"homey_section_title\">Card View 3 Columns<\/h2>\n                \n                                    <p class=\"homey_section_subtitle sub-heading\">Listing by IDs Module<\/p>\n                            <\/div>\n            \t\t\t\t<\/div>\n\t\t\t\t<\/div>\n\t\t\t\t<div class=\"elementor-element elementor-element-027f616 elementor-widget elementor-widget-homey_elementor_property_by_ids\" data-id=\"027f616\" data-element_type=\"widget\" data-e-type=\"widget\" data-widget_type=\"homey_elementor_property_by_ids.default\">\n\t\t\t\t<div class=\"elementor-widget-container\">\n\t\t\t\t\t\n        <div class=\"module-wrap property-module-by-id property-module-by-id-3cols\">\n            <div class=\"listing-wrap which-layout-card  item-card-view\">\n                    <div class=\"item-wrap\"><h4 class=\"not-found\">Sorry no results found<\/h4><\/div>            <\/div><!-- grid-listing-page -->\n        <\/div>\n\n        \t\t\t\t<\/div>\n\t\t\t\t<\/div>\n\t\t\t\t\t<\/div>\n\t\t<\/div>\n\t\t\t\t\t<\/div>\n\t\t<\/section>\n\t\t\t\t<\/div>","protected":false},"excerpt":{"rendered":"<p>The Listing by IDs Module This page displays the Listing by IDs module. This custom Elementor Page Builder widget helps you to display the listing section by choosing them from their IDs. The module provides listing style options to manage the page content. \u00a0 Grid View 2 Columns Listing by IDs Module $399\/night Amazing Home [&hellip;]<\/p>\n","protected":false},"author":92,"featured_media":0,"parent":0,"menu_order":0,"comment_status":"closed","ping_status":"closed","template":"elementor_header_footer","meta":{"_acf_changed":false,"footnotes":""},"class_list":["post-1109","page","type-page","status-publish","hentry"],"acf":[],"yoast_head":"<!-- This site is optimized with the Yoast SEO Premium plugin v26.9 (Yoast SEO v27.0) - https:\/\/yoast.com\/product\/yoast-seo-premium-wordpress\/ -->\n<title>Listing by IDs Module | The Home Cake<\/title>\n<meta name=\"robots\" content=\"index, follow, max-snippet:-1, max-image-preview:large, max-video-preview:-1\" \/>\n<link rel=\"canonical\" href=\"https:\/\/thehomecake.com\/it\/listing-by-ids-module\/\" \/>\n<meta property=\"og:locale\" content=\"it_IT\" \/>\n<meta property=\"og:type\" content=\"article\" \/>\n<meta property=\"og:title\" content=\"Listing by IDs Module\" \/>\n<meta property=\"og:description\" content=\"The Listing by IDs Module This page displays the Listing by IDs module. This custom Elementor Page Builder widget helps you to display the listing section by choosing them from their IDs. The module provides listing style options to manage the page content. \u00a0 Grid View 2 Columns Listing by IDs Module $399\/night Amazing Home [&hellip;]\" \/>\n<meta property=\"og:url\" content=\"https:\/\/thehomecake.com\/it\/listing-by-ids-module\/\" \/>\n<meta property=\"og:site_name\" content=\"The Home Cake\" \/>\n<meta property=\"article:modified_time\" content=\"2025-08-20T09:28:10+00:00\" \/>\n<meta property=\"og:image\" content=\"https:\/\/demo01.gethomey.io\/wp-content\/uploads\/2018\/10\/02-450x300.jpg\" \/>\n<meta name=\"twitter:card\" content=\"summary_large_image\" \/>\n<meta name=\"twitter:label1\" content=\"Tempo di lettura stimato\" \/>\n\t<meta name=\"twitter:data1\" content=\"1 minuto\" \/>\n<script type=\"application\/ld+json\" class=\"yoast-schema-graph\">{\"@context\":\"https:\/\/schema.org\",\"@graph\":[{\"@type\":\"WebPage\",\"@id\":\"https:\/\/thehomecake.com\/listing-by-ids-module\/\",\"url\":\"https:\/\/thehomecake.com\/listing-by-ids-module\/\",\"name\":\"Listing by IDs Module | The Home Cake\",\"isPartOf\":{\"@id\":\"https:\/\/thehomecake.com\/#website\"},\"primaryImageOfPage\":{\"@id\":\"https:\/\/thehomecake.com\/listing-by-ids-module\/#primaryimage\"},\"image\":{\"@id\":\"https:\/\/thehomecake.com\/listing-by-ids-module\/#primaryimage\"},\"thumbnailUrl\":\"https:\/\/demo01.gethomey.io\/wp-content\/uploads\/2018\/10\/02-450x300.jpg\",\"datePublished\":\"2018-10-23T19:48:41+00:00\",\"dateModified\":\"2025-08-20T09:28:10+00:00\",\"breadcrumb\":{\"@id\":\"https:\/\/thehomecake.com\/listing-by-ids-module\/#breadcrumb\"},\"inLanguage\":\"it-IT\",\"potentialAction\":[{\"@type\":\"ReadAction\",\"target\":[\"https:\/\/thehomecake.com\/listing-by-ids-module\/\"]}]},{\"@type\":\"ImageObject\",\"inLanguage\":\"it-IT\",\"@id\":\"https:\/\/thehomecake.com\/listing-by-ids-module\/#primaryimage\",\"url\":\"https:\/\/demo01.gethomey.io\/wp-content\/uploads\/2018\/10\/02-450x300.jpg\",\"contentUrl\":\"https:\/\/demo01.gethomey.io\/wp-content\/uploads\/2018\/10\/02-450x300.jpg\"},{\"@type\":\"BreadcrumbList\",\"@id\":\"https:\/\/thehomecake.com\/listing-by-ids-module\/#breadcrumb\",\"itemListElement\":[{\"@type\":\"ListItem\",\"position\":1,\"name\":\"Portada\",\"item\":\"https:\/\/thehomecake.com\/\"},{\"@type\":\"ListItem\",\"position\":2,\"name\":\"Listing by IDs Module\"}]},{\"@type\":\"WebSite\",\"@id\":\"https:\/\/thehomecake.com\/#website\",\"url\":\"https:\/\/thehomecake.com\/\",\"name\":\"The Home Cake\",\"description\":\"Menos algoritmos. M\u00e1s sentido com\u00fan. No era tan dif\u00edcil.\",\"publisher\":{\"@id\":\"https:\/\/thehomecake.com\/#organization\"},\"potentialAction\":[{\"@type\":\"SearchAction\",\"target\":{\"@type\":\"EntryPoint\",\"urlTemplate\":\"https:\/\/thehomecake.com\/?s={search_term_string}\"},\"query-input\":{\"@type\":\"PropertyValueSpecification\",\"valueRequired\":true,\"valueName\":\"search_term_string\"}}],\"inLanguage\":\"it-IT\"},{\"@type\":\"Organization\",\"@id\":\"https:\/\/thehomecake.com\/#organization\",\"name\":\"The Home Cake\",\"url\":\"https:\/\/thehomecake.com\/\",\"logo\":{\"@type\":\"ImageObject\",\"inLanguage\":\"it-IT\",\"@id\":\"https:\/\/thehomecake.com\/#\/schema\/logo\/image\/\",\"url\":\"https:\/\/mlanqvojypo1.i.optimole.com\/w:1920\/h:525\/q:mauto\/f:best\/https:\/\/thehomecake.com\/wp-content\/uploads\/2025\/08\/LOGO_HORIZONTAL_BLANCO-scaled.png\",\"contentUrl\":\"https:\/\/mlanqvojypo1.i.optimole.com\/w:1920\/h:525\/q:mauto\/f:best\/https:\/\/thehomecake.com\/wp-content\/uploads\/2025\/08\/LOGO_HORIZONTAL_BLANCO-scaled.png\",\"width\":2560,\"height\":701,\"caption\":\"The Home Cake\"},\"image\":{\"@id\":\"https:\/\/thehomecake.com\/#\/schema\/logo\/image\/\"}}]}<\/script>\n<!-- \/ Yoast SEO Premium plugin. -->","yoast_head_json":{"title":"Listing by IDs Module | The Home Cake","robots":{"index":"index","follow":"follow","max-snippet":"max-snippet:-1","max-image-preview":"max-image-preview:large","max-video-preview":"max-video-preview:-1"},"canonical":"https:\/\/thehomecake.com\/it\/listing-by-ids-module\/","og_locale":"it_IT","og_type":"article","og_title":"Listing by IDs Module","og_description":"The Listing by IDs Module This page displays the Listing by IDs module. This custom Elementor Page Builder widget helps you to display the listing section by choosing them from their IDs. The module provides listing style options to manage the page content. \u00a0 Grid View 2 Columns Listing by IDs Module $399\/night Amazing Home [&hellip;]","og_url":"https:\/\/thehomecake.com\/it\/listing-by-ids-module\/","og_site_name":"The Home Cake","article_modified_time":"2025-08-20T09:28:10+00:00","og_image":[{"url":"https:\/\/demo01.gethomey.io\/wp-content\/uploads\/2018\/10\/02-450x300.jpg","type":"","width":"","height":""}],"twitter_card":"summary_large_image","twitter_misc":{"Tempo di lettura stimato":"1 minuto"},"schema":{"@context":"https:\/\/schema.org","@graph":[{"@type":"WebPage","@id":"https:\/\/thehomecake.com\/listing-by-ids-module\/","url":"https:\/\/thehomecake.com\/listing-by-ids-module\/","name":"Listing by IDs Module | The Home Cake","isPartOf":{"@id":"https:\/\/thehomecake.com\/#website"},"primaryImageOfPage":{"@id":"https:\/\/thehomecake.com\/listing-by-ids-module\/#primaryimage"},"image":{"@id":"https:\/\/thehomecake.com\/listing-by-ids-module\/#primaryimage"},"thumbnailUrl":"https:\/\/demo01.gethomey.io\/wp-content\/uploads\/2018\/10\/02-450x300.jpg","datePublished":"2018-10-23T19:48:41+00:00","dateModified":"2025-08-20T09:28:10+00:00","breadcrumb":{"@id":"https:\/\/thehomecake.com\/listing-by-ids-module\/#breadcrumb"},"inLanguage":"it-IT","potentialAction":[{"@type":"ReadAction","target":["https:\/\/thehomecake.com\/listing-by-ids-module\/"]}]},{"@type":"ImageObject","inLanguage":"it-IT","@id":"https:\/\/thehomecake.com\/listing-by-ids-module\/#primaryimage","url":"https:\/\/demo01.gethomey.io\/wp-content\/uploads\/2018\/10\/02-450x300.jpg","contentUrl":"https:\/\/demo01.gethomey.io\/wp-content\/uploads\/2018\/10\/02-450x300.jpg"},{"@type":"BreadcrumbList","@id":"https:\/\/thehomecake.com\/listing-by-ids-module\/#breadcrumb","itemListElement":[{"@type":"ListItem","position":1,"name":"Portada","item":"https:\/\/thehomecake.com\/"},{"@type":"ListItem","position":2,"name":"Listing by IDs Module"}]},{"@type":"WebSite","@id":"https:\/\/thehomecake.com\/#website","url":"https:\/\/thehomecake.com\/","name":"The Home Cake","description":"Meno algoritmi. Pi\u00f9 senso comune. Non era cos\u00ec difficile.","publisher":{"@id":"https:\/\/thehomecake.com\/#organization"},"potentialAction":[{"@type":"SearchAction","target":{"@type":"EntryPoint","urlTemplate":"https:\/\/thehomecake.com\/?s={search_term_string}"},"query-input":{"@type":"PropertyValueSpecification","valueRequired":true,"valueName":"search_term_string"}}],"inLanguage":"it-IT"},{"@type":"Organization","@id":"https:\/\/thehomecake.com\/#organization","name":"The Home Cake","url":"https:\/\/thehomecake.com\/","logo":{"@type":"ImageObject","inLanguage":"it-IT","@id":"https:\/\/thehomecake.com\/#\/schema\/logo\/image\/","url":"https:\/\/mlanqvojypo1.i.optimole.com\/w:1920\/h:525\/q:mauto\/f:best\/https:\/\/thehomecake.com\/wp-content\/uploads\/2025\/08\/LOGO_HORIZONTAL_BLANCO-scaled.png","contentUrl":"https:\/\/mlanqvojypo1.i.optimole.com\/w:1920\/h:525\/q:mauto\/f:best\/https:\/\/thehomecake.com\/wp-content\/uploads\/2025\/08\/LOGO_HORIZONTAL_BLANCO-scaled.png","width":2560,"height":701,"caption":"The Home Cake"},"image":{"@id":"https:\/\/thehomecake.com\/#\/schema\/logo\/image\/"}}]}},"_links":{"self":[{"href":"https:\/\/thehomecake.com\/it\/wp-json\/wp\/v2\/pages\/1109","targetHints":{"allow":["GET"]}}],"collection":[{"href":"https:\/\/thehomecake.com\/it\/wp-json\/wp\/v2\/pages"}],"about":[{"href":"https:\/\/thehomecake.com\/it\/wp-json\/wp\/v2\/types\/page"}],"author":[{"embeddable":true,"href":"https:\/\/thehomecake.com\/it\/wp-json\/wp\/v2\/users\/92"}],"replies":[{"embeddable":true,"href":"https:\/\/thehomecake.com\/it\/wp-json\/wp\/v2\/comments?post=1109"}],"version-history":[{"count":2,"href":"https:\/\/thehomecake.com\/it\/wp-json\/wp\/v2\/pages\/1109\/revisions"}],"predecessor-version":[{"id":5048,"href":"https:\/\/thehomecake.com\/it\/wp-json\/wp\/v2\/pages\/1109\/revisions\/5048"}],"wp:attachment":[{"href":"https:\/\/thehomecake.com\/it\/wp-json\/wp\/v2\/media?parent=1109"}],"curies":[{"name":"wp","href":"https:\/\/api.w.org\/{rel}","templated":true}]}}