{"id":6271,"date":"2025-09-25T10:35:55","date_gmt":"2025-09-25T08:35:55","guid":{"rendered":"https:\/\/thehomecake.com\/?page_id=6271"},"modified":"2026-02-17T10:59:41","modified_gmt":"2026-02-17T09:59:41","slug":"make-your-list-shine","status":"publish","type":"page","link":"https:\/\/thehomecake.com\/it\/help\/for-hosts\/make-your-list-shine\/","title":{"rendered":"Fate brillare la vostra lista"},"content":{"rendered":"<div data-elementor-type=\"wp-page\" data-elementor-id=\"6271\" class=\"elementor elementor-6271\" data-elementor-post-type=\"page\">\n\t\t\t\t<div class=\"elementor-element elementor-element-ce7b93f e-flex e-con-boxed e-con e-parent\" data-id=\"ce7b93f\" data-element_type=\"container\" data-e-type=\"container\">\n\t\t\t\t\t<div class=\"e-con-inner\">\n\t\t<div class=\"elementor-element elementor-element-3931fa9 e-con-full e-flex e-con e-child\" data-id=\"3931fa9\" data-element_type=\"container\" data-e-type=\"container\" data-settings=\"{&quot;background_background&quot;:&quot;classic&quot;}\">\n\t\t\t\t<div class=\"elementor-element elementor-element-07ccf5b elementor-widget elementor-widget-heading\" data-id=\"07ccf5b\" data-element_type=\"widget\" data-e-type=\"widget\" data-widget_type=\"heading.default\">\n\t\t\t\t\t<h1 class=\"elementor-heading-title elementor-size-default\">Make your listing stand out<\/h1>\t\t\t\t<\/div>\n\t\t\t\t<div class=\"elementor-element elementor-element-f1487a3 elementor-widget elementor-widget-text-editor\" data-id=\"f1487a3\" data-element_type=\"widget\" data-e-type=\"widget\" data-widget_type=\"text-editor.default\">\n\t\t\t\t\t\t\t\t\t<p>At The Home Cake, your listing&#8217;s visibility is based on the quality of the information and the host&#8217;s professionalism, not on commissions or unpredictable algorithms. Travelers value transparency and look for legal, well-presented, and clearly managed tourist accommodations.<\/p>\t\t\t\t\t\t\t\t<\/div>\n\t\t\t\t<\/div>\n\t\t\t\t\t<\/div>\n\t\t\t\t<\/div>\n\t\t<div class=\"elementor-element elementor-element-6fea38e e-flex e-con-boxed e-con e-parent\" data-id=\"6fea38e\" data-element_type=\"container\" data-e-type=\"container\">\n\t\t\t\t\t<div class=\"e-con-inner\">\n\t\t\t\t<div class=\"elementor-element elementor-element-95ac82d elementor-widget elementor-widget-text-editor\" data-id=\"95ac82d\" data-element_type=\"widget\" data-e-type=\"widget\" data-widget_type=\"text-editor.default\">\n\t\t\t\t\t\t\t\t\t<p><strong>\u279c A well-crafted listing attracts better bookings.<\/strong><\/p>\t\t\t\t\t\t\t\t<\/div>\n\t\t<div class=\"elementor-element elementor-element-a3a1f4e e-con-full e-flex e-con e-child\" data-id=\"a3a1f4e\" data-element_type=\"container\" data-e-type=\"container\" data-settings=\"{&quot;background_background&quot;:&quot;classic&quot;}\">\n\t\t\t\t<div class=\"elementor-element elementor-element-849fa09 elementor-widget elementor-widget-heading\" data-id=\"849fa09\" data-element_type=\"widget\" data-e-type=\"widget\" data-widget_type=\"heading.default\">\n\t\t\t\t\t<h3 class=\"elementor-heading-title elementor-size-default\">A complete and honest listing not only receives more views, but also connects with travelers who are a better fit for your accommodation. To stand out, it's important to focus on:<\/h3>\t\t\t\t<\/div>\n\t\t\t\t<div class=\"elementor-element elementor-element-9dd4b09 elementor-widget elementor-widget-text-editor\" data-id=\"9dd4b09\" data-element_type=\"widget\" data-e-type=\"widget\" data-widget_type=\"text-editor.default\">\n\t\t\t\t\t\t\t\t\t<ul><li>Real, high-quality photos<\/li><li>Clear and detailed descriptions<\/li><li>Accurate information about rules, amenities, and surroundings<\/li><li>A clearly defined calendar and pricing.<\/li><\/ul>\t\t\t\t\t\t\t\t<\/div>\n\t\t\t\t<div class=\"elementor-element elementor-element-431b253 elementor-widget elementor-widget-heading\" data-id=\"431b253\" data-element_type=\"widget\" data-e-type=\"widget\" data-widget_type=\"heading.default\">\n\t\t\t\t\t<h4 class=\"elementor-heading-title elementor-size-default\">These elements increase traveler confidence and improve your accommodation's visibility.<\/h4>\t\t\t\t<\/div>\n\t\t\t\t<\/div>\n\t\t\t\t\t<\/div>\n\t\t\t\t<\/div>\n\t\t<div class=\"elementor-element elementor-element-d5425c3 e-flex e-con-boxed e-con e-parent\" data-id=\"d5425c3\" data-element_type=\"container\" data-e-type=\"container\">\n\t\t\t\t\t<div class=\"e-con-inner\">\n\t\t\t\t<div class=\"elementor-element elementor-element-5b69ca9 elementor-widget elementor-widget-text-editor\" data-id=\"5b69ca9\" data-element_type=\"widget\" data-e-type=\"widget\" data-widget_type=\"text-editor.default\">\n\t\t\t\t\t\t\t\t\t<p><strong>\u279c Visibility based on clear criteria.<\/strong><\/p>\t\t\t\t\t\t\t\t<\/div>\n\t\t<div class=\"elementor-element elementor-element-7d8c5e0 e-con-full e-flex e-con e-child\" data-id=\"7d8c5e0\" data-element_type=\"container\" data-e-type=\"container\" data-settings=\"{&quot;background_background&quot;:&quot;classic&quot;}\">\n\t\t\t\t<div class=\"elementor-element elementor-element-ccf4f0b elementor-widget elementor-widget-heading\" data-id=\"ccf4f0b\" data-element_type=\"widget\" data-e-type=\"widget\" data-widget_type=\"heading.default\">\n\t\t\t\t\t<h3 class=\"elementor-heading-title elementor-size-default\">The display of accommodations on The Home Cake is based on clear and consistent criteria:<\/h3>\t\t\t\t<\/div>\n\t\t\t\t<div class=\"elementor-element elementor-element-65a387b elementor-widget elementor-widget-text-editor\" data-id=\"65a387b\" data-element_type=\"widget\" data-e-type=\"widget\" data-widget_type=\"text-editor.default\">\n\t\t\t\t\t\t\t\t\t<ul><li>Legality of the accommodation<\/li><li>Quality and clarity of the listing<\/li><li>Chosen visibility plan<\/li><\/ul>\t\t\t\t\t\t\t\t<\/div>\n\t\t\t\t<div class=\"elementor-element elementor-element-46cbfd5 elementor-widget elementor-widget-heading\" data-id=\"46cbfd5\" data-element_type=\"widget\" data-e-type=\"widget\" data-widget_type=\"heading.default\">\n\t\t\t\t\t<h4 class=\"elementor-heading-title elementor-size-default\">This way you always know why your accommodation is being displayed and how you can improve its performance.<\/h4>\t\t\t\t<\/div>\n\t\t\t\t<\/div>\n\t\t\t\t\t<\/div>\n\t\t\t\t<\/div>\n\t\t<div class=\"elementor-element elementor-element-f2adac4 e-flex e-con-boxed e-con e-parent\" data-id=\"f2adac4\" data-element_type=\"container\" data-e-type=\"container\" data-settings=\"{&quot;background_background&quot;:&quot;classic&quot;}\">\n\t\t\t\t\t<div class=\"e-con-inner\">\n\t\t<div class=\"elementor-element elementor-element-fb8badc e-con-full e-flex e-con e-child\" data-id=\"fb8badc\" data-element_type=\"container\" data-e-type=\"container\" data-settings=\"{&quot;background_background&quot;:&quot;classic&quot;}\">\n\t\t\t\t<div class=\"elementor-element elementor-element-7c6c350 elementor-widget elementor-widget-heading\" data-id=\"7c6c350\" data-element_type=\"widget\" data-e-type=\"widget\" data-widget_type=\"heading.default\">\n\t\t\t\t\t<h2 class=\"elementor-heading-title elementor-size-default\">Designed for professional hosts<\/h2>\t\t\t\t<\/div>\n\t\t\t\t<div class=\"elementor-element elementor-element-6d04862 elementor-widget elementor-widget-text-editor\" data-id=\"6d04862\" data-element_type=\"widget\" data-e-type=\"widget\" data-widget_type=\"text-editor.default\">\n\t\t\t\t\t\t\t\t\t<p>The Home Cake is geared towards owners and managers looking for a platform without intermediaries<br \/>and without booking fees. Here, the competition isn&#8217;t on price, but on trust, information, and<br \/>professionalism.<\/p>\t\t\t\t\t\t\t\t<\/div>\n\t\t\t\t<\/div>\n\t\t\t\t\t<\/div>\n\t\t\t\t<\/div>\n\t\t<div class=\"elementor-element elementor-element-2313a18 e-flex e-con-boxed e-con e-parent\" data-id=\"2313a18\" data-element_type=\"container\" data-e-type=\"container\">\n\t\t\t\t\t<div class=\"e-con-inner\">\n\t\t<div class=\"elementor-element elementor-element-af77e7e e-con-full e-flex e-con e-child\" data-id=\"af77e7e\" data-element_type=\"container\" data-e-type=\"container\" data-settings=\"{&quot;background_background&quot;:&quot;classic&quot;}\">\n\t\t\t\t<div class=\"elementor-element elementor-element-ebde6f4 elementor-widget elementor-widget-heading\" data-id=\"ebde6f4\" data-element_type=\"widget\" data-e-type=\"widget\" data-widget_type=\"heading.default\">\n\t\t\t\t\t<h1 class=\"elementor-heading-title elementor-size-default\">More control, better results<\/h1>\t\t\t\t<\/div>\n\t\t\t\t<div class=\"elementor-element elementor-element-4ae0f66 elementor-widget elementor-widget-text-editor\" data-id=\"4ae0f66\" data-element_type=\"widget\" data-e-type=\"widget\" data-widget_type=\"text-editor.default\">\n\t\t\t\t\t\t\t\t\t<p>You decide how you present your accommodation and what type of travelers you want to attract. The platform gives you visibility and space; control always remains with the host.<\/p>\t\t\t\t\t\t\t\t<\/div>\n\t\t\t\t<div class=\"elementor-element elementor-element-c686e95 elementor-align-left btn-block elementor-widget elementor-widget-button\" data-id=\"c686e95\" data-element_type=\"widget\" data-e-type=\"widget\" data-widget_type=\"button.default\">\n\t\t\t\t\t\t\t\t\t\t<a class=\"elementor-button elementor-button-link elementor-size-sm\" href=\"https:\/\/thehomecake.com\/it\/appartenenza\/\">\n\t\t\t\t\t\t<span class=\"elementor-button-content-wrapper\">\n\t\t\t\t\t\t\t\t\t<span class=\"elementor-button-text\">Scegliete oggi il vostro piano e unitevi a The Home Cake.<\/span>\n\t\t\t\t\t<\/span>\n\t\t\t\t\t<\/a>\n\t\t\t\t\t\t\t\t<\/div>\n\t\t\t\t<\/div>\n\t\t\t\t\t<\/div>\n\t\t\t\t<\/div>\n\t\t<div class=\"elementor-element elementor-element-df7e0dd e-flex e-con-boxed e-con e-parent\" data-id=\"df7e0dd\" data-element_type=\"container\" data-e-type=\"container\">\n\t\t\t\t\t<div class=\"e-con-inner\">\n\t\t\t\t<div class=\"elementor-element elementor-element-3f1db36 elementor-widget elementor-widget-spacer\" data-id=\"3f1db36\" data-element_type=\"widget\" data-e-type=\"widget\" data-widget_type=\"spacer.default\">\n\t\t\t\t\t\t\t<div class=\"elementor-spacer\">\n\t\t\t<div class=\"elementor-spacer-inner\"><\/div>\n\t\t<\/div>\n\t\t\t\t\t\t<\/div>\n\t\t\t\t\t<\/div>\n\t\t\t\t<\/div>\n\t\t\t\t<\/div>","protected":false},"excerpt":{"rendered":"<p>Make your listing stand out At The Home Cake, your listing&#8217;s visibility is based on the quality of the information and the host&#8217;s professionalism, not on commissions or unpredictable algorithms. Travelers value transparency and look for legal, well-presented, and clearly managed tourist accommodations. \u279c A well-crafted listing attracts better bookings. A complete and honest listing [&hellip;]<\/p>\n","protected":false},"author":92,"featured_media":0,"parent":6266,"menu_order":0,"comment_status":"closed","ping_status":"closed","template":"elementor_header_footer","meta":{"_acf_changed":false,"footnotes":""},"class_list":["post-6271","page","type-page","status-publish","hentry"],"acf":[],"yoast_head":"<!-- This site is optimized with the Yoast SEO Premium plugin v26.9 (Yoast SEO v27.0) - https:\/\/yoast.com\/product\/yoast-seo-premium-wordpress\/ -->\n<title>Make your list shine | The Home Cake<\/title>\n<meta name=\"robots\" content=\"index, follow, max-snippet:-1, max-image-preview:large, max-video-preview:-1\" \/>\n<link rel=\"canonical\" href=\"https:\/\/thehomecake.com\/it\/aiuto\/per-gli-host\/make-your-list-shine\/\" \/>\n<meta property=\"og:locale\" content=\"it_IT\" \/>\n<meta property=\"og:type\" content=\"article\" \/>\n<meta property=\"og:title\" content=\"Make your list shine\" \/>\n<meta property=\"og:description\" content=\"Make your listing stand out At The Home Cake, your listing&#8217;s visibility is based on the quality of the information and the host&#8217;s professionalism, not on commissions or unpredictable algorithms. Travelers value transparency and look for legal, well-presented, and clearly managed tourist accommodations. \u279c A well-crafted listing attracts better bookings. A complete and honest listing [&hellip;]\" \/>\n<meta property=\"og:url\" content=\"https:\/\/thehomecake.com\/it\/aiuto\/per-gli-host\/make-your-list-shine\/\" \/>\n<meta property=\"og:site_name\" content=\"The Home Cake\" \/>\n<meta property=\"article:modified_time\" content=\"2026-02-17T09:59:41+00:00\" \/>\n<meta property=\"og:image\" content=\"https:\/\/mlanqvojypo1.i.optimole.com\/w:auto\/h:auto\/q:mauto\/f:best\/https:\/\/thehomecake.com\/wp-content\/uploads\/2025\/08\/LOGO_HORIZONTAL_BLANCO-scaled.png\" \/>\n\t<meta property=\"og:image:width\" content=\"2560\" \/>\n\t<meta property=\"og:image:height\" content=\"701\" \/>\n\t<meta property=\"og:image:type\" content=\"image\/png\" \/>\n<meta name=\"twitter:card\" content=\"summary_large_image\" \/>\n<meta name=\"twitter:label1\" content=\"Tempo di lettura stimato\" \/>\n\t<meta name=\"twitter:data1\" content=\"2 minuti\" \/>\n<script type=\"application\/ld+json\" class=\"yoast-schema-graph\">{\"@context\":\"https:\/\/schema.org\",\"@graph\":[{\"@type\":\"WebPage\",\"@id\":\"https:\/\/thehomecake.com\/help\/for-hosts\/make-your-list-shine\/\",\"url\":\"https:\/\/thehomecake.com\/help\/for-hosts\/make-your-list-shine\/\",\"name\":\"Make your list shine | The Home Cake\",\"isPartOf\":{\"@id\":\"https:\/\/thehomecake.com\/#website\"},\"datePublished\":\"2025-09-25T08:35:55+00:00\",\"dateModified\":\"2026-02-17T09:59:41+00:00\",\"breadcrumb\":{\"@id\":\"https:\/\/thehomecake.com\/help\/for-hosts\/make-your-list-shine\/#breadcrumb\"},\"inLanguage\":\"it-IT\",\"potentialAction\":[{\"@type\":\"ReadAction\",\"target\":[\"https:\/\/thehomecake.com\/help\/for-hosts\/make-your-list-shine\/\"]}]},{\"@type\":\"BreadcrumbList\",\"@id\":\"https:\/\/thehomecake.com\/help\/for-hosts\/make-your-list-shine\/#breadcrumb\",\"itemListElement\":[{\"@type\":\"ListItem\",\"position\":1,\"name\":\"Portada\",\"item\":\"https:\/\/thehomecake.com\/\"},{\"@type\":\"ListItem\",\"position\":2,\"name\":\"Help\",\"item\":\"https:\/\/thehomecake.com\/help\/\"},{\"@type\":\"ListItem\",\"position\":3,\"name\":\"For Hosts\",\"item\":\"https:\/\/thehomecake.com\/help\/for-hosts\/\"},{\"@type\":\"ListItem\",\"position\":4,\"name\":\"Make your list shine\"}]},{\"@type\":\"WebSite\",\"@id\":\"https:\/\/thehomecake.com\/#website\",\"url\":\"https:\/\/thehomecake.com\/\",\"name\":\"The Home Cake\",\"description\":\"Menos algoritmos. M\u00e1s sentido com\u00fan. No era tan dif\u00edcil.\",\"publisher\":{\"@id\":\"https:\/\/thehomecake.com\/#organization\"},\"potentialAction\":[{\"@type\":\"SearchAction\",\"target\":{\"@type\":\"EntryPoint\",\"urlTemplate\":\"https:\/\/thehomecake.com\/?s={search_term_string}\"},\"query-input\":{\"@type\":\"PropertyValueSpecification\",\"valueRequired\":true,\"valueName\":\"search_term_string\"}}],\"inLanguage\":\"it-IT\"},{\"@type\":\"Organization\",\"@id\":\"https:\/\/thehomecake.com\/#organization\",\"name\":\"The Home Cake\",\"url\":\"https:\/\/thehomecake.com\/\",\"logo\":{\"@type\":\"ImageObject\",\"inLanguage\":\"it-IT\",\"@id\":\"https:\/\/thehomecake.com\/#\/schema\/logo\/image\/\",\"url\":\"https:\/\/mlanqvojypo1.i.optimole.com\/w:1920\/h:525\/q:mauto\/f:best\/https:\/\/thehomecake.com\/wp-content\/uploads\/2025\/08\/LOGO_HORIZONTAL_BLANCO-scaled.png\",\"contentUrl\":\"https:\/\/mlanqvojypo1.i.optimole.com\/w:1920\/h:525\/q:mauto\/f:best\/https:\/\/thehomecake.com\/wp-content\/uploads\/2025\/08\/LOGO_HORIZONTAL_BLANCO-scaled.png\",\"width\":2560,\"height\":701,\"caption\":\"The Home Cake\"},\"image\":{\"@id\":\"https:\/\/thehomecake.com\/#\/schema\/logo\/image\/\"}}]}<\/script>\n<!-- \/ Yoast SEO Premium plugin. -->","yoast_head_json":{"title":"Make your list shine | The Home Cake","robots":{"index":"index","follow":"follow","max-snippet":"max-snippet:-1","max-image-preview":"max-image-preview:large","max-video-preview":"max-video-preview:-1"},"canonical":"https:\/\/thehomecake.com\/it\/aiuto\/per-gli-host\/make-your-list-shine\/","og_locale":"it_IT","og_type":"article","og_title":"Make your list shine","og_description":"Make your listing stand out At The Home Cake, your listing&#8217;s visibility is based on the quality of the information and the host&#8217;s professionalism, not on commissions or unpredictable algorithms. Travelers value transparency and look for legal, well-presented, and clearly managed tourist accommodations. \u279c A well-crafted listing attracts better bookings. A complete and honest listing [&hellip;]","og_url":"https:\/\/thehomecake.com\/it\/aiuto\/per-gli-host\/make-your-list-shine\/","og_site_name":"The Home Cake","article_modified_time":"2026-02-17T09:59:41+00:00","og_image":[{"width":2560,"height":701,"url":"https:\/\/mlanqvojypo1.i.optimole.com\/w:auto\/h:auto\/q:mauto\/f:best\/https:\/\/thehomecake.com\/wp-content\/uploads\/2025\/08\/LOGO_HORIZONTAL_BLANCO-scaled.png","type":"image\/png"}],"twitter_card":"summary_large_image","twitter_misc":{"Tempo di lettura stimato":"2 minuti"},"schema":{"@context":"https:\/\/schema.org","@graph":[{"@type":"WebPage","@id":"https:\/\/thehomecake.com\/help\/for-hosts\/make-your-list-shine\/","url":"https:\/\/thehomecake.com\/help\/for-hosts\/make-your-list-shine\/","name":"Make your list shine | The Home Cake","isPartOf":{"@id":"https:\/\/thehomecake.com\/#website"},"datePublished":"2025-09-25T08:35:55+00:00","dateModified":"2026-02-17T09:59:41+00:00","breadcrumb":{"@id":"https:\/\/thehomecake.com\/help\/for-hosts\/make-your-list-shine\/#breadcrumb"},"inLanguage":"it-IT","potentialAction":[{"@type":"ReadAction","target":["https:\/\/thehomecake.com\/help\/for-hosts\/make-your-list-shine\/"]}]},{"@type":"BreadcrumbList","@id":"https:\/\/thehomecake.com\/help\/for-hosts\/make-your-list-shine\/#breadcrumb","itemListElement":[{"@type":"ListItem","position":1,"name":"Portada","item":"https:\/\/thehomecake.com\/"},{"@type":"ListItem","position":2,"name":"Help","item":"https:\/\/thehomecake.com\/help\/"},{"@type":"ListItem","position":3,"name":"For Hosts","item":"https:\/\/thehomecake.com\/help\/for-hosts\/"},{"@type":"ListItem","position":4,"name":"Make your list shine"}]},{"@type":"WebSite","@id":"https:\/\/thehomecake.com\/#website","url":"https:\/\/thehomecake.com\/","name":"The Home Cake","description":"Meno algoritmi. Pi\u00f9 senso comune. Non era cos\u00ec difficile.","publisher":{"@id":"https:\/\/thehomecake.com\/#organization"},"potentialAction":[{"@type":"SearchAction","target":{"@type":"EntryPoint","urlTemplate":"https:\/\/thehomecake.com\/?s={search_term_string}"},"query-input":{"@type":"PropertyValueSpecification","valueRequired":true,"valueName":"search_term_string"}}],"inLanguage":"it-IT"},{"@type":"Organization","@id":"https:\/\/thehomecake.com\/#organization","name":"The Home Cake","url":"https:\/\/thehomecake.com\/","logo":{"@type":"ImageObject","inLanguage":"it-IT","@id":"https:\/\/thehomecake.com\/#\/schema\/logo\/image\/","url":"https:\/\/mlanqvojypo1.i.optimole.com\/w:1920\/h:525\/q:mauto\/f:best\/https:\/\/thehomecake.com\/wp-content\/uploads\/2025\/08\/LOGO_HORIZONTAL_BLANCO-scaled.png","contentUrl":"https:\/\/mlanqvojypo1.i.optimole.com\/w:1920\/h:525\/q:mauto\/f:best\/https:\/\/thehomecake.com\/wp-content\/uploads\/2025\/08\/LOGO_HORIZONTAL_BLANCO-scaled.png","width":2560,"height":701,"caption":"The Home Cake"},"image":{"@id":"https:\/\/thehomecake.com\/#\/schema\/logo\/image\/"}}]}},"_links":{"self":[{"href":"https:\/\/thehomecake.com\/it\/wp-json\/wp\/v2\/pages\/6271","targetHints":{"allow":["GET"]}}],"collection":[{"href":"https:\/\/thehomecake.com\/it\/wp-json\/wp\/v2\/pages"}],"about":[{"href":"https:\/\/thehomecake.com\/it\/wp-json\/wp\/v2\/types\/page"}],"author":[{"embeddable":true,"href":"https:\/\/thehomecake.com\/it\/wp-json\/wp\/v2\/users\/92"}],"replies":[{"embeddable":true,"href":"https:\/\/thehomecake.com\/it\/wp-json\/wp\/v2\/comments?post=6271"}],"version-history":[{"count":34,"href":"https:\/\/thehomecake.com\/it\/wp-json\/wp\/v2\/pages\/6271\/revisions"}],"predecessor-version":[{"id":7133,"href":"https:\/\/thehomecake.com\/it\/wp-json\/wp\/v2\/pages\/6271\/revisions\/7133"}],"up":[{"embeddable":true,"href":"https:\/\/thehomecake.com\/it\/wp-json\/wp\/v2\/pages\/6266"}],"wp:attachment":[{"href":"https:\/\/thehomecake.com\/it\/wp-json\/wp\/v2\/media?parent=6271"}],"curies":[{"name":"wp","href":"https:\/\/api.w.org\/{rel}","templated":true}]}}