{"id":6275,"date":"2025-09-25T10:37:26","date_gmt":"2025-09-25T08:37:26","guid":{"rendered":"https:\/\/thehomecake.com\/?page_id=6275"},"modified":"2026-02-12T12:07:38","modified_gmt":"2026-02-12T11:07:38","slug":"guests-recommendation","status":"publish","type":"page","link":"https:\/\/thehomecake.com\/it\/help\/for-guests\/guests-recommendation\/","title":{"rendered":"Raccomandazione degli ospiti"},"content":{"rendered":"<div data-elementor-type=\"wp-page\" data-elementor-id=\"6275\" class=\"elementor elementor-6275\" data-elementor-post-type=\"page\">\n\t\t\t\t<div class=\"elementor-element elementor-element-43e4243 e-flex e-con-boxed e-con e-parent\" data-id=\"43e4243\" data-element_type=\"container\" data-e-type=\"container\">\n\t\t\t\t\t<div class=\"e-con-inner\">\n\t\t\t\t<div class=\"elementor-element elementor-element-4197d1e elementor-widget elementor-widget-text-editor\" data-id=\"4197d1e\" data-element_type=\"widget\" data-e-type=\"widget\" data-widget_type=\"text-editor.default\">\n\t\t\t\t\t\t\t\t\t<p>\u00a0<\/p><h1>Recommendations for Guests<\/h1><p>Traveling is much more than booking accommodation. At <strong>The Home Cake<\/strong>, we believe in a clear, responsible, and transparent way of traveling, where guests know exactly what they are booking and who they are dealing with.<\/p><p>These recommendations are designed to help you choose the best accommodation, enjoy your destination with peace of mind, and travel the right way.<\/p>\t\t\t\t\t\t\t\t<\/div>\n\t\t\t\t\t<\/div>\n\t\t\t\t<\/div>\n\t\t<div class=\"elementor-element elementor-element-d902e10 e-flex e-con-boxed e-con e-parent\" data-id=\"d902e10\" data-element_type=\"container\" data-e-type=\"container\">\n\t\t\t\t\t<div class=\"e-con-inner\">\n\t\t<div class=\"elementor-element elementor-element-53248c2 e-con-full e-flex e-con e-child\" data-id=\"53248c2\" data-element_type=\"container\" data-e-type=\"container\" data-settings=\"{&quot;background_background&quot;:&quot;classic&quot;}\">\n\t\t\t\t<div class=\"elementor-element elementor-element-45c9ad9 elementor-widget elementor-widget-text-editor\" data-id=\"45c9ad9\" data-element_type=\"widget\" data-e-type=\"widget\" data-widget_type=\"text-editor.default\">\n\t\t\t\t\t\t\t\t\t<h2>1. Always Choose Legal Tourist Accommodations<\/h2><p>One of the most important aspects when booking is ensuring that the accommodation complies with local regulations.<\/p><p>A <strong>The Home Cake<\/strong>, you&#8217;ll only find legal and registered tourist accommodations, which guarantees:<\/p><ul><li>Greater security during your stay<\/li><li>Clear and truthful information<\/li><li>Compliance with destination regulations<\/li><\/ul><p>Traveling in legal accommodations is a way to protect yourself as a guest and contribute to more responsible tourism.<\/p><h2>2. Carefully Read the Accommodation Description<\/h2><p>Before booking, take a few minutes to review the accommodation information:<\/p><ul><li>Actual capacity of the space<\/li><li>Layout of rooms and common areas<\/li><li>Location within the destination<\/li><li>Main services and features<\/li><\/ul><p>At The Home Cake, we are committed to clear and honest descriptions, without unrealistic promises or confusing information.<\/p><h2>3. Contact the Host Directly<\/h2><p>One of the great advantages of The Home Cake is the direct contact between guest and host.<\/p><p>We recommend:<\/p><ul><li>Resolving any doubts before booking<\/li><li>Confirming important details for your trip<\/li><li>Agreeing on terms transparently<\/li><\/ul><p>Direct communication builds trust and improves the experience for both parties.<\/p><h2>4. Consider the Destination and Type of Trip<\/h2><p>Not all accommodations are the same or suitable for the same type of trip. Before choosing, think about:<\/p><ul><li>Whether you&#8217;re looking for a city, coast, nature, or rural getaway<\/li><li>The length of your stay<\/li><li>The type of experience you want to have<\/li><\/ul><p>At The Home Cake, you can explore accommodations by destination, type, and experience, making it easier to make a more informed choice.<\/p><h2>5. Travel Responsibly<\/h2><p>Traveling well also means respecting the environment and the local community:<\/p><ul><li>Respect the accommodation&#8217;s rules<\/li><li>Treat the space as if it were your own home<\/li><li>Contribute to balanced and sustainable tourism<\/li><\/ul><p>Responsible tourism benefits travelers, hosts, and destinations.<\/p>\t\t\t\t\t\t\t\t<\/div>\n\t\t\t\t<\/div>\n\t\t\t\t\t<\/div>\n\t\t\t\t<\/div>\n\t\t<div class=\"elementor-element elementor-element-ead46fc e-flex e-con-boxed e-con e-parent\" data-id=\"ead46fc\" data-element_type=\"container\" data-e-type=\"container\">\n\t\t\t\t\t<div class=\"e-con-inner\">\n\t\t<div class=\"elementor-element elementor-element-c5d1829 e-grid e-con-full e-con e-child\" data-id=\"c5d1829\" data-element_type=\"container\" data-e-type=\"container\">\n\t\t\t\t<div class=\"elementor-element elementor-element-ad49e50 elementor-widget-mobile__width-initial elementor-widget elementor-widget-text-editor\" data-id=\"ad49e50\" data-element_type=\"widget\" data-e-type=\"widget\" data-widget_type=\"text-editor.default\">\n\t\t\t\t\t\t\t\t\t<h2>A Clearer Way to Travel<\/h2><p><strong>The Home Cake<\/strong> was created to offer travelers reliable, legal, and transparent tourist accommodations, without unnecessary intermediaries.<\/p><p>It\u2019s not just about booking \u2014 it\u2019s about traveling with confidence and knowing exactly how and where you\u2019ll be staying.<\/p><p><strong>Travel the right way.<\/strong><\/p>\t\t\t\t\t\t\t\t<\/div>\n\t\t<div class=\"elementor-element elementor-element-ccb6b96 e-flex e-con-boxed e-con e-child\" data-id=\"ccb6b96\" data-element_type=\"container\" data-e-type=\"container\">\n\t\t\t\t\t<div class=\"e-con-inner\">\n\t\t\t\t<div class=\"elementor-element elementor-element-bd2d9f3 elementor-widget elementor-widget-image\" data-id=\"bd2d9f3\" data-element_type=\"widget\" data-e-type=\"widget\" data-widget_type=\"image.default\">\n\t\t\t\t\t\t\t\t\t\t\t\t\t\t\t<img data-opt-id=1217943651  fetchpriority=\"high\" decoding=\"async\" width=\"842\" height=\"896\" src=\"https:\/\/mlanqvojypo1.i.optimole.com\/w:842\/h:896\/q:mauto\/f:best\/ig:avif\/https:\/\/thehomecake.com\/wp-content\/uploads\/2025\/09\/DIBUJO-VACACIONES-COLOR-USAR-ESTE.svg\" class=\"attachment-large size-large wp-image-5925\" alt=\"\" \/>\t\t\t\t\t\t\t\t\t\t\t\t\t\t\t<\/div>\n\t\t\t\t\t<\/div>\n\t\t\t\t<\/div>\n\t\t\t\t<\/div>\n\t\t\t\t\t<\/div>\n\t\t\t\t<\/div>\n\t\t\t\t<\/div>","protected":false},"excerpt":{"rendered":"<p>\u00a0 Recommendations for Guests Traveling is much more than booking accommodation. At The Home Cake, we believe in a clear, responsible, and transparent way of traveling, where guests know exactly what they are booking and who they are dealing with. These recommendations are designed to help you choose the best accommodation, enjoy your destination with [&hellip;]<\/p>\n","protected":false},"author":92,"featured_media":0,"parent":6274,"menu_order":0,"comment_status":"closed","ping_status":"closed","template":"elementor_header_footer","meta":{"_acf_changed":false,"footnotes":""},"class_list":["post-6275","page","type-page","status-publish","hentry"],"acf":[],"yoast_head":"<!-- This site is optimized with the Yoast SEO Premium plugin v26.9 (Yoast SEO v27.0) - https:\/\/yoast.com\/product\/yoast-seo-premium-wordpress\/ -->\n<title>Guests recommendation | The Home Cake<\/title>\n<meta name=\"robots\" content=\"index, follow, max-snippet:-1, max-image-preview:large, max-video-preview:-1\" \/>\n<link rel=\"canonical\" href=\"https:\/\/thehomecake.com\/it\/aiuto\/per-gli-ospiti\/guests-recommendation\/\" \/>\n<meta property=\"og:locale\" content=\"it_IT\" \/>\n<meta property=\"og:type\" content=\"article\" \/>\n<meta property=\"og:title\" content=\"Guests recommendation\" \/>\n<meta property=\"og:description\" content=\"\u00a0 Recommendations for Guests Traveling is much more than booking accommodation. At The Home Cake, we believe in a clear, responsible, and transparent way of traveling, where guests know exactly what they are booking and who they are dealing with. These recommendations are designed to help you choose the best accommodation, enjoy your destination with [&hellip;]\" \/>\n<meta property=\"og:url\" content=\"https:\/\/thehomecake.com\/it\/aiuto\/per-gli-ospiti\/guests-recommendation\/\" \/>\n<meta property=\"og:site_name\" content=\"The Home Cake\" \/>\n<meta property=\"article:modified_time\" content=\"2026-02-12T11:07:38+00:00\" \/>\n<meta property=\"og:image\" content=\"https:\/\/mlanqvojypo1.i.optimole.com\/w:auto\/h:auto\/q:mauto\/f:best\/https:\/\/thehomecake.com\/wp-content\/uploads\/2025\/08\/LOGO_HORIZONTAL_BLANCO-scaled.png\" \/>\n\t<meta property=\"og:image:width\" content=\"2560\" \/>\n\t<meta property=\"og:image:height\" content=\"701\" \/>\n\t<meta property=\"og:image:type\" content=\"image\/png\" \/>\n<meta name=\"twitter:card\" content=\"summary_large_image\" \/>\n<meta name=\"twitter:label1\" content=\"Tempo di lettura stimato\" \/>\n\t<meta name=\"twitter:data1\" content=\"2 minuti\" \/>\n<script type=\"application\/ld+json\" class=\"yoast-schema-graph\">{\"@context\":\"https:\/\/schema.org\",\"@graph\":[{\"@type\":\"WebPage\",\"@id\":\"https:\/\/thehomecake.com\/help\/for-guests\/guests-recommendation\/\",\"url\":\"https:\/\/thehomecake.com\/help\/for-guests\/guests-recommendation\/\",\"name\":\"Guests recommendation | The Home Cake\",\"isPartOf\":{\"@id\":\"https:\/\/thehomecake.com\/#website\"},\"primaryImageOfPage\":{\"@id\":\"https:\/\/thehomecake.com\/help\/for-guests\/guests-recommendation\/#primaryimage\"},\"image\":{\"@id\":\"https:\/\/thehomecake.com\/help\/for-guests\/guests-recommendation\/#primaryimage\"},\"thumbnailUrl\":\"https:\/\/mlanqvojypo1.i.optimole.com\/w:auto\/h:auto\/q:mauto\/f:best\/ig:avif\/https:\/\/thehomecake.com\/wp-content\/uploads\/2025\/09\/DIBUJO-VACACIONES-COLOR-USAR-ESTE.svg\",\"datePublished\":\"2025-09-25T08:37:26+00:00\",\"dateModified\":\"2026-02-12T11:07:38+00:00\",\"breadcrumb\":{\"@id\":\"https:\/\/thehomecake.com\/help\/for-guests\/guests-recommendation\/#breadcrumb\"},\"inLanguage\":\"it-IT\",\"potentialAction\":[{\"@type\":\"ReadAction\",\"target\":[\"https:\/\/thehomecake.com\/help\/for-guests\/guests-recommendation\/\"]}]},{\"@type\":\"ImageObject\",\"inLanguage\":\"it-IT\",\"@id\":\"https:\/\/thehomecake.com\/help\/for-guests\/guests-recommendation\/#primaryimage\",\"url\":\"https:\/\/mlanqvojypo1.i.optimole.com\/w:auto\/h:auto\/q:mauto\/f:best\/ig:avif\/https:\/\/thehomecake.com\/wp-content\/uploads\/2025\/09\/DIBUJO-VACACIONES-COLOR-USAR-ESTE.svg\",\"contentUrl\":\"https:\/\/mlanqvojypo1.i.optimole.com\/w:auto\/h:auto\/q:mauto\/f:best\/ig:avif\/https:\/\/thehomecake.com\/wp-content\/uploads\/2025\/09\/DIBUJO-VACACIONES-COLOR-USAR-ESTE.svg\"},{\"@type\":\"BreadcrumbList\",\"@id\":\"https:\/\/thehomecake.com\/help\/for-guests\/guests-recommendation\/#breadcrumb\",\"itemListElement\":[{\"@type\":\"ListItem\",\"position\":1,\"name\":\"Portada\",\"item\":\"https:\/\/thehomecake.com\/\"},{\"@type\":\"ListItem\",\"position\":2,\"name\":\"Help\",\"item\":\"https:\/\/thehomecake.com\/help\/\"},{\"@type\":\"ListItem\",\"position\":3,\"name\":\"For Guests\",\"item\":\"https:\/\/thehomecake.com\/help\/for-guests\/\"},{\"@type\":\"ListItem\",\"position\":4,\"name\":\"Guests recommendation\"}]},{\"@type\":\"WebSite\",\"@id\":\"https:\/\/thehomecake.com\/#website\",\"url\":\"https:\/\/thehomecake.com\/\",\"name\":\"The Home Cake\",\"description\":\"Menos algoritmos. M\u00e1s sentido com\u00fan. No era tan dif\u00edcil.\",\"publisher\":{\"@id\":\"https:\/\/thehomecake.com\/#organization\"},\"potentialAction\":[{\"@type\":\"SearchAction\",\"target\":{\"@type\":\"EntryPoint\",\"urlTemplate\":\"https:\/\/thehomecake.com\/?s={search_term_string}\"},\"query-input\":{\"@type\":\"PropertyValueSpecification\",\"valueRequired\":true,\"valueName\":\"search_term_string\"}}],\"inLanguage\":\"it-IT\"},{\"@type\":\"Organization\",\"@id\":\"https:\/\/thehomecake.com\/#organization\",\"name\":\"The Home Cake\",\"url\":\"https:\/\/thehomecake.com\/\",\"logo\":{\"@type\":\"ImageObject\",\"inLanguage\":\"it-IT\",\"@id\":\"https:\/\/thehomecake.com\/#\/schema\/logo\/image\/\",\"url\":\"https:\/\/mlanqvojypo1.i.optimole.com\/w:1920\/h:525\/q:mauto\/f:best\/https:\/\/thehomecake.com\/wp-content\/uploads\/2025\/08\/LOGO_HORIZONTAL_BLANCO-scaled.png\",\"contentUrl\":\"https:\/\/mlanqvojypo1.i.optimole.com\/w:1920\/h:525\/q:mauto\/f:best\/https:\/\/thehomecake.com\/wp-content\/uploads\/2025\/08\/LOGO_HORIZONTAL_BLANCO-scaled.png\",\"width\":2560,\"height\":701,\"caption\":\"The Home Cake\"},\"image\":{\"@id\":\"https:\/\/thehomecake.com\/#\/schema\/logo\/image\/\"}}]}<\/script>\n<!-- \/ Yoast SEO Premium plugin. -->","yoast_head_json":{"title":"Guests recommendation | The Home Cake","robots":{"index":"index","follow":"follow","max-snippet":"max-snippet:-1","max-image-preview":"max-image-preview:large","max-video-preview":"max-video-preview:-1"},"canonical":"https:\/\/thehomecake.com\/it\/aiuto\/per-gli-ospiti\/guests-recommendation\/","og_locale":"it_IT","og_type":"article","og_title":"Guests recommendation","og_description":"\u00a0 Recommendations for Guests Traveling is much more than booking accommodation. At The Home Cake, we believe in a clear, responsible, and transparent way of traveling, where guests know exactly what they are booking and who they are dealing with. These recommendations are designed to help you choose the best accommodation, enjoy your destination with [&hellip;]","og_url":"https:\/\/thehomecake.com\/it\/aiuto\/per-gli-ospiti\/guests-recommendation\/","og_site_name":"The Home Cake","article_modified_time":"2026-02-12T11:07:38+00:00","og_image":[{"width":2560,"height":701,"url":"https:\/\/mlanqvojypo1.i.optimole.com\/w:auto\/h:auto\/q:mauto\/f:best\/https:\/\/thehomecake.com\/wp-content\/uploads\/2025\/08\/LOGO_HORIZONTAL_BLANCO-scaled.png","type":"image\/png"}],"twitter_card":"summary_large_image","twitter_misc":{"Tempo di lettura stimato":"2 minuti"},"schema":{"@context":"https:\/\/schema.org","@graph":[{"@type":"WebPage","@id":"https:\/\/thehomecake.com\/help\/for-guests\/guests-recommendation\/","url":"https:\/\/thehomecake.com\/help\/for-guests\/guests-recommendation\/","name":"Guests recommendation | The Home Cake","isPartOf":{"@id":"https:\/\/thehomecake.com\/#website"},"primaryImageOfPage":{"@id":"https:\/\/thehomecake.com\/help\/for-guests\/guests-recommendation\/#primaryimage"},"image":{"@id":"https:\/\/thehomecake.com\/help\/for-guests\/guests-recommendation\/#primaryimage"},"thumbnailUrl":"https:\/\/mlanqvojypo1.i.optimole.com\/w:auto\/h:auto\/q:mauto\/f:best\/ig:avif\/https:\/\/thehomecake.com\/wp-content\/uploads\/2025\/09\/DIBUJO-VACACIONES-COLOR-USAR-ESTE.svg","datePublished":"2025-09-25T08:37:26+00:00","dateModified":"2026-02-12T11:07:38+00:00","breadcrumb":{"@id":"https:\/\/thehomecake.com\/help\/for-guests\/guests-recommendation\/#breadcrumb"},"inLanguage":"it-IT","potentialAction":[{"@type":"ReadAction","target":["https:\/\/thehomecake.com\/help\/for-guests\/guests-recommendation\/"]}]},{"@type":"ImageObject","inLanguage":"it-IT","@id":"https:\/\/thehomecake.com\/help\/for-guests\/guests-recommendation\/#primaryimage","url":"https:\/\/mlanqvojypo1.i.optimole.com\/w:auto\/h:auto\/q:mauto\/f:best\/ig:avif\/https:\/\/thehomecake.com\/wp-content\/uploads\/2025\/09\/DIBUJO-VACACIONES-COLOR-USAR-ESTE.svg","contentUrl":"https:\/\/mlanqvojypo1.i.optimole.com\/w:auto\/h:auto\/q:mauto\/f:best\/ig:avif\/https:\/\/thehomecake.com\/wp-content\/uploads\/2025\/09\/DIBUJO-VACACIONES-COLOR-USAR-ESTE.svg"},{"@type":"BreadcrumbList","@id":"https:\/\/thehomecake.com\/help\/for-guests\/guests-recommendation\/#breadcrumb","itemListElement":[{"@type":"ListItem","position":1,"name":"Portada","item":"https:\/\/thehomecake.com\/"},{"@type":"ListItem","position":2,"name":"Help","item":"https:\/\/thehomecake.com\/help\/"},{"@type":"ListItem","position":3,"name":"For Guests","item":"https:\/\/thehomecake.com\/help\/for-guests\/"},{"@type":"ListItem","position":4,"name":"Guests recommendation"}]},{"@type":"WebSite","@id":"https:\/\/thehomecake.com\/#website","url":"https:\/\/thehomecake.com\/","name":"The Home Cake","description":"Meno algoritmi. Pi\u00f9 senso comune. Non era cos\u00ec difficile.","publisher":{"@id":"https:\/\/thehomecake.com\/#organization"},"potentialAction":[{"@type":"SearchAction","target":{"@type":"EntryPoint","urlTemplate":"https:\/\/thehomecake.com\/?s={search_term_string}"},"query-input":{"@type":"PropertyValueSpecification","valueRequired":true,"valueName":"search_term_string"}}],"inLanguage":"it-IT"},{"@type":"Organization","@id":"https:\/\/thehomecake.com\/#organization","name":"The Home Cake","url":"https:\/\/thehomecake.com\/","logo":{"@type":"ImageObject","inLanguage":"it-IT","@id":"https:\/\/thehomecake.com\/#\/schema\/logo\/image\/","url":"https:\/\/mlanqvojypo1.i.optimole.com\/w:1920\/h:525\/q:mauto\/f:best\/https:\/\/thehomecake.com\/wp-content\/uploads\/2025\/08\/LOGO_HORIZONTAL_BLANCO-scaled.png","contentUrl":"https:\/\/mlanqvojypo1.i.optimole.com\/w:1920\/h:525\/q:mauto\/f:best\/https:\/\/thehomecake.com\/wp-content\/uploads\/2025\/08\/LOGO_HORIZONTAL_BLANCO-scaled.png","width":2560,"height":701,"caption":"The Home Cake"},"image":{"@id":"https:\/\/thehomecake.com\/#\/schema\/logo\/image\/"}}]}},"_links":{"self":[{"href":"https:\/\/thehomecake.com\/it\/wp-json\/wp\/v2\/pages\/6275","targetHints":{"allow":["GET"]}}],"collection":[{"href":"https:\/\/thehomecake.com\/it\/wp-json\/wp\/v2\/pages"}],"about":[{"href":"https:\/\/thehomecake.com\/it\/wp-json\/wp\/v2\/types\/page"}],"author":[{"embeddable":true,"href":"https:\/\/thehomecake.com\/it\/wp-json\/wp\/v2\/users\/92"}],"replies":[{"embeddable":true,"href":"https:\/\/thehomecake.com\/it\/wp-json\/wp\/v2\/comments?post=6275"}],"version-history":[{"count":43,"href":"https:\/\/thehomecake.com\/it\/wp-json\/wp\/v2\/pages\/6275\/revisions"}],"predecessor-version":[{"id":7028,"href":"https:\/\/thehomecake.com\/it\/wp-json\/wp\/v2\/pages\/6275\/revisions\/7028"}],"up":[{"embeddable":true,"href":"https:\/\/thehomecake.com\/it\/wp-json\/wp\/v2\/pages\/6274"}],"wp:attachment":[{"href":"https:\/\/thehomecake.com\/it\/wp-json\/wp\/v2\/media?parent=6275"}],"curies":[{"name":"wp","href":"https:\/\/api.w.org\/{rel}","templated":true}]}}