{"id":6280,"date":"2025-09-25T10:39:01","date_gmt":"2025-09-25T08:39:01","guid":{"rendered":"https:\/\/thehomecake.com\/?page_id=6280"},"modified":"2026-02-18T18:17:22","modified_gmt":"2026-02-18T17:17:22","slug":"consigli-di-sicurezza","status":"publish","type":"page","link":"https:\/\/thehomecake.com\/it\/help\/for-guests\/safety-tips\/","title":{"rendered":"Suggerimenti per la sicurezza"},"content":{"rendered":"<div data-elementor-type=\"wp-page\" data-elementor-id=\"6280\" class=\"elementor elementor-6280\" data-elementor-post-type=\"page\">\n\t\t\t\t<div class=\"elementor-element elementor-element-54adf84 e-flex e-con-boxed e-con e-parent\" data-id=\"54adf84\" data-element_type=\"container\" data-e-type=\"container\">\n\t\t\t\t\t<div class=\"e-con-inner\">\n\t\t\t\t<div class=\"elementor-element elementor-element-d33a6d1 elementor-widget elementor-widget-text-editor\" data-id=\"d33a6d1\" data-element_type=\"widget\" data-e-type=\"widget\" data-widget_type=\"text-editor.default\">\n\t\t\t\t\t\t\t\t\t<h1>Suggerimenti per la sicurezza<\/h1><h2>Buone pratiche per un'esperienza sicura e trasparente<\/h2><p>Questa sezione raccoglie raccomandazioni pratiche per i viaggiatori e gli host al fine di garantire un'esperienza sicura e trasparente su The Home Cake. L'obiettivo \u00e8 promuovere buone pratiche prima, durante e dopo ogni prenotazione.<\/p><h2>Consigli di sicurezza per i viaggiatori<\/h2><ul><li><strong>Rivedi le informazioni sull'annuncio:<\/strong> Prima di prenotare, esamina attentamente la descrizione dell'annuncio, le regole della casa, le foto e la posizione. Un annuncio completo e chiaro \u00e8 solitamente segno di un host attento.<\/li><li><strong>Comunica sempre attraverso la piattaforma:<\/strong> Utilizza i canali di comunicazione disponibili su The Home Cake per contattare l'host. Questo aiuta a mantenere un registro chiaro delle conversazioni e a ridurre gli equivoci.<\/li><li><strong>Chiarire le condizioni prima di prenotare:<\/strong> Poni al gestore qualsiasi domanda relativa agli orari, alle regole, ai servizi inclusi o alle politiche di cancellazione prima di confermare la tua prenotazione.<\/li><li><strong>Diffida delle offerte poco chiare:<\/strong> Se un'offerta sembra poco chiara o troppo bella per essere vera, prenditi il tempo necessario per verificare le informazioni prima di procedere.<\/li><li><strong>Proteggi i tuoi dati personali:<\/strong> Condividi solo le informazioni necessarie per gestire la prenotazione ed evita di fornire dati sensibili non essenziali.<\/li><\/ul><h2>Consigli per la sicurezza per gli host<\/h2><ul><li><strong>Pubblicare informazioni accurate e aggiornate:<\/strong> Assicurati che le informazioni del tuo annuncio siano accurate e sempre aggiornate: foto reali, descrizioni oneste, regole della casa chiare e disponibilit\u00e0 corretta.<\/li><li><strong>Comunicare le regole in anticipo:<\/strong> Indicate chiaramente le regole della casa e le condizioni di soggiorno per evitare conflitti durante la prenotazione o il soggiorno.<\/li><li><strong>Gestisci efficacemente la disponibilit\u00e0:<\/strong> Tieni il tuo calendario aggiornato, specialmente se utilizzi sistemi esterni di gestione delle prenotazioni (PMS), per evitare sovrapposizioni o prenotazioni duplicate.<\/li><li><strong>Concordare chiaramente sul metodo di pagamento:<\/strong> Definisci il metodo e i termini di pagamento con il viaggiatore prima di confermare la prenotazione. La trasparenza crea fiducia e riduce i problemi.<\/li><li><strong>Proteggi le tue informazioni personali:<\/strong> Non condividere informazioni personali o bancarie non necessarie alla gestione della prenotazione.<\/li><\/ul><h2>Raccomandazioni Generali<\/h2><ul><li><strong>Comunicazione chiara e rispettosa:<\/strong> Una comunicazione fluida e rispettosa tra viaggiatore e host \u00e8 il fondamento di un'esperienza sicura e soddisfacente.<\/li><li><strong>Agire in caso di comportamento sospetto:<\/strong> Se noti comportamenti che destano preoccupazione, evita di procedere con la prenotazione e contatta il team The Home Cake per ricevere indicazioni.<\/li><\/ul>\t\t\t\t\t\t\t\t<\/div>\n\t\t\t\t\t<\/div>\n\t\t\t\t<\/div>\n\t\t<div class=\"elementor-element elementor-element-74c92b3 e-flex e-con-boxed e-con e-parent\" data-id=\"74c92b3\" data-element_type=\"container\" data-e-type=\"container\">\n\t\t\t\t\t<div class=\"e-con-inner\">\n\t\t<div class=\"elementor-element elementor-element-8f22b74 e-con-full e-flex e-con e-child\" data-id=\"8f22b74\" data-element_type=\"container\" data-e-type=\"container\" data-settings=\"{&quot;background_background&quot;:&quot;classic&quot;}\">\n\t\t\t\t<div class=\"elementor-element elementor-element-10e4d60 elementor-widget elementor-widget-heading\" data-id=\"10e4d60\" data-element_type=\"widget\" data-e-type=\"widget\" data-widget_type=\"heading.default\">\n\t\t\t\t\t<h1 class=\"elementor-heading-title elementor-size-default\">Sicurezza e fiducia a The Home Cake<\/h1>\t\t\t\t<\/div>\n\t\t\t\t<div class=\"elementor-element elementor-element-3b52c89 elementor-widget elementor-widget-text-editor\" data-id=\"3b52c89\" data-element_type=\"widget\" data-e-type=\"widget\" data-widget_type=\"text-editor.default\">\n\t\t\t\t\t\t\t\t\t<p>The Home Cake promuove un ambiente basato su trasparenza, legalit\u00e0 e comunicazione diretta. Queste raccomandazioni contribuiscono a creare una comunit\u00e0 pi\u00f9 sicura sia per i viaggiatori che per gli host.<\/p>\t\t\t\t\t\t\t\t<\/div>\n\t\t\t\t<\/div>\n\t\t\t\t\t<\/div>\n\t\t\t\t<\/div>\n\t\t\t\t<\/div>","protected":false},"excerpt":{"rendered":"<p>Safety Tips Good practices for a safe and transparent experience This section brings together practical recommendations for travelers and hosts to enjoy a safe and transparent experience on The Home Cake. The goal is to promote good practices before, during, and after each booking. Safety Tips for Travelers Review the listing information: Before booking, carefully [&hellip;]<\/p>\n","protected":false},"author":92,"featured_media":0,"parent":6274,"menu_order":0,"comment_status":"closed","ping_status":"closed","template":"elementor_header_footer","meta":{"_acf_changed":false,"footnotes":""},"class_list":["post-6280","page","type-page","status-publish","hentry"],"acf":[],"yoast_head":"<!-- This site is optimized with the Yoast SEO Premium plugin v26.9 (Yoast SEO v27.0) - https:\/\/yoast.com\/product\/yoast-seo-premium-wordpress\/ -->\n<title>Safety Tips | The Home Cake<\/title>\n<meta name=\"robots\" content=\"index, follow, max-snippet:-1, max-image-preview:large, max-video-preview:-1\" \/>\n<link rel=\"canonical\" href=\"https:\/\/thehomecake.com\/it\/aiuto\/per-gli-ospiti\/consigli-di-sicurezza\/\" \/>\n<meta property=\"og:locale\" content=\"it_IT\" \/>\n<meta property=\"og:type\" content=\"article\" \/>\n<meta property=\"og:title\" content=\"Safety Tips\" \/>\n<meta property=\"og:description\" content=\"Safety Tips Good practices for a safe and transparent experience This section brings together practical recommendations for travelers and hosts to enjoy a safe and transparent experience on The Home Cake. The goal is to promote good practices before, during, and after each booking. Safety Tips for Travelers Review the listing information: Before booking, carefully [&hellip;]\" \/>\n<meta property=\"og:url\" content=\"https:\/\/thehomecake.com\/it\/aiuto\/per-gli-ospiti\/consigli-di-sicurezza\/\" \/>\n<meta property=\"og:site_name\" content=\"The Home Cake\" \/>\n<meta property=\"article:modified_time\" content=\"2026-02-18T17:17:22+00:00\" \/>\n<meta property=\"og:image\" content=\"https:\/\/mlanqvojypo1.i.optimole.com\/w:auto\/h:auto\/q:mauto\/f:best\/https:\/\/thehomecake.com\/wp-content\/uploads\/2025\/08\/LOGO_HORIZONTAL_BLANCO-scaled.png\" \/>\n\t<meta property=\"og:image:width\" content=\"2560\" \/>\n\t<meta property=\"og:image:height\" content=\"701\" \/>\n\t<meta property=\"og:image:type\" content=\"image\/png\" \/>\n<meta name=\"twitter:card\" content=\"summary_large_image\" \/>\n<meta name=\"twitter:label1\" content=\"Tempo di lettura stimato\" \/>\n\t<meta name=\"twitter:data1\" content=\"2 minuti\" \/>\n<script type=\"application\/ld+json\" class=\"yoast-schema-graph\">{\"@context\":\"https:\/\/schema.org\",\"@graph\":[{\"@type\":\"WebPage\",\"@id\":\"https:\/\/thehomecake.com\/help\/for-guests\/safety-tips\/\",\"url\":\"https:\/\/thehomecake.com\/help\/for-guests\/safety-tips\/\",\"name\":\"Safety Tips | The Home Cake\",\"isPartOf\":{\"@id\":\"https:\/\/thehomecake.com\/#website\"},\"datePublished\":\"2025-09-25T08:39:01+00:00\",\"dateModified\":\"2026-02-18T17:17:22+00:00\",\"breadcrumb\":{\"@id\":\"https:\/\/thehomecake.com\/help\/for-guests\/safety-tips\/#breadcrumb\"},\"inLanguage\":\"it-IT\",\"potentialAction\":[{\"@type\":\"ReadAction\",\"target\":[\"https:\/\/thehomecake.com\/help\/for-guests\/safety-tips\/\"]}]},{\"@type\":\"BreadcrumbList\",\"@id\":\"https:\/\/thehomecake.com\/help\/for-guests\/safety-tips\/#breadcrumb\",\"itemListElement\":[{\"@type\":\"ListItem\",\"position\":1,\"name\":\"Portada\",\"item\":\"https:\/\/thehomecake.com\/\"},{\"@type\":\"ListItem\",\"position\":2,\"name\":\"Help\",\"item\":\"https:\/\/thehomecake.com\/help\/\"},{\"@type\":\"ListItem\",\"position\":3,\"name\":\"For Guests\",\"item\":\"https:\/\/thehomecake.com\/help\/for-guests\/\"},{\"@type\":\"ListItem\",\"position\":4,\"name\":\"Safety Tips\"}]},{\"@type\":\"WebSite\",\"@id\":\"https:\/\/thehomecake.com\/#website\",\"url\":\"https:\/\/thehomecake.com\/\",\"name\":\"The Home Cake\",\"description\":\"Menos algoritmos. M\u00e1s sentido com\u00fan. No era tan dif\u00edcil.\",\"publisher\":{\"@id\":\"https:\/\/thehomecake.com\/#organization\"},\"potentialAction\":[{\"@type\":\"SearchAction\",\"target\":{\"@type\":\"EntryPoint\",\"urlTemplate\":\"https:\/\/thehomecake.com\/?s={search_term_string}\"},\"query-input\":{\"@type\":\"PropertyValueSpecification\",\"valueRequired\":true,\"valueName\":\"search_term_string\"}}],\"inLanguage\":\"it-IT\"},{\"@type\":\"Organization\",\"@id\":\"https:\/\/thehomecake.com\/#organization\",\"name\":\"The Home Cake\",\"url\":\"https:\/\/thehomecake.com\/\",\"logo\":{\"@type\":\"ImageObject\",\"inLanguage\":\"it-IT\",\"@id\":\"https:\/\/thehomecake.com\/#\/schema\/logo\/image\/\",\"url\":\"https:\/\/mlanqvojypo1.i.optimole.com\/w:1920\/h:525\/q:mauto\/f:best\/https:\/\/thehomecake.com\/wp-content\/uploads\/2025\/08\/LOGO_HORIZONTAL_BLANCO-scaled.png\",\"contentUrl\":\"https:\/\/mlanqvojypo1.i.optimole.com\/w:1920\/h:525\/q:mauto\/f:best\/https:\/\/thehomecake.com\/wp-content\/uploads\/2025\/08\/LOGO_HORIZONTAL_BLANCO-scaled.png\",\"width\":2560,\"height\":701,\"caption\":\"The Home Cake\"},\"image\":{\"@id\":\"https:\/\/thehomecake.com\/#\/schema\/logo\/image\/\"}}]}<\/script>\n<!-- \/ Yoast SEO Premium plugin. -->","yoast_head_json":{"title":"Consigli sulla sicurezza | The Home Cake","robots":{"index":"index","follow":"follow","max-snippet":"max-snippet:-1","max-image-preview":"max-image-preview:large","max-video-preview":"max-video-preview:-1"},"canonical":"https:\/\/thehomecake.com\/it\/aiuto\/per-gli-ospiti\/consigli-di-sicurezza\/","og_locale":"it_IT","og_type":"article","og_title":"Safety Tips","og_description":"Safety Tips Good practices for a safe and transparent experience This section brings together practical recommendations for travelers and hosts to enjoy a safe and transparent experience on The Home Cake. The goal is to promote good practices before, during, and after each booking. Safety Tips for Travelers Review the listing information: Before booking, carefully [&hellip;]","og_url":"https:\/\/thehomecake.com\/it\/aiuto\/per-gli-ospiti\/consigli-di-sicurezza\/","og_site_name":"The Home Cake","article_modified_time":"2026-02-18T17:17:22+00:00","og_image":[{"width":2560,"height":701,"url":"https:\/\/mlanqvojypo1.i.optimole.com\/w:auto\/h:auto\/q:mauto\/f:best\/https:\/\/thehomecake.com\/wp-content\/uploads\/2025\/08\/LOGO_HORIZONTAL_BLANCO-scaled.png","type":"image\/png"}],"twitter_card":"summary_large_image","twitter_misc":{"Tempo di lettura stimato":"2 minuti"},"schema":{"@context":"https:\/\/schema.org","@graph":[{"@type":"WebPage","@id":"https:\/\/thehomecake.com\/help\/for-guests\/safety-tips\/","url":"https:\/\/thehomecake.com\/help\/for-guests\/safety-tips\/","name":"Consigli sulla sicurezza | The Home Cake","isPartOf":{"@id":"https:\/\/thehomecake.com\/#website"},"datePublished":"2025-09-25T08:39:01+00:00","dateModified":"2026-02-18T17:17:22+00:00","breadcrumb":{"@id":"https:\/\/thehomecake.com\/help\/for-guests\/safety-tips\/#breadcrumb"},"inLanguage":"it-IT","potentialAction":[{"@type":"ReadAction","target":["https:\/\/thehomecake.com\/help\/for-guests\/safety-tips\/"]}]},{"@type":"BreadcrumbList","@id":"https:\/\/thehomecake.com\/help\/for-guests\/safety-tips\/#breadcrumb","itemListElement":[{"@type":"ListItem","position":1,"name":"Portada","item":"https:\/\/thehomecake.com\/"},{"@type":"ListItem","position":2,"name":"Help","item":"https:\/\/thehomecake.com\/help\/"},{"@type":"ListItem","position":3,"name":"For Guests","item":"https:\/\/thehomecake.com\/help\/for-guests\/"},{"@type":"ListItem","position":4,"name":"Safety Tips"}]},{"@type":"WebSite","@id":"https:\/\/thehomecake.com\/#website","url":"https:\/\/thehomecake.com\/","name":"The Home Cake","description":"Meno algoritmi. Pi\u00f9 senso comune. Non era cos\u00ec difficile.","publisher":{"@id":"https:\/\/thehomecake.com\/#organization"},"potentialAction":[{"@type":"SearchAction","target":{"@type":"EntryPoint","urlTemplate":"https:\/\/thehomecake.com\/?s={search_term_string}"},"query-input":{"@type":"PropertyValueSpecification","valueRequired":true,"valueName":"search_term_string"}}],"inLanguage":"it-IT"},{"@type":"Organization","@id":"https:\/\/thehomecake.com\/#organization","name":"The Home Cake","url":"https:\/\/thehomecake.com\/","logo":{"@type":"ImageObject","inLanguage":"it-IT","@id":"https:\/\/thehomecake.com\/#\/schema\/logo\/image\/","url":"https:\/\/mlanqvojypo1.i.optimole.com\/w:1920\/h:525\/q:mauto\/f:best\/https:\/\/thehomecake.com\/wp-content\/uploads\/2025\/08\/LOGO_HORIZONTAL_BLANCO-scaled.png","contentUrl":"https:\/\/mlanqvojypo1.i.optimole.com\/w:1920\/h:525\/q:mauto\/f:best\/https:\/\/thehomecake.com\/wp-content\/uploads\/2025\/08\/LOGO_HORIZONTAL_BLANCO-scaled.png","width":2560,"height":701,"caption":"The Home Cake"},"image":{"@id":"https:\/\/thehomecake.com\/#\/schema\/logo\/image\/"}}]}},"_links":{"self":[{"href":"https:\/\/thehomecake.com\/it\/wp-json\/wp\/v2\/pages\/6280","targetHints":{"allow":["GET"]}}],"collection":[{"href":"https:\/\/thehomecake.com\/it\/wp-json\/wp\/v2\/pages"}],"about":[{"href":"https:\/\/thehomecake.com\/it\/wp-json\/wp\/v2\/types\/page"}],"author":[{"embeddable":true,"href":"https:\/\/thehomecake.com\/it\/wp-json\/wp\/v2\/users\/92"}],"replies":[{"embeddable":true,"href":"https:\/\/thehomecake.com\/it\/wp-json\/wp\/v2\/comments?post=6280"}],"version-history":[{"count":10,"href":"https:\/\/thehomecake.com\/it\/wp-json\/wp\/v2\/pages\/6280\/revisions"}],"predecessor-version":[{"id":7248,"href":"https:\/\/thehomecake.com\/it\/wp-json\/wp\/v2\/pages\/6280\/revisions\/7248"}],"up":[{"embeddable":true,"href":"https:\/\/thehomecake.com\/it\/wp-json\/wp\/v2\/pages\/6274"}],"wp:attachment":[{"href":"https:\/\/thehomecake.com\/it\/wp-json\/wp\/v2\/media?parent=6280"}],"curies":[{"name":"wp","href":"https:\/\/api.w.org\/{rel}","templated":true}]}}