{"id":6453,"date":"2025-10-29T09:29:40","date_gmt":"2025-10-29T08:29:40","guid":{"rendered":"https:\/\/thehomecake.com\/?page_id=6453"},"modified":"2026-02-11T12:39:17","modified_gmt":"2026-02-11T11:39:17","slug":"cookie-policy","status":"publish","type":"page","link":"https:\/\/thehomecake.com\/it\/cookie-policy\/","title":{"rendered":"Informativa sui cookie"},"content":{"rendered":"<div data-elementor-type=\"wp-page\" data-elementor-id=\"6453\" class=\"elementor elementor-6453\" data-elementor-post-type=\"page\">\n\t\t\t\t<div class=\"elementor-element elementor-element-d5e0925 e-flex e-con-boxed e-con e-parent\" data-id=\"d5e0925\" data-element_type=\"container\" data-e-type=\"container\">\n\t\t\t\t\t<div class=\"e-con-inner\">\n\t\t\t\t<div class=\"elementor-element elementor-element-384eb12 elementor-widget elementor-widget-heading\" data-id=\"384eb12\" data-element_type=\"widget\" data-e-type=\"widget\" data-widget_type=\"heading.default\">\n\t\t\t\t\t<h1 class=\"elementor-heading-title elementor-size-default\">Politica sui cookie<\/h1>\t\t\t\t<\/div>\n\t\t\t\t<div class=\"elementor-element elementor-element-0eabd74 elementor-widget elementor-widget-text-editor\" data-id=\"0eabd74\" data-element_type=\"widget\" data-e-type=\"widget\" data-widget_type=\"text-editor.default\">\n\t\t\t\t\t\t\t\t\t\n  <h2>1. Cosa sono i cookie?<\/h2>\n  <p>I cookie sono piccoli file di testo che i siti web memorizzano sul vostro dispositivo (computer, tablet o smartphone) quando li visitate. Ci aiutano a riconoscere il vostro browser, a ricordare le vostre preferenze e a migliorare il funzionamento della nostra piattaforma per voi.<\/p>\n  <p>Alcuni cookie sono essenziali per il corretto funzionamento del sito, mentre altri ci aiutano ad analizzare l'utilizzo o a personalizzare la vostra esperienza.<\/p>\n\n  <h2>2. Perch\u00e9 utilizziamo i cookie<\/h2>\n  <p>Noi di The Home Cake utilizziamo i cookie per:<\/p>\n  <ul>\n    <li>Assicurarsi che il sito web venga caricato e funzioni correttamente.<\/li>\n    <li>Ricordare le preferenze di lingua e regione.<\/li>\n    <li>Migliorare la navigazione e le prestazioni delle pagine.<\/li>\n    <li>Capire come gli utenti interagiscono con il nostro sito (per scopi analitici).<\/li>\n    <li>Visualizzare contenuti pertinenti e, occasionalmente, materiale promozionale in linea con i vostri interessi.<\/li>\n  <\/ul>\n  <p>Non utilizziamo i cookie per raccogliere informazioni personali sensibili o per vendere dati a terzi.<\/p>\n\n  <h2>3. Tipi di cookie che utilizziamo<\/h2>\n\n  <h3>a. Cookie essenziali<\/h3>\n  <p>Sono necessari per il funzionamento della piattaforma. Consentono funzioni di base come la navigazione delle pagine, l'invio di moduli e l'accesso sicuro ad aree specifiche del sito.<\/p>\n\n  <h3>b. Cookie funzionali<\/h3>\n  <p>Ci permettono di ricordare le scelte dell'utente (come la lingua o il layout) per offrire un'esperienza di navigazione pi\u00f9 fluida.<\/p>\n\n  <h3>c. Cookie analitici<\/h3>\n  <p>Utilizzato per capire come i visitatori interagiscono con il nostro sito - ad esempio, quali pagine vengono visitate pi\u00f9 spesso o quanto tempo gli utenti rimangono. Utilizziamo strumenti di terze parti affidabili come Google Analytics per raccogliere questi dati in modo anonimo.<\/p>\n\n  <h3>d. Cookie di marketing (facoltativo)<\/h3>\n  <p>Questi cookie aiutano a personalizzare gli annunci o a monitorare l'efficacia delle campagne. Attualmente, The Home Cake utilizza un numero minimo o nullo di cookie di marketing, ma se verranno implementati, richiederanno sempre il consenso esplicito dell'utente.<\/p>\n\n  <h2>4. Gestione e disabilitazione dei cookie<\/h2>\n  <p>\u00c8 possibile controllare o eliminare i cookie in qualsiasi momento. La maggior parte dei browser consente di:<\/p>\n  <ul>\n    <li>Visualizzare i cookie memorizzati.<\/li>\n    <li>Bloccare tipi specifici di cookie.<\/li>\n    <li>Cancellare automaticamente i cookie alla chiusura del browser.<\/li>\n  <\/ul>\n\n  <p>Per regolare le impostazioni dei cookie, visitate la pagina di aiuto del vostro browser:<\/p>\n  <ul>\n    <li><a href=\"https:\/\/support.google.com\/chrome\/answer\/95647\" target=\"_blank\">Guida di Chrome<\/a><\/li>\n    <li><a href=\"https:\/\/support.mozilla.org\/en-US\/kb\/cookies-information-websites-store-on-your-computer\" target=\"_blank\">Guida di Firefox<\/a><\/li>\n    <li><a href=\"https:\/\/support.apple.com\/guide\/safari\/manage-cookies-and-website-data-sfri11471\/mac\" target=\"_blank\">Aiuto Safari<\/a><\/li>\n    <li><a href=\"https:\/\/support.microsoft.com\/en-us\/microsoft-edge\/delete-cookies-in-microsoft-edge-63947406-40ac-c3b8-57b9-2a946a29ae09\" target=\"_blank\">Aiuto sul bordo<\/a><\/li>\n  <\/ul>\n\n  <p>Si noti che la disabilitazione dei cookie pu\u00f2 influire sul funzionamento o sulla visualizzazione di alcune parti del sito web.<\/p>\n\n  <h2>5. Cookie di terze parti<\/h2>\n  <p>Alcuni cookie provengono da servizi di terze parti integrati nel nostro sito web, come ad esempio:<\/p>\n  <ul>\n    <li>Google Analytics (statistiche anonime di utilizzo)<\/li>\n    <li>Embed di YouTube o dei social media (quando si interagisce con contenuti esterni)<\/li>\n  <\/ul>\n  <p>Queste terze parti hanno le loro politiche sulla privacy e sui cookie, che vi invitiamo a consultare.<\/p>\n\n  <h2>6. Consenso<\/h2>\n  <p>Quando visitate per la prima volta il nostro sito, vedrete un banner di consenso ai cookie che vi permetter\u00e0 di:<\/p>\n  <ul>\n    <li>Accettare tutti i cookie,<\/li>\n    <li>Rifiutare i cookie non essenziali, oppure<\/li>\n    <li>Personalizzare le preferenze.<\/li>\n  <\/ul>\n  <p>Le vostre preferenze saranno memorizzate e potranno essere modificate in qualsiasi momento dalla sezione \"Impostazioni dei cookie\" in fondo alla pagina.<\/p>\n\n  <h2>7. Aggiornamenti di questa politica<\/h2>\n  <p>Potremmo aggiornare la presente Informativa sui cookie per riflettere i cambiamenti tecnologici, legislativi o le modalit\u00e0 di utilizzo dei cookie. La versione pi\u00f9 recente sar\u00e0 sempre disponibile su questa pagina.<\/p>\n  <p><strong>Ultimo aggiornamento:<\/strong> Ottobre 2025<\/p>\n\n  <div class=\"summary\">\n    <h2>\ud83d\udcec Contatto<\/h2>\n    <p>In caso di domande sull'utilizzo dei cookie, si prega di contattarci all'indirizzo:\n      <a href=\"mailto:support@thehomecake.com\">support@thehomecake.com<\/a>\n    <\/p>\n  <\/div>\t\t\t\t\t\t\t\t<\/div>\n\t\t\t\t\t<\/div>\n\t\t\t\t<\/div>\n\t\t\t\t<\/div>","protected":false},"excerpt":{"rendered":"<p>Cookies Policy 1. What are cookies? Cookies are small text files that websites store on your device (computer, tablet, or smartphone) when you visit them. They help us recognize your browser, remember your preferences, and improve how our platform works for you. Some cookies are essential for the site to function properly, while others help [&hellip;]<\/p>\n","protected":false},"author":92,"featured_media":0,"parent":0,"menu_order":0,"comment_status":"closed","ping_status":"closed","template":"elementor_header_footer","meta":{"_acf_changed":false,"footnotes":""},"class_list":["post-6453","page","type-page","status-publish","hentry"],"acf":[],"yoast_head":"<!-- This site is optimized with the Yoast SEO Premium plugin v26.9 (Yoast SEO v27.0) - https:\/\/yoast.com\/product\/yoast-seo-premium-wordpress\/ -->\n<title>Cookie Policy | The Home Cake<\/title>\n<meta name=\"robots\" content=\"index, follow, max-snippet:-1, max-image-preview:large, max-video-preview:-1\" \/>\n<link rel=\"canonical\" href=\"https:\/\/thehomecake.com\/it\/cookie-policy\/\" \/>\n<meta property=\"og:locale\" content=\"it_IT\" \/>\n<meta property=\"og:type\" content=\"article\" \/>\n<meta property=\"og:title\" content=\"Cookie Policy\" \/>\n<meta property=\"og:description\" content=\"Cookies Policy 1. What are cookies? Cookies are small text files that websites store on your device (computer, tablet, or smartphone) when you visit them. They help us recognize your browser, remember your preferences, and improve how our platform works for you. Some cookies are essential for the site to function properly, while others help [&hellip;]\" \/>\n<meta property=\"og:url\" content=\"https:\/\/thehomecake.com\/it\/cookie-policy\/\" \/>\n<meta property=\"og:site_name\" content=\"The Home Cake\" \/>\n<meta property=\"article:modified_time\" content=\"2026-02-11T11:39:17+00:00\" \/>\n<meta property=\"og:image\" content=\"https:\/\/mlanqvojypo1.i.optimole.com\/w:auto\/h:auto\/q:mauto\/f:best\/https:\/\/thehomecake.com\/wp-content\/uploads\/2025\/08\/LOGO_HORIZONTAL_BLANCO-scaled.png\" \/>\n\t<meta property=\"og:image:width\" content=\"2560\" \/>\n\t<meta property=\"og:image:height\" content=\"701\" \/>\n\t<meta property=\"og:image:type\" content=\"image\/png\" \/>\n<meta name=\"twitter:card\" content=\"summary_large_image\" \/>\n<meta name=\"twitter:label1\" content=\"Tempo di lettura stimato\" \/>\n\t<meta name=\"twitter:data1\" content=\"3 minuti\" \/>\n<script type=\"application\/ld+json\" class=\"yoast-schema-graph\">{\"@context\":\"https:\/\/schema.org\",\"@graph\":[{\"@type\":\"WebPage\",\"@id\":\"https:\/\/thehomecake.com\/cookie-policy\/\",\"url\":\"https:\/\/thehomecake.com\/cookie-policy\/\",\"name\":\"Cookie Policy | The Home Cake\",\"isPartOf\":{\"@id\":\"https:\/\/thehomecake.com\/#website\"},\"datePublished\":\"2025-10-29T08:29:40+00:00\",\"dateModified\":\"2026-02-11T11:39:17+00:00\",\"breadcrumb\":{\"@id\":\"https:\/\/thehomecake.com\/cookie-policy\/#breadcrumb\"},\"inLanguage\":\"it-IT\",\"potentialAction\":[{\"@type\":\"ReadAction\",\"target\":[\"https:\/\/thehomecake.com\/cookie-policy\/\"]}]},{\"@type\":\"BreadcrumbList\",\"@id\":\"https:\/\/thehomecake.com\/cookie-policy\/#breadcrumb\",\"itemListElement\":[{\"@type\":\"ListItem\",\"position\":1,\"name\":\"Portada\",\"item\":\"https:\/\/thehomecake.com\/\"},{\"@type\":\"ListItem\",\"position\":2,\"name\":\"Cookie Policy\"}]},{\"@type\":\"WebSite\",\"@id\":\"https:\/\/thehomecake.com\/#website\",\"url\":\"https:\/\/thehomecake.com\/\",\"name\":\"The Home Cake\",\"description\":\"Menos algoritmos. M\u00e1s sentido com\u00fan. No era tan dif\u00edcil.\",\"publisher\":{\"@id\":\"https:\/\/thehomecake.com\/#organization\"},\"potentialAction\":[{\"@type\":\"SearchAction\",\"target\":{\"@type\":\"EntryPoint\",\"urlTemplate\":\"https:\/\/thehomecake.com\/?s={search_term_string}\"},\"query-input\":{\"@type\":\"PropertyValueSpecification\",\"valueRequired\":true,\"valueName\":\"search_term_string\"}}],\"inLanguage\":\"it-IT\"},{\"@type\":\"Organization\",\"@id\":\"https:\/\/thehomecake.com\/#organization\",\"name\":\"The Home Cake\",\"url\":\"https:\/\/thehomecake.com\/\",\"logo\":{\"@type\":\"ImageObject\",\"inLanguage\":\"it-IT\",\"@id\":\"https:\/\/thehomecake.com\/#\/schema\/logo\/image\/\",\"url\":\"https:\/\/mlanqvojypo1.i.optimole.com\/w:1920\/h:525\/q:mauto\/f:best\/https:\/\/thehomecake.com\/wp-content\/uploads\/2025\/08\/LOGO_HORIZONTAL_BLANCO-scaled.png\",\"contentUrl\":\"https:\/\/mlanqvojypo1.i.optimole.com\/w:1920\/h:525\/q:mauto\/f:best\/https:\/\/thehomecake.com\/wp-content\/uploads\/2025\/08\/LOGO_HORIZONTAL_BLANCO-scaled.png\",\"width\":2560,\"height\":701,\"caption\":\"The Home Cake\"},\"image\":{\"@id\":\"https:\/\/thehomecake.com\/#\/schema\/logo\/image\/\"}}]}<\/script>\n<!-- \/ Yoast SEO Premium plugin. -->","yoast_head_json":{"title":"Cookie Policy | The Home Cake","robots":{"index":"index","follow":"follow","max-snippet":"max-snippet:-1","max-image-preview":"max-image-preview:large","max-video-preview":"max-video-preview:-1"},"canonical":"https:\/\/thehomecake.com\/it\/cookie-policy\/","og_locale":"it_IT","og_type":"article","og_title":"Cookie Policy","og_description":"Cookies Policy 1. What are cookies? Cookies are small text files that websites store on your device (computer, tablet, or smartphone) when you visit them. They help us recognize your browser, remember your preferences, and improve how our platform works for you. Some cookies are essential for the site to function properly, while others help [&hellip;]","og_url":"https:\/\/thehomecake.com\/it\/cookie-policy\/","og_site_name":"The Home Cake","article_modified_time":"2026-02-11T11:39:17+00:00","og_image":[{"width":2560,"height":701,"url":"https:\/\/mlanqvojypo1.i.optimole.com\/w:auto\/h:auto\/q:mauto\/f:best\/https:\/\/thehomecake.com\/wp-content\/uploads\/2025\/08\/LOGO_HORIZONTAL_BLANCO-scaled.png","type":"image\/png"}],"twitter_card":"summary_large_image","twitter_misc":{"Tempo di lettura stimato":"3 minuti"},"schema":{"@context":"https:\/\/schema.org","@graph":[{"@type":"WebPage","@id":"https:\/\/thehomecake.com\/cookie-policy\/","url":"https:\/\/thehomecake.com\/cookie-policy\/","name":"Cookie Policy | The Home Cake","isPartOf":{"@id":"https:\/\/thehomecake.com\/#website"},"datePublished":"2025-10-29T08:29:40+00:00","dateModified":"2026-02-11T11:39:17+00:00","breadcrumb":{"@id":"https:\/\/thehomecake.com\/cookie-policy\/#breadcrumb"},"inLanguage":"it-IT","potentialAction":[{"@type":"ReadAction","target":["https:\/\/thehomecake.com\/cookie-policy\/"]}]},{"@type":"BreadcrumbList","@id":"https:\/\/thehomecake.com\/cookie-policy\/#breadcrumb","itemListElement":[{"@type":"ListItem","position":1,"name":"Portada","item":"https:\/\/thehomecake.com\/"},{"@type":"ListItem","position":2,"name":"Cookie Policy"}]},{"@type":"WebSite","@id":"https:\/\/thehomecake.com\/#website","url":"https:\/\/thehomecake.com\/","name":"The Home Cake","description":"Meno algoritmi. Pi\u00f9 senso comune. Non era cos\u00ec difficile.","publisher":{"@id":"https:\/\/thehomecake.com\/#organization"},"potentialAction":[{"@type":"SearchAction","target":{"@type":"EntryPoint","urlTemplate":"https:\/\/thehomecake.com\/?s={search_term_string}"},"query-input":{"@type":"PropertyValueSpecification","valueRequired":true,"valueName":"search_term_string"}}],"inLanguage":"it-IT"},{"@type":"Organization","@id":"https:\/\/thehomecake.com\/#organization","name":"The Home Cake","url":"https:\/\/thehomecake.com\/","logo":{"@type":"ImageObject","inLanguage":"it-IT","@id":"https:\/\/thehomecake.com\/#\/schema\/logo\/image\/","url":"https:\/\/mlanqvojypo1.i.optimole.com\/w:1920\/h:525\/q:mauto\/f:best\/https:\/\/thehomecake.com\/wp-content\/uploads\/2025\/08\/LOGO_HORIZONTAL_BLANCO-scaled.png","contentUrl":"https:\/\/mlanqvojypo1.i.optimole.com\/w:1920\/h:525\/q:mauto\/f:best\/https:\/\/thehomecake.com\/wp-content\/uploads\/2025\/08\/LOGO_HORIZONTAL_BLANCO-scaled.png","width":2560,"height":701,"caption":"The Home Cake"},"image":{"@id":"https:\/\/thehomecake.com\/#\/schema\/logo\/image\/"}}]}},"_links":{"self":[{"href":"https:\/\/thehomecake.com\/it\/wp-json\/wp\/v2\/pages\/6453","targetHints":{"allow":["GET"]}}],"collection":[{"href":"https:\/\/thehomecake.com\/it\/wp-json\/wp\/v2\/pages"}],"about":[{"href":"https:\/\/thehomecake.com\/it\/wp-json\/wp\/v2\/types\/page"}],"author":[{"embeddable":true,"href":"https:\/\/thehomecake.com\/it\/wp-json\/wp\/v2\/users\/92"}],"replies":[{"embeddable":true,"href":"https:\/\/thehomecake.com\/it\/wp-json\/wp\/v2\/comments?post=6453"}],"version-history":[{"count":17,"href":"https:\/\/thehomecake.com\/it\/wp-json\/wp\/v2\/pages\/6453\/revisions"}],"predecessor-version":[{"id":6882,"href":"https:\/\/thehomecake.com\/it\/wp-json\/wp\/v2\/pages\/6453\/revisions\/6882"}],"wp:attachment":[{"href":"https:\/\/thehomecake.com\/it\/wp-json\/wp\/v2\/media?parent=6453"}],"curies":[{"name":"wp","href":"https:\/\/api.w.org\/{rel}","templated":true}]}}